{"id":850,"date":"2026-02-13T08:14:57","date_gmt":"2026-02-13T08:14:57","guid":{"rendered":"https:\/\/luyuemachinery.com\/?post_type=product&#038;p=850"},"modified":"2026-03-05T00:56:41","modified_gmt":"2026-03-05T00:56:41","slug":"1-5t-mini-excavator","status":"publish","type":"product","link":"https:\/\/luyuemachinery.com\/es\/product\/1-5t-mini-excavator\/","title":{"rendered":"Mini excavadora 1.5T LY-15"},"content":{"rendered":"<div style=\"overflow-x: auto; width: 100%;\">\n<table style=\"width: 100%; border-collapse: collapse;\">\n<tbody>\n<tr>\n<td width=\"838\">Art\u00edculo \/ Modelo<\/td>\n<td width=\"236\">HT15<\/td>\n<td width=\"197\">HT15-1<\/td>\n<td width=\"194\">HT15-2<\/td>\n<td width=\"307\">HT15-3<\/td>\n<td width=\"262\">HT15-4<\/td>\n<td width=\"194\">HT15-5<\/td>\n<td width=\"564\">Art\u00edculo \/ Modelo<\/td>\n<td width=\"214\">HT15-LI<\/td>\n<\/tr>\n<tr>\n<td width=\"838\">Peso del veh\u00edculo<\/td>\n<td width=\"236\">1500kg<\/td>\n<td width=\"197\">1500kg<\/td>\n<td width=\"194\">1500kg<\/td>\n<td width=\"307\">1500kg<\/td>\n<td width=\"262\">1500kg<\/td>\n<td width=\"194\">1500kg<\/td>\n<td width=\"564\">Peso operativo<\/td>\n<td width=\"214\">1500kg<\/td>\n<\/tr>\n<tr>\n<td width=\"838\">Capacidad de cubeta est\u00e1ndar<\/td>\n<td width=\"236\">0.04m3<\/td>\n<td width=\"197\">0.04m3<\/td>\n<td width=\"194\">0.04m3<\/td>\n<td width=\"307\">0.04m3<\/td>\n<td width=\"262\">0.04m3<\/td>\n<td width=\"194\">0.04m3<\/td>\n<td width=\"564\">Capacidad del cubo<\/td>\n<td width=\"214\">0.04m3<\/td>\n<\/tr>\n<tr>\n<td width=\"838\">Modelo de motor<\/td>\n<td width=\"236\">hecho<\/td>\n<td width=\"197\">Koop 192<\/td>\n<td width=\"194\">B&amp;S 25T2<\/td>\n<td width=\"307\">KOOP 292\/Rato<\/td>\n<td width=\"262\">Kubota D722<\/td>\n<td width=\"194\">B&amp;S 3864<\/td>\n<td width=\"564\">serie<\/td>\n<td width=\"214\">72V\/48V<\/td>\n<\/tr>\n<tr>\n<td width=\"838\">Potencia\/velocidad nominal<\/td>\n<td width=\"236\">7kw<\/td>\n<td width=\"197\">7kw<\/td>\n<td width=\"194\">10.2kw<\/td>\n<td width=\"307\">12kw<\/td>\n<td width=\"262\">12kw<\/td>\n<td width=\"194\">17.5kw<\/td>\n<td width=\"564\">potencia<\/td>\n<td width=\"214\">4kw<\/td>\n<\/tr>\n<tr>\n<td width=\"838\">Presi\u00f3n del sistema<\/td>\n<td width=\"236\">9MPa<\/td>\n<td width=\"197\">9MPa<\/td>\n<td width=\"194\">16 MPA<\/td>\n<td width=\"307\">16 MPA<\/td>\n<td width=\"262\">16 MPA<\/td>\n<td width=\"194\">16 MPA<\/td>\n<td width=\"564\">Voltaje de la bater\u00eda<\/td>\n<td width=\"214\">72V\/48V<\/td>\n<\/tr>\n<tr>\n<td width=\"838\">Velocidad rotativa<\/td>\n<td width=\"236\">11rmp<\/td>\n<td width=\"197\">11rmp<\/td>\n<td width=\"194\">11rmp<\/td>\n<td width=\"307\">11rmp<\/td>\n<td width=\"262\">11rmp<\/td>\n<td width=\"194\">11rmp<\/td>\n<td width=\"564\">Capacidad de la bater\u00eda<\/td>\n<td width=\"214\">135 ah<\/td>\n<\/tr>\n<tr>\n<td width=\"838\">\u00c1ngulo de escalada m\u00e1ximo<\/td>\n<td width=\"236\">35\u00b0<\/td>\n<td width=\"197\">35\u00b0<\/td>\n<td width=\"194\">35\u00b0<\/td>\n<td width=\"307\">35\u00b0<\/td>\n<td width=\"262\">35\u00b0<\/td>\n<td width=\"194\">35\u00b0<\/td>\n<td width=\"564\">Peso de la bater\u00eda<\/td>\n<td width=\"214\">100 kg\/pc<\/td>\n<\/tr>\n<tr>\n<td width=\"838\">Velocidad de marcha (alta\/baja velocidad)<\/td>\n<td width=\"236\">35km\/h<\/td>\n<td width=\"197\">35km\/h<\/td>\n<td width=\"194\">35km\/h<\/td>\n<td width=\"307\">35km\/h<\/td>\n<td width=\"262\">35km\/h<\/td>\n<td width=\"194\">35km\/h<\/td>\n<td width=\"564\">tiempo de trabajo<\/td>\n<td width=\"214\">&gt;15h<\/td>\n<\/tr>\n<tr>\n<td width=\"838\">Volumen del tanque de combustible<\/td>\n<td width=\"236\">18l<\/td>\n<td width=\"197\">18l<\/td>\n<td width=\"194\">18l<\/td>\n<td width=\"307\">18l<\/td>\n<td width=\"262\">18l<\/td>\n<td width=\"194\">18l<\/td>\n<td width=\"564\">Duraci\u00f3n de la pista<\/td>\n<td width=\"214\">1090<\/td>\n<\/tr>\n<tr>\n<td width=\"838\">Espacio de ruedas<\/td>\n<td width=\"236\">800mm<\/td>\n<td width=\"197\">800mm<\/td>\n<td width=\"194\">800mm<\/td>\n<td width=\"307\">800mm<\/td>\n<td width=\"262\">800mm<\/td>\n<td width=\"194\">800mm<\/td>\n<td width=\"564\">Distancia al suelo de la plataforma<\/td>\n<td width=\"214\">380<\/td>\n<\/tr>\n<tr>\n<td width=\"838\">Seguimiento total<\/td>\n<td width=\"236\">1220mm<\/td>\n<td width=\"197\">1220mm<\/td>\n<td width=\"194\">1220mm<\/td>\n<td width=\"307\">1220mm<\/td>\n<td width=\"262\">1220mm<\/td>\n<td width=\"194\">1220mm<\/td>\n<td width=\"564\">Radio oscilante trasero<\/td>\n<td width=\"214\">733<\/td>\n<\/tr>\n<tr>\n<td width=\"838\">Liquidaci\u00f3n de plataforma<\/td>\n<td width=\"236\">375 mm<\/td>\n<td width=\"197\">375 mm<\/td>\n<td width=\"194\">375 mm<\/td>\n<td width=\"307\">375 mm<\/td>\n<td width=\"262\">375 mm<\/td>\n<td width=\"194\">375 mm<\/td>\n<td width=\"564\">Ancho del chasis<\/td>\n<td width=\"214\">946<\/td>\n<\/tr>\n<tr>\n<td width=\"838\">Ancho del chasis<\/td>\n<td width=\"236\">980mm<\/td>\n<td width=\"197\">980mm<\/td>\n<td width=\"194\">980mm<\/td>\n<td width=\"307\">980mm<\/td>\n<td width=\"262\">980mm<\/td>\n<td width=\"194\">980mm<\/td>\n<td width=\"564\">Ancho de pista<\/td>\n<td width=\"214\">180<\/td>\n<\/tr>\n<tr>\n<td width=\"838\">Ancho de la pista<\/td>\n<td width=\"236\">180mm<\/td>\n<td width=\"197\">180mm<\/td>\n<td width=\"194\">180mm<\/td>\n<td width=\"307\">180mm<\/td>\n<td width=\"262\">180mm<\/td>\n<td width=\"194\">180mm<\/td>\n<td width=\"564\">Alto de la pista<\/td>\n<td width=\"214\">320<\/td>\n<\/tr>\n<tr>\n<td width=\"838\">Tierra m\u00e1xima<br \/>\nRadio de excavaci\u00f3n<\/td>\n<td width=\"236\">2900mm<\/td>\n<td width=\"197\">2900mm<\/td>\n<td width=\"194\">2900mm<\/td>\n<td width=\"307\">2900mm<\/td>\n<td width=\"262\">2900mm<\/td>\n<td width=\"194\">2900mm<\/td>\n<td width=\"564\">sobre de longitud<\/td>\n<td width=\"214\">2550<\/td>\n<\/tr>\n<tr>\n<td width=\"838\">Profundidad m\u00e1xima de excavaci\u00f3n<\/td>\n<td width=\"236\">1850mm<\/td>\n<td width=\"197\">1850mm<\/td>\n<td width=\"194\">1850mm<\/td>\n<td width=\"307\">1850mm<\/td>\n<td width=\"262\">1850mm<\/td>\n<td width=\"194\">1850mm<\/td>\n<td width=\"564\">Altura de la m\u00e1quina<\/td>\n<td width=\"214\">1330<\/td>\n<\/tr>\n<tr>\n<td width=\"838\">Altura m\u00e1xima de excavaci\u00f3n<\/td>\n<td width=\"236\">2450mm<\/td>\n<td width=\"197\">2450mm<\/td>\n<td width=\"194\">2450mm<\/td>\n<td width=\"307\">2450mm<\/td>\n<td width=\"262\">2450mm<\/td>\n<td width=\"194\">2450mm<\/td>\n<td width=\"564\">Radio de excavaci\u00f3n m\u00e1x.<\/td>\n<td width=\"214\">2400<\/td>\n<\/tr>\n<tr>\n<td width=\"838\">Altura m\u00e1xima de descarga<\/td>\n<td width=\"236\">1850mm<\/td>\n<td width=\"197\">1850mm<\/td>\n<td width=\"194\">1850mm<\/td>\n<td width=\"307\">1850mm<\/td>\n<td width=\"262\">1850mm<\/td>\n<td width=\"194\">1850mm<\/td>\n<td width=\"564\">Profundidad de excavaci\u00f3n m\u00e1xima<\/td>\n<td width=\"214\">1650<\/td>\n<\/tr>\n<tr>\n<td width=\"838\">Profundidad m\u00e1xima de excavadora vertical<\/td>\n<td width=\"236\">1750mm<\/td>\n<td width=\"197\">1750mm<\/td>\n<td width=\"194\">1750mm<\/td>\n<td width=\"307\">1750mm<\/td>\n<td width=\"262\">1750mm<\/td>\n<td width=\"194\">1750mm<\/td>\n<td width=\"564\">Altura de excavaci\u00f3n m\u00e1xima<\/td>\n<td width=\"214\">2490<\/td>\n<\/tr>\n<tr>\n<td width=\"838\">Radio m\u00ednimo de rotaci\u00f3n<\/td>\n<td width=\"236\">1550mm<\/td>\n<td width=\"197\">1550mm<\/td>\n<td width=\"194\">1550mm<\/td>\n<td width=\"307\">1550mm<\/td>\n<td width=\"262\">1550mm<\/td>\n<td width=\"194\">1550mm<\/td>\n<td width=\"564\">Altura de dumping m\u00e1ximo.<\/td>\n<td width=\"214\">1750<\/td>\n<\/tr>\n<tr>\n<td width=\"838\">Altura m\u00e1xima de elevaci\u00f3n de la pala<\/td>\n<td width=\"236\">150mm<\/td>\n<td width=\"197\">150mm<\/td>\n<td width=\"194\">150mm<\/td>\n<td width=\"307\">150mm<\/td>\n<td width=\"262\">150mm<\/td>\n<td width=\"194\">150mm<\/td>\n<td width=\"564\">Profundidad vertical m\u00e1xima<\/td>\n<td width=\"214\">1400<\/td>\n<\/tr>\n<tr>\n<td width=\"838\">Profundidad m\u00e1xima de excavaci\u00f3n<br \/>\nde una buldozer<\/td>\n<td width=\"236\">180mm<\/td>\n<td width=\"197\">180mm<\/td>\n<td width=\"194\">180mm<\/td>\n<td width=\"307\">180mm<\/td>\n<td width=\"262\">180mm<\/td>\n<td width=\"194\">180mm<\/td>\n<td width=\"564\">Radio de giros min.<\/td>\n<td width=\"214\">1190<\/td>\n<\/tr>\n<tr>\n<td width=\"838\">Profundidad m\u00e1xima de excavaci\u00f3n<br \/>\nde una buldozer<\/td>\n<td width=\"236\">180mm<\/td>\n<td width=\"197\">180mm<\/td>\n<td width=\"194\">180mm<\/td>\n<td width=\"307\">180mm<\/td>\n<td width=\"262\">180mm<\/td>\n<td width=\"194\">180mm<\/td>\n<td width=\"564\">Altura m\u00e1xima de elevaci\u00f3n de<br \/>\nHoja de topadora<\/td>\n<td width=\"214\">325<\/td>\n<\/tr>\n<\/tbody>\n<\/table>\n<\/div>","protected":false},"excerpt":{"rendered":"<p>La miniexcavadora HT15 Series (incluidas las versiones de combustible y bater\u00eda de litio) pesa 1500 kg y ofrece una variedad de opciones de energ\u00eda. Con su cuerpo flexible, es una opci\u00f3n eficiente y confiable para operaciones de excavaci\u00f3n ligera.<\/p>","protected":false},"featured_media":851,"comment_status":"open","ping_status":"closed","template":"","meta":[],"product_brand":[],"product_cat":[17],"product_tag":[],"class_list":{"0":"post-850","1":"product","2":"type-product","3":"status-publish","4":"has-post-thumbnail","6":"product_cat-mini-tracked-excavator","8":"first","9":"instock","10":"shipping-taxable","11":"product-type-simple"},"_links":{"self":[{"href":"https:\/\/luyuemachinery.com\/es\/wp-json\/wp\/v2\/product\/850","targetHints":{"allow":["GET"]}}],"collection":[{"href":"https:\/\/luyuemachinery.com\/es\/wp-json\/wp\/v2\/product"}],"about":[{"href":"https:\/\/luyuemachinery.com\/es\/wp-json\/wp\/v2\/types\/product"}],"replies":[{"embeddable":true,"href":"https:\/\/luyuemachinery.com\/es\/wp-json\/wp\/v2\/comments?post=850"}],"wp:featuredmedia":[{"embeddable":true,"href":"https:\/\/luyuemachinery.com\/es\/wp-json\/wp\/v2\/media\/851"}],"wp:attachment":[{"href":"https:\/\/luyuemachinery.com\/es\/wp-json\/wp\/v2\/media?parent=850"}],"wp:term":[{"taxonomy":"product_brand","embeddable":true,"href":"https:\/\/luyuemachinery.com\/es\/wp-json\/wp\/v2\/product_brand?post=850"},{"taxonomy":"product_cat","embeddable":true,"href":"https:\/\/luyuemachinery.com\/es\/wp-json\/wp\/v2\/product_cat?post=850"},{"taxonomy":"product_tag","embeddable":true,"href":"https:\/\/luyuemachinery.com\/es\/wp-json\/wp\/v2\/product_tag?post=850"}],"curies":[{"name":"pp","href":"https:\/\/api.w.org\/{rel}","templated":true}]}}