{"id":848,"date":"2026-02-13T08:04:43","date_gmt":"2026-02-13T08:04:43","guid":{"rendered":"https:\/\/luyuemachinery.com\/?post_type=product&#038;p=848"},"modified":"2026-03-05T01:04:34","modified_gmt":"2026-03-05T01:04:34","slug":"2-5t-mini-excavator","status":"publish","type":"product","link":"https:\/\/luyuemachinery.com\/es\/product\/2-5t-mini-excavator\/","title":{"rendered":"Mini excavadora 2.5T LY-25"},"content":{"rendered":"<div style=\"overflow-x: auto; width: 100%;\">\n<table style=\"width: 100%; border-collapse: collapse;\">\n<tbody>\n<tr>\n<td colspan=\"3\" width=\"1637\">Tama\u00f1o de la m\u00e1quina<\/td>\n<td width=\"126\"><\/td>\n<td colspan=\"2\" width=\"2275\">Par\u00e1metro de rendimiento<\/td>\n<\/tr>\n<tr>\n<td width=\"752\">Dimensi\u00f3n total (L*W*H)<\/td>\n<td colspan=\"2\" width=\"885\">3865 mm * 1050 mm * 2270 mm<\/td>\n<td><\/td>\n<td width=\"1137\">Capacidad de cubeta est\u00e1ndar<\/td>\n<td width=\"1137\">0.06m\u00b3<\/td>\n<\/tr>\n<tr>\n<td width=\"752\">Base del eje (longitud de la pista en el suelo)<\/td>\n<td colspan=\"2\" width=\"885\">1230mm<\/td>\n<td><\/td>\n<td width=\"1137\">Velocidad de giro<\/td>\n<td width=\"1137\">10~12 rpm<\/td>\n<\/tr>\n<tr>\n<td width=\"752\">Pista man\u00f3metro<\/td>\n<td colspan=\"2\" width=\"885\">820mm<\/td>\n<td><\/td>\n<td width=\"1137\">Capacidad de grado m\u00e1ximo.<\/td>\n<td width=\"1137\">35\u00b0<\/td>\n<\/tr>\n<tr>\n<td width=\"752\">Liquidaci\u00f3n min.ground<\/td>\n<td colspan=\"2\" width=\"885\">210mm<\/td>\n<td><\/td>\n<td width=\"1137\">Fuerza de excavaci\u00f3n de cubos m\u00e1ximos.<\/td>\n<td width=\"1137\">14k<\/td>\n<\/tr>\n<tr>\n<td width=\"752\">Radio oscilante en la cola<\/td>\n<td colspan=\"2\" width=\"885\">1125 mm<\/td>\n<td><\/td>\n<td width=\"1137\">Fuerza de excavaci\u00f3n de brazos m\u00e1ximos<\/td>\n<td width=\"1137\">10kn<\/td>\n<\/tr>\n<tr>\n<td colspan=\"3\" width=\"1637\">Sistema de seguimiento<\/td>\n<td><\/td>\n<td width=\"1137\">Presi\u00f3n del sistema hidr\u00e1u<\/td>\n<td width=\"1137\">18MPa<\/td>\n<\/tr>\n<tr>\n<td colspan=\"2\" width=\"1140\">Velocidad m\u00e1xima de viaje<\/td>\n<td width=\"497\">3.5km\/h<\/td>\n<td><\/td>\n<td width=\"1137\">Peso de la m\u00e1quina<\/td>\n<td width=\"1137\">2500kg<\/td>\n<\/tr>\n<tr>\n<td colspan=\"2\" width=\"1140\">Ancho de zapato de pista (pista de goma y acero)<\/td>\n<td width=\"497\">230mm<\/td>\n<td><\/td>\n<td colspan=\"2\" width=\"2275\">Rango de trabajo<\/td>\n<\/tr>\n<tr>\n<td colspan=\"2\" width=\"1140\">N\u00famero de zapato de pista por lado (solo pista de acero)<\/td>\n<td width=\"497\">38 piezas<\/td>\n<td><\/td>\n<td width=\"1137\">Altura de excavaci\u00f3n m\u00e1xima<\/td>\n<td width=\"1137\">3365mm<\/td>\n<\/tr>\n<tr>\n<td colspan=\"2\" width=\"1140\">N\u00famero de rodillo superior\/rodillo inferior (por lado)<\/td>\n<td width=\"497\">00\/4<\/td>\n<td><\/td>\n<td width=\"1137\">Altura de dumping m\u00e1ximo.<\/td>\n<td width=\"1137\">2385 mm<\/td>\n<\/tr>\n<tr>\n<td colspan=\"3\" width=\"1637\">m\u00e1quina<\/td>\n<td><\/td>\n<td width=\"1137\">Profundidad de excavaci\u00f3n m\u00e1xima<\/td>\n<td width=\"1137\">2050mm<\/td>\n<\/tr>\n<tr>\n<td rowspan=\"2\" width=\"752\">Est\u00e1ndar de emisi\u00f3n<\/td>\n<td colspan=\"2\" rowspan=\"2\" width=\"885\">Euro 5\/EPA<\/td>\n<td><\/td>\n<td width=\"1137\">Profundidad de excavaci\u00f3n m\u00e1xima<\/td>\n<td width=\"1137\">1725 mm<\/td>\n<\/tr>\n<tr>\n<td><\/td>\n<td rowspan=\"2\" width=\"1137\">Radio de excavaci\u00f3n m\u00e1x.<\/td>\n<td rowspan=\"2\" width=\"1137\">3860mm<\/td>\n<\/tr>\n<tr>\n<td rowspan=\"4\" width=\"752\">Marca de motor \/ Potencia<\/td>\n<td colspan=\"2\" rowspan=\"4\" width=\"885\">Kubota D110514.2KW<br \/>\n14.7kw<br \/>\n3TE2518.4KW<\/td>\n<td><\/td>\n<\/tr>\n<tr>\n<td><\/td>\n<td width=\"1137\">Radio de swing min<\/td>\n<td width=\"1137\">1720mm<\/td>\n<\/tr>\n<tr>\n<td><\/td>\n<td width=\"1137\">Altura de elevaci\u00f3n de la hoja m\u00e1xima.<\/td>\n<td width=\"1137\">230mm<\/td>\n<\/tr>\n<tr>\n<td><\/td>\n<td rowspan=\"2\" width=\"1137\">Max.Profundidad de corte de la hoja<\/td>\n<td rowspan=\"2\" width=\"1137\">275 mm<\/td>\n<\/tr>\n<tr>\n<td rowspan=\"2\" width=\"752\">N\u00famero de cilindro<\/td>\n<td colspan=\"2\" rowspan=\"2\" width=\"885\">3<\/td>\n<td><\/td>\n<\/tr>\n<tr>\n<td><\/td>\n<td rowspan=\"2\" width=\"1137\">\u00c1ngulo de giro de la pluma (izquierda)<\/td>\n<td rowspan=\"2\" width=\"1137\">75\u00b0<\/td>\n<\/tr>\n<tr>\n<td colspan=\"3\" rowspan=\"2\" width=\"1637\"><\/td>\n<td><\/td>\n<\/tr>\n<tr>\n<td><\/td>\n<td width=\"1137\">\u00c1ngulo de giro de la pluma (derecha<\/td>\n<td width=\"1137\">45\u00b0<\/td>\n<\/tr>\n<\/tbody>\n<\/table>\n<\/div>","protected":false},"excerpt":{"rendered":"<p>Esta excavadora compacta de orugas, que pesa solo 2500 kg, puede equiparse con motores Kubota, Perkins o LaidOng que cumplen con los est\u00e1ndares de emisiones Euro 5\/EPA. Con su potente rendimiento hidr\u00e1ulico, capacidad de escalada de 35\u00b0 y dise\u00f1o flexible de oscilaci\u00f3n de la pluma, es una opci\u00f3n eficiente y confiable para operaciones de excavaci\u00f3n ligera.<\/p>","protected":false},"featured_media":849,"comment_status":"open","ping_status":"closed","template":"","meta":[],"product_brand":[],"product_cat":[17],"product_tag":[],"class_list":{"0":"post-848","1":"product","2":"type-product","3":"status-publish","4":"has-post-thumbnail","6":"product_cat-mini-tracked-excavator","8":"first","9":"instock","10":"shipping-taxable","11":"product-type-simple"},"_links":{"self":[{"href":"https:\/\/luyuemachinery.com\/es\/wp-json\/wp\/v2\/product\/848","targetHints":{"allow":["GET"]}}],"collection":[{"href":"https:\/\/luyuemachinery.com\/es\/wp-json\/wp\/v2\/product"}],"about":[{"href":"https:\/\/luyuemachinery.com\/es\/wp-json\/wp\/v2\/types\/product"}],"replies":[{"embeddable":true,"href":"https:\/\/luyuemachinery.com\/es\/wp-json\/wp\/v2\/comments?post=848"}],"wp:featuredmedia":[{"embeddable":true,"href":"https:\/\/luyuemachinery.com\/es\/wp-json\/wp\/v2\/media\/849"}],"wp:attachment":[{"href":"https:\/\/luyuemachinery.com\/es\/wp-json\/wp\/v2\/media?parent=848"}],"wp:term":[{"taxonomy":"product_brand","embeddable":true,"href":"https:\/\/luyuemachinery.com\/es\/wp-json\/wp\/v2\/product_brand?post=848"},{"taxonomy":"product_cat","embeddable":true,"href":"https:\/\/luyuemachinery.com\/es\/wp-json\/wp\/v2\/product_cat?post=848"},{"taxonomy":"product_tag","embeddable":true,"href":"https:\/\/luyuemachinery.com\/es\/wp-json\/wp\/v2\/product_tag?post=848"}],"curies":[{"name":"pp","href":"https:\/\/api.w.org\/{rel}","templated":true}]}}