{"id":845,"date":"2026-02-13T07:58:10","date_gmt":"2026-02-13T07:58:10","guid":{"rendered":"https:\/\/luyuemachinery.com\/?post_type=product&#038;p=845"},"modified":"2026-03-05T01:11:43","modified_gmt":"2026-03-05T01:11:43","slug":"2-2t-mini-excavator","status":"publish","type":"product","link":"https:\/\/luyuemachinery.com\/es\/product\/2-2t-mini-excavator\/","title":{"rendered":"Mini excavadora 2.2T LY-22"},"content":{"rendered":"<div style=\"overflow-x: auto; width: 100%;\">\n<table style=\"width: 100%; border-collapse: collapse;\">\n<tbody>\n<tr>\n<td width=\"1129\">Longitud total\/transporte Longitud<\/td>\n<td width=\"779\">4750mm<\/td>\n<td colspan=\"2\" width=\"1090\">Peso operativo<\/td>\n<td width=\"1062\">2172kg<\/td>\n<\/tr>\n<tr>\n<td width=\"1129\">Ancho total<\/td>\n<td width=\"779\">990mm\/1300mm<\/td>\n<td colspan=\"2\" width=\"1090\">Capacidad del cubo<\/td>\n<td width=\"1062\">0.056m\u00b3<\/td>\n<\/tr>\n<tr>\n<td width=\"1129\">Ancho superior<\/td>\n<td width=\"779\">1050mm<\/td>\n<td colspan=\"2\" width=\"1090\">Poder nominal<\/td>\n<td width=\"1062\">14.2kW\/2200rpm<\/td>\n<\/tr>\n<tr>\n<td width=\"1129\">altura total<\/td>\n<td width=\"779\">2470mm<\/td>\n<td colspan=\"2\" width=\"1090\">Velocidad nominal<\/td>\n<td width=\"1062\">9.5r\/minuto<\/td>\n<\/tr>\n<tr>\n<td width=\"1129\">Ancho de la pista<\/td>\n<td width=\"779\">230mm<\/td>\n<td colspan=\"2\" width=\"1090\">Gradubilidad<\/td>\n<td width=\"1062\">58%<\/td>\n<\/tr>\n<tr>\n<td width=\"1129\">Pista man\u00f3metro<\/td>\n<td width=\"779\">780mm\/1090mm<\/td>\n<td rowspan=\"3\" width=\"537\">m\u00e1quina<\/td>\n<td rowspan=\"2\" width=\"552\">modelo<\/td>\n<td rowspan=\"2\" width=\"1062\">Kubota\u00a0\u00a0\u00a0 D1105<br \/>\nInyecci\u00f3n directa de 3 cilindros<\/td>\n<\/tr>\n<tr>\n<td width=\"1129\">Espacio m\u00ednimo para el suelo<\/td>\n<td width=\"779\">150mm<\/td>\n<\/tr>\n<tr>\n<td width=\"1129\">Radio de giro de cola<\/td>\n<td width=\"779\">780mm<\/td>\n<td width=\"552\">Poder nominal<\/td>\n<td width=\"1062\">14.2kW\/2200<\/td>\n<\/tr>\n<tr>\n<td width=\"1129\">Longitud del terreno de la<\/td>\n<td width=\"779\">1200mm<\/td>\n<td rowspan=\"2\" width=\"537\">v\u00e1lvula principal<\/td>\n<td width=\"552\">modelo<\/td>\n<td width=\"1062\">TRM10-BX-09-JNJT-01<\/td>\n<\/tr>\n<tr>\n<td width=\"1129\">Duraci\u00f3n de la pista<\/td>\n<td width=\"779\">1500mm<\/td>\n<td width=\"552\">empuje<\/td>\n<td width=\"1062\">20.5MP<\/td>\n<\/tr>\n<tr>\n<td width=\"1129\">Altura de excavaci\u00f3n m\u00e1xima (A)<\/td>\n<td width=\"779\">3500mm<\/td>\n<td rowspan=\"2\" width=\"537\">v\u00e1lvula principal<\/td>\n<td width=\"552\">modelo<\/td>\n<td width=\"1062\">TFA10VO28\/53R<\/td>\n<\/tr>\n<tr>\n<td width=\"1129\">Altura de descarga m\u00e1xima(B)<\/td>\n<td width=\"779\">2560mm<\/td>\n<td width=\"552\">desplazamiento<\/td>\n<td width=\"1062\">28ml\/r<\/td>\n<\/tr>\n<tr>\n<td width=\"1129\">Profundidad m\u00e1xima de excavaci\u00f3n (C)<\/td>\n<td width=\"779\">2370mm<\/td>\n<td rowspan=\"3\" width=\"537\">ambulante<br \/>\ncoche<\/td>\n<td width=\"552\">modelo<\/td>\n<td width=\"1062\">KTD-490<\/td>\n<\/tr>\n<tr>\n<td width=\"1129\">Distancia de excavaci\u00f3n m\u00e1xima(d)<\/td>\n<td width=\"779\">3030mm<\/td>\n<td width=\"552\">Velocidad de viaje<\/td>\n<td width=\"1062\">2,2\/4,3 km\/h<\/td>\n<\/tr>\n<tr>\n<td width=\"1129\">Radio de giro m\u00ednimo (E)<\/td>\n<td width=\"779\">1750mm<\/td>\n<td width=\"552\">tracci\u00f3n<\/td>\n<td width=\"1062\">18kn<\/td>\n<\/tr>\n<tr>\n<td rowspan=\"3\" width=\"1129\">Altura m\u00e1x. como m\u00ednimo<\/p>\n<p>Radio de giro(F)<\/td>\n<td rowspan=\"3\" width=\"779\">2600mm<\/td>\n<td width=\"537\">dep\u00f3sito de gasolina<\/td>\n<td width=\"552\">facultad<\/td>\n<td width=\"1062\">21L<\/td>\n<\/tr>\n<tr>\n<td width=\"537\">Sistema de enfriamiento<\/td>\n<td width=\"552\">facultad<\/td>\n<td width=\"1062\">5.05L<\/td>\n<\/tr>\n<tr>\n<td width=\"537\">Dep\u00f3sito de aceite hid<\/td>\n<td width=\"552\">facultad<\/td>\n<td width=\"1062\">21.4L<\/td>\n<\/tr>\n<\/tbody>\n<\/table>\n<\/div>","protected":false},"excerpt":{"rendered":"<p>Esta peque\u00f1a excavadora de orugas, con un peso operativo de 2172 kg, est\u00e1 equipada con un motor de inyecci\u00f3n directa de tres cilindros Kubota D1105 (potencia nominal de 14,2 kW), una capacidad de cuchar\u00f3n de 0,056 m\u00b3, una profundidad m\u00e1xima de excavaci\u00f3n de 2370 mm, una altura m\u00e1xima de excavaci\u00f3n de 3500 mm, una capacidad de 58%, un potente sistema hidr\u00e1ulico, y un cuerpo flexible, que lo convierte en una operaci\u00f3n eficiente y filial.<\/p>","protected":false},"featured_media":846,"comment_status":"open","ping_status":"closed","template":"","meta":[],"product_brand":[],"product_cat":[17],"product_tag":[],"class_list":{"0":"post-845","1":"product","2":"type-product","3":"status-publish","4":"has-post-thumbnail","6":"product_cat-mini-tracked-excavator","8":"first","9":"instock","10":"shipping-taxable","11":"product-type-simple"},"_links":{"self":[{"href":"https:\/\/luyuemachinery.com\/es\/wp-json\/wp\/v2\/product\/845","targetHints":{"allow":["GET"]}}],"collection":[{"href":"https:\/\/luyuemachinery.com\/es\/wp-json\/wp\/v2\/product"}],"about":[{"href":"https:\/\/luyuemachinery.com\/es\/wp-json\/wp\/v2\/types\/product"}],"replies":[{"embeddable":true,"href":"https:\/\/luyuemachinery.com\/es\/wp-json\/wp\/v2\/comments?post=845"}],"wp:featuredmedia":[{"embeddable":true,"href":"https:\/\/luyuemachinery.com\/es\/wp-json\/wp\/v2\/media\/846"}],"wp:attachment":[{"href":"https:\/\/luyuemachinery.com\/es\/wp-json\/wp\/v2\/media?parent=845"}],"wp:term":[{"taxonomy":"product_brand","embeddable":true,"href":"https:\/\/luyuemachinery.com\/es\/wp-json\/wp\/v2\/product_brand?post=845"},{"taxonomy":"product_cat","embeddable":true,"href":"https:\/\/luyuemachinery.com\/es\/wp-json\/wp\/v2\/product_cat?post=845"},{"taxonomy":"product_tag","embeddable":true,"href":"https:\/\/luyuemachinery.com\/es\/wp-json\/wp\/v2\/product_tag?post=845"}],"curies":[{"name":"pp","href":"https:\/\/api.w.org\/{rel}","templated":true}]}}