{"id":843,"date":"2026-02-13T07:52:32","date_gmt":"2026-02-13T07:52:32","guid":{"rendered":"https:\/\/luyuemachinery.com\/?post_type=product&#038;p=843"},"modified":"2026-03-05T01:17:24","modified_gmt":"2026-03-05T01:17:24","slug":"1-3t-mini-excavator","status":"publish","type":"product","link":"https:\/\/luyuemachinery.com\/es\/product\/1-3t-mini-excavator\/","title":{"rendered":"Mini excavadora 1.3T LY-13"},"content":{"rendered":"<div style=\"overflow-x: auto; width: 100%;\">\n<table style=\"width: 100%; border-collapse: collapse;\">\n<tbody>\n<tr>\n<td align=\"left\">de transportar<\/td>\n<td align=\"left\">2325mm<\/td>\n<td align=\"left\">m\u00e1quina<\/td>\n<td align=\"left\">KOOP192<\/td>\n<\/tr>\n<tr>\n<td align=\"left\">Ancho total<\/td>\n<td align=\"left\">1100mm<\/td>\n<td align=\"left\">de opci\u00f3n<\/td>\n<td align=\"left\">B &amp; S, Changchai, Kubota<\/td>\n<\/tr>\n<tr>\n<td align=\"left\">ancho superior<\/td>\n<td align=\"left\">990mm<\/td>\n<td align=\"left\">v\u00e1lvula principal<\/td>\n<td align=\"left\">beifang<\/td>\n<\/tr>\n<tr>\n<td align=\"left\">Altura total con techo<\/td>\n<td align=\"left\">2270mm<\/td>\n<td align=\"left\">m\u00e1ximum Altura de excavaci\u00f3n<\/td>\n<td align=\"left\">2700mm<\/td>\n<\/tr>\n<tr>\n<td align=\"left\">Ancho de la pista<\/td>\n<td align=\"left\">180mm<\/td>\n<td align=\"left\">m\u00e1ximum Altura de descarga<\/td>\n<td align=\"left\">1840mm<\/td>\n<\/tr>\n<tr>\n<td align=\"left\">Pista man\u00f3metro<\/td>\n<td align=\"left\">920mm<\/td>\n<td align=\"left\">m\u00e1ximum Profundidad de excavaci\u00f3n<\/td>\n<td align=\"left\">1710mm<\/td>\n<\/tr>\n<tr>\n<td align=\"left\">Altura de buldozer Distancia al suelo<\/td>\n<td align=\"left\">105 mm<\/td>\n<td align=\"left\">m\u00e1ximum Distancia de excavaci\u00f3n<\/td>\n<td align=\"left\">2910mm<\/td>\n<\/tr>\n<tr>\n<td align=\"left\">Profundidad de excavaci\u00f3n de excavadora<\/td>\n<td align=\"left\">270mm<\/td>\n<td align=\"left\">Radio m\u00ednimo<\/td>\n<td align=\"left\">1530mm<\/td>\n<\/tr>\n<tr>\n<td align=\"left\">Radio de giro de cola<\/td>\n<td align=\"left\">795 mm<\/td>\n<td align=\"left\">m\u00e1ximum Altura a min. radio de giro<\/td>\n<td align=\"left\">2100mm<\/td>\n<\/tr>\n<tr>\n<td align=\"left\">Longitud de puesta a tierra de<\/td>\n<td align=\"left\">1050mm<\/td>\n<td align=\"left\">operante<\/td>\n<td align=\"left\">1300kg<\/td>\n<\/tr>\n<tr>\n<td align=\"left\">Duraci\u00f3n de la pista<\/td>\n<td align=\"left\">1545mm<\/td>\n<td align=\"left\">Capacidad del cubo<\/td>\n<td align=\"left\">0.025m\u00b3<\/td>\n<\/tr>\n<tr>\n<td align=\"left\">Capacidad de escalada<\/td>\n<td align=\"left\">30\u00b0<\/td>\n<td align=\"left\">Formulario de dispositivo de trabajo<\/td>\n<td align=\"left\">rev\u00e9s<\/td>\n<\/tr>\n<\/tbody>\n<\/table>\n<p>&nbsp;<\/p>\n<\/div>","protected":false},"excerpt":{"rendered":"<p>Esta excavadora de retroexcavadora, con un peso operativo de 1300 kg, ofrece una selecci\u00f3n de motores KOOP192, B&amp;S, Changchai y Kubota. Tiene una profundidad m\u00e1xima de excavaci\u00f3n de 1710 mm, una altura m\u00e1xima de excavaci\u00f3n de 2700 mm y una capacidad de escalada de 30\u00b0. Su dise\u00f1o compacto y flexible lo convierte en una opci\u00f3n eficiente para operaciones de excavaci\u00f3n ligera.<\/p>","protected":false},"featured_media":844,"comment_status":"open","ping_status":"closed","template":"","meta":[],"product_brand":[],"product_cat":[17],"product_tag":[],"class_list":{"0":"post-843","1":"product","2":"type-product","3":"status-publish","4":"has-post-thumbnail","6":"product_cat-mini-tracked-excavator","8":"first","9":"instock","10":"shipping-taxable","11":"product-type-simple"},"_links":{"self":[{"href":"https:\/\/luyuemachinery.com\/es\/wp-json\/wp\/v2\/product\/843","targetHints":{"allow":["GET"]}}],"collection":[{"href":"https:\/\/luyuemachinery.com\/es\/wp-json\/wp\/v2\/product"}],"about":[{"href":"https:\/\/luyuemachinery.com\/es\/wp-json\/wp\/v2\/types\/product"}],"replies":[{"embeddable":true,"href":"https:\/\/luyuemachinery.com\/es\/wp-json\/wp\/v2\/comments?post=843"}],"wp:featuredmedia":[{"embeddable":true,"href":"https:\/\/luyuemachinery.com\/es\/wp-json\/wp\/v2\/media\/844"}],"wp:attachment":[{"href":"https:\/\/luyuemachinery.com\/es\/wp-json\/wp\/v2\/media?parent=843"}],"wp:term":[{"taxonomy":"product_brand","embeddable":true,"href":"https:\/\/luyuemachinery.com\/es\/wp-json\/wp\/v2\/product_brand?post=843"},{"taxonomy":"product_cat","embeddable":true,"href":"https:\/\/luyuemachinery.com\/es\/wp-json\/wp\/v2\/product_cat?post=843"},{"taxonomy":"product_tag","embeddable":true,"href":"https:\/\/luyuemachinery.com\/es\/wp-json\/wp\/v2\/product_tag?post=843"}],"curies":[{"name":"pp","href":"https:\/\/api.w.org\/{rel}","templated":true}]}}