{"id":841,"date":"2026-02-13T07:39:04","date_gmt":"2026-02-13T07:39:04","guid":{"rendered":"https:\/\/luyuemachinery.com\/?post_type=product&#038;p=841"},"modified":"2026-03-05T01:26:47","modified_gmt":"2026-03-05T01:26:47","slug":"1-2t-small-excavator","status":"publish","type":"product","link":"https:\/\/luyuemachinery.com\/es\/product\/1-2t-small-excavator\/","title":{"rendered":"1.2T Peque\u00f1a excavadora LY-12"},"content":{"rendered":"<div style=\"overflow-x: auto; width: 100%;\">\n<table style=\"width: 100%; border-collapse: collapse;\">\n<tbody>\n<tr style=\"height: 32.00pt;\">\n<td class=\"et2\" style=\"height: 32.00pt; width: 196.25pt;\" width=\"457\" height=\"74\">a\u00f1adir peso a<\/td>\n<td class=\"et2\" style=\"width: 196.25pt;\" width=\"457\">1200kg<\/td>\n<td class=\"et2\" style=\"width: 196.25pt;\" width=\"457\">Duraci\u00f3n total de la pista<\/td>\n<td class=\"et2\" style=\"width: 196.25pt;\" width=\"457\">1230mm<\/td>\n<\/tr>\n<tr style=\"height: 32.00pt;\">\n<td class=\"et2\" style=\"height: 32.00pt; width: 196.25pt;\" width=\"457\" height=\"74\">Capacidad del cubo de excavaci\u00f3n<\/td>\n<td class=\"et2\" style=\"width: 196.25pt;\" width=\"457\">0.025CBM\/120kg<\/td>\n<td class=\"et2\" style=\"width: 196.25pt;\" width=\"457\">Distancia al suelo de la plataforma<\/td>\n<td class=\"et2\" style=\"width: 196.25pt;\" width=\"457\">380 mm<\/td>\n<\/tr>\n<tr style=\"height: 32.00pt;\">\n<td class=\"et2\" style=\"height: 32.00pt; width: 196.25pt;\" width=\"457\" height=\"74\">Ancho del cubo<\/td>\n<td class=\"et2\" style=\"width: 196.25pt;\" width=\"457\">380mm<\/td>\n<td class=\"et2\" style=\"width: 196.25pt;\" width=\"457\">Radio de giro de la plataforma trasera<\/td>\n<td class=\"et2\" style=\"width: 196.25pt;\" width=\"457\">784 mm<\/td>\n<\/tr>\n<tr style=\"height: 32.00pt;\">\n<td class=\"et2\" style=\"height: 32.00pt; width: 196.25pt;\" width=\"457\" height=\"74\">m\u00e1quina<\/td>\n<td class=\"et2\" style=\"width: 196.25pt;\" width=\"457\">Kubota D722 \/ 482<\/td>\n<td class=\"et2\" style=\"width: 196.25pt;\" width=\"457\">Ancho del chasis<\/td>\n<td class=\"et2\" style=\"width: 196.25pt;\" width=\"457\">896 mm<\/td>\n<\/tr>\n<tr style=\"height: 32.00pt;\">\n<td class=\"et2\" style=\"height: 32.00pt; width: 196.25pt;\" width=\"457\" height=\"74\">Trazo de perforaci\u00f3n<\/td>\n<td class=\"et2\" style=\"width: 196.25pt;\" width=\"457\">Tres cilindros, agua fr\u00eda<\/td>\n<td class=\"et2\" style=\"width: 196.25pt;\" width=\"457\">Ancho de la pista<\/td>\n<td class=\"et2\" style=\"width: 196.25pt;\" width=\"457\">180 mm<\/td>\n<\/tr>\n<tr style=\"height: 32.00pt;\">\n<td class=\"et2\" style=\"height: 32.00pt; width: 196.25pt;\" width=\"457\" height=\"74\">Poder nominal<\/td>\n<td class=\"et2\" style=\"width: 196.25pt;\" width=\"457\">10.2kW\/2500r\/min<\/td>\n<td class=\"et2\" style=\"width: 196.25pt;\" width=\"457\">Distancia al suelo del chasis<\/td>\n<td class=\"et2\" style=\"width: 196.25pt;\" width=\"457\">132 mm<\/td>\n<\/tr>\n<tr style=\"height: 32.00pt;\">\n<td class=\"et2\" style=\"height: 32.00pt; width: 196.25pt;\" width=\"457\" height=\"74\">Bomba principal<\/td>\n<td class=\"et2\" style=\"width: 196.25pt;\" width=\"457\">G5-6<\/td>\n<td class=\"et2\" style=\"width: 196.25pt;\" width=\"457\">Altura de la pista<\/td>\n<td class=\"et2\" style=\"width: 196.25pt;\" width=\"457\">320 mm<\/td>\n<\/tr>\n<tr style=\"height: 32.00pt;\">\n<td class=\"et2\" style=\"height: 32.00pt; width: 196.25pt;\" width=\"457\" height=\"74\">desplazamiento<\/td>\n<td class=\"et2\" style=\"width: 196.25pt;\" width=\"457\">6,8 ml\/r<\/td>\n<td class=\"et2\" style=\"width: 196.25pt;\" width=\"457\">m\u00e1ximum Profundidad de excavaci\u00f3n<\/td>\n<td class=\"et2\" style=\"width: 196.25pt;\" width=\"457\">1750 mm<\/td>\n<\/tr>\n<tr style=\"height: 32.00pt;\">\n<td class=\"et2\" style=\"height: 32.00pt; width: 196.25pt;\" width=\"457\" height=\"74\">Motor de giro<\/td>\n<td class=\"et2\" style=\"width: 196.25pt;\" width=\"457\">marca china<\/td>\n<td class=\"et2\" style=\"width: 196.25pt;\" width=\"457\">m\u00e1ximum Profundidad de excavaci\u00f3n vertical<\/td>\n<td class=\"et2\" style=\"width: 196.25pt;\" width=\"457\">1375 mm<\/td>\n<\/tr>\n<tr style=\"height: 45.00pt;\">\n<td class=\"et2\" style=\"height: 45.00pt; width: 196.25pt;\" width=\"457\" height=\"105\">Motor ambulante<\/td>\n<td class=\"et3\" style=\"width: 196.25pt;\" width=\"457\">marca china<br \/>\nEstados Unidos Motor Eaton (opcional)<\/td>\n<td class=\"et2\" style=\"width: 196.25pt;\" width=\"457\">m\u00e1ximum Altura de excavaci\u00f3n<br \/>\nm\u00e1ximum Altura de descarga<\/td>\n<td class=\"et2\" style=\"width: 196.25pt;\" width=\"457\">2610 mm<br \/>\n1850 mm<\/td>\n<\/tr>\n<tr style=\"height: 32.00pt;\">\n<td class=\"et2\" style=\"height: 32.00pt; width: 196.25pt;\" width=\"457\" height=\"74\">Velocidad de viaje<\/td>\n<td class=\"et2\" style=\"width: 196.25pt;\" width=\"457\">1,5 km\/h<\/td>\n<td class=\"et2\" style=\"width: 196.25pt;\" width=\"457\">m\u00e1ximum Radio de excavaci\u00f3n en el suelo<\/td>\n<td class=\"et2\" style=\"width: 196.25pt;\" width=\"457\">2850 mm<\/td>\n<\/tr>\n<tr style=\"height: 32.00pt;\">\n<td class=\"et2\" style=\"height: 32.00pt; width: 196.25pt;\" width=\"457\" height=\"74\">serie<\/td>\n<td class=\"et2\" style=\"width: 196.25pt;\" width=\"457\">12v 60a<\/td>\n<td class=\"et2\" style=\"width: 196.25pt;\" width=\"457\">Min. Radio de rotaci\u00f3n<\/td>\n<td class=\"et2\" style=\"width: 196.25pt;\" width=\"457\">1330 mm<\/td>\n<\/tr>\n<tr style=\"height: 32.00pt;\">\n<td class=\"et2\" style=\"height: 32.00pt; width: 196.25pt;\" width=\"457\" height=\"74\">Dimensi\u00f3n general (LxAnxAlto)<\/td>\n<td class=\"et2\" style=\"width: 196.25pt;\" width=\"457\">2775 x 930 x 2219 mm<\/td>\n<td class=\"et2\" style=\"width: 196.25pt;\" width=\"457\">m\u00e1ximum Altura de actualizaci\u00f3n de la hoja de excavadora<\/td>\n<td class=\"et2\" style=\"width: 196.25pt;\" width=\"457\">345 mm<\/td>\n<\/tr>\n<tr style=\"height: 32.00pt;\">\n<td class=\"et2\" style=\"height: 32.00pt; width: 196.25pt;\" width=\"457\" height=\"74\">distancia de rueda<\/td>\n<td class=\"et2\" style=\"width: 196.25pt;\" width=\"457\">910 mm<\/td>\n<td class=\"et2\" style=\"width: 196.25pt;\" width=\"457\">m\u00e1ximum Profundidad de excavaci\u00f3n de la hoja de la excavadora<\/td>\n<td class=\"et2\" style=\"width: 196.25pt;\" width=\"457\">255 mm<\/td>\n<\/tr>\n<\/tbody>\n<\/table>\n<\/div>","protected":false},"excerpt":{"rendered":"<p>Esta peque\u00f1a excavadora de orugas, que pesa solo 1200 kg, est\u00e1 equipada con un motor Kubota D722\/482 de tres cilindros refrigerado por agua (potencia nominal 10.2kW), con una profundidad m\u00e1xima de excavaci\u00f3n de 1750 mm y una altura m\u00e1xima de excavaci\u00f3n de 2610 mm. Puede equiparse con un motor de viaje Eaton de EE. UU. Con su cuerpo compacto y flexible, es una opci\u00f3n eficiente para operaciones de excavaci\u00f3n ligera.<\/p>","protected":false},"featured_media":842,"comment_status":"open","ping_status":"closed","template":"","meta":[],"product_brand":[],"product_cat":[17],"product_tag":[],"class_list":{"0":"post-841","1":"product","2":"type-product","3":"status-publish","4":"has-post-thumbnail","6":"product_cat-mini-tracked-excavator","8":"first","9":"instock","10":"shipping-taxable","11":"product-type-simple"},"_links":{"self":[{"href":"https:\/\/luyuemachinery.com\/es\/wp-json\/wp\/v2\/product\/841","targetHints":{"allow":["GET"]}}],"collection":[{"href":"https:\/\/luyuemachinery.com\/es\/wp-json\/wp\/v2\/product"}],"about":[{"href":"https:\/\/luyuemachinery.com\/es\/wp-json\/wp\/v2\/types\/product"}],"replies":[{"embeddable":true,"href":"https:\/\/luyuemachinery.com\/es\/wp-json\/wp\/v2\/comments?post=841"}],"wp:featuredmedia":[{"embeddable":true,"href":"https:\/\/luyuemachinery.com\/es\/wp-json\/wp\/v2\/media\/842"}],"wp:attachment":[{"href":"https:\/\/luyuemachinery.com\/es\/wp-json\/wp\/v2\/media?parent=841"}],"wp:term":[{"taxonomy":"product_brand","embeddable":true,"href":"https:\/\/luyuemachinery.com\/es\/wp-json\/wp\/v2\/product_brand?post=841"},{"taxonomy":"product_cat","embeddable":true,"href":"https:\/\/luyuemachinery.com\/es\/wp-json\/wp\/v2\/product_cat?post=841"},{"taxonomy":"product_tag","embeddable":true,"href":"https:\/\/luyuemachinery.com\/es\/wp-json\/wp\/v2\/product_tag?post=841"}],"curies":[{"name":"pp","href":"https:\/\/api.w.org\/{rel}","templated":true}]}}