{"id":837,"date":"2026-02-13T07:28:13","date_gmt":"2026-02-13T07:28:13","guid":{"rendered":"https:\/\/luyuemachinery.com\/?post_type=product&#038;p=837"},"modified":"2026-03-05T01:37:55","modified_gmt":"2026-03-05T01:37:55","slug":"2-4-ton-mini-excavator","status":"publish","type":"product","link":"https:\/\/luyuemachinery.com\/es\/product\/2-4-ton-mini-excavator\/","title":{"rendered":"Miniexcavadora de 2,4 toneladas LY-26-2"},"content":{"rendered":"<div style=\"overflow-x: auto; width: 100%;\">\n<table style=\"width: 100%; border-collapse: collapse;\">\n<tbody>\n<tr>\n<td align=\"left\">Peso total<\/td>\n<td align=\"left\">2416kg<\/td>\n<td align=\"left\">Distancia de tierra a disco superior<\/td>\n<td align=\"left\">534 mm<\/td>\n<\/tr>\n<tr>\n<td align=\"left\">Capacidad del cubo<\/td>\n<td align=\"left\">0.075m\u00b3<\/td>\n<td align=\"left\">Distancia entre ejes delantera y trasera<\/td>\n<td align=\"left\">1560 mm<\/td>\n<\/tr>\n<tr>\n<td align=\"left\">Modelo de motor<\/td>\n<td align=\"left\">Changchai390<\/td>\n<td align=\"left\">Distancia de pista izquierda y derecha<\/td>\n<td align=\"left\">1200 mm<\/td>\n<\/tr>\n<tr>\n<td align=\"left\">potencia del motor<\/td>\n<td align=\"left\">20kw\/2200rpm<\/td>\n<td align=\"left\">Deflexi\u00f3n de brazo din\u00e1mico<\/td>\n<td align=\"left\">45\u00b0 (izquierda)<\/td>\n<\/tr>\n<tr>\n<td align=\"left\">Longitud total<\/td>\n<td align=\"left\">3074mm<\/td>\n<td align=\"left\">Desviaci\u00f3n del brazo del almirante<\/td>\n<td align=\"left\">55\u00b0 (derecha)<\/td>\n<\/tr>\n<tr>\n<td align=\"left\">Ancho total<\/td>\n<td align=\"left\">1500mm<\/td>\n<td align=\"left\">Radio de oscilaci\u00f3n de la cola<\/td>\n<td align=\"left\">936 mm<\/td>\n<\/tr>\n<tr>\n<td align=\"left\">Altura total<\/td>\n<td align=\"left\">2313mm<\/td>\n<td align=\"left\">Distancia m\u00ednima al suelo<\/td>\n<td align=\"left\">230 mm<\/td>\n<\/tr>\n<tr>\n<td align=\"left\">Presi\u00f3n del sistema hidr\u00e1u<\/td>\n<td align=\"left\">18MPa<\/td>\n<td align=\"left\">Fuerza m\u00e1xima de excavaci\u00f3n de cubo<\/td>\n<td align=\"left\">19.5kn<\/td>\n<\/tr>\n<tr>\n<td align=\"left\">N\u00famero de rueda de apoyo de un solo lado<\/td>\n<td align=\"left\">3 piezas<\/td>\n<td align=\"left\">N\u00famero de pi\u00f1ones en un lado<\/td>\n<td align=\"left\">1 pieza<\/td>\n<\/tr>\n<\/tbody>\n<\/table>\n<\/div>","protected":false},"excerpt":{"rendered":"<p>Esta peque\u00f1a excavadora de orugas, que pesa 2416 kg, est\u00e1 equipada con un motor Changchai390 (20kW\/2200rpm), tiene una capacidad de cuchar\u00f3n de 0.075m\u00b3, una fuerza m\u00e1xima de excavaci\u00f3n de cucharones de 19.5kN y una presi\u00f3n de sistema hidr\u00e1ulico de 18MPa. Con su cuerpo compacto y su inclinaci\u00f3n flexible de la pluma, es una opci\u00f3n confiable para completar de manera eficiente las operaciones de excavaci\u00f3n ligera.<\/p>","protected":false},"featured_media":838,"comment_status":"open","ping_status":"closed","template":"","meta":[],"product_brand":[],"product_cat":[17],"product_tag":[],"class_list":{"0":"post-837","1":"product","2":"type-product","3":"status-publish","4":"has-post-thumbnail","6":"product_cat-mini-tracked-excavator","8":"first","9":"instock","10":"shipping-taxable","11":"product-type-simple"},"_links":{"self":[{"href":"https:\/\/luyuemachinery.com\/es\/wp-json\/wp\/v2\/product\/837","targetHints":{"allow":["GET"]}}],"collection":[{"href":"https:\/\/luyuemachinery.com\/es\/wp-json\/wp\/v2\/product"}],"about":[{"href":"https:\/\/luyuemachinery.com\/es\/wp-json\/wp\/v2\/types\/product"}],"replies":[{"embeddable":true,"href":"https:\/\/luyuemachinery.com\/es\/wp-json\/wp\/v2\/comments?post=837"}],"wp:featuredmedia":[{"embeddable":true,"href":"https:\/\/luyuemachinery.com\/es\/wp-json\/wp\/v2\/media\/838"}],"wp:attachment":[{"href":"https:\/\/luyuemachinery.com\/es\/wp-json\/wp\/v2\/media?parent=837"}],"wp:term":[{"taxonomy":"product_brand","embeddable":true,"href":"https:\/\/luyuemachinery.com\/es\/wp-json\/wp\/v2\/product_brand?post=837"},{"taxonomy":"product_cat","embeddable":true,"href":"https:\/\/luyuemachinery.com\/es\/wp-json\/wp\/v2\/product_cat?post=837"},{"taxonomy":"product_tag","embeddable":true,"href":"https:\/\/luyuemachinery.com\/es\/wp-json\/wp\/v2\/product_tag?post=837"}],"curies":[{"name":"pp","href":"https:\/\/api.w.org\/{rel}","templated":true}]}}