{"id":833,"date":"2026-02-13T07:14:00","date_gmt":"2026-02-13T07:14:00","guid":{"rendered":"https:\/\/luyuemachinery.com\/?post_type=product&#038;p=833"},"modified":"2026-03-05T01:55:37","modified_gmt":"2026-03-05T01:55:37","slug":"1-5t-backhoe-mini-excavator","status":"publish","type":"product","link":"https:\/\/luyuemachinery.com\/es\/product\/1-5t-backhoe-mini-excavator\/","title":{"rendered":"Mini excavadora retroexcavadora 1.5T LY-20PRO"},"content":{"rendered":"<div style=\"overflow-x: auto; width: 100%;\">\n<table style=\"width: 100%; border-collapse: collapse;\">\n<tbody>\n<tr>\n<td align=\"left\">Duraci\u00f3n del transporte<\/td>\n<td align=\"left\">2650mm<\/td>\n<td align=\"left\">m\u00e1quina<\/td>\n<td align=\"left\">Kubota\/Laidong<\/td>\n<\/tr>\n<tr>\n<td align=\"left\">Ancho total<\/td>\n<td align=\"left\">970-1270mm<\/td>\n<td align=\"left\">m\u00e1ximum Altura de descarga<\/td>\n<td align=\"left\">1930mm<\/td>\n<\/tr>\n<tr>\n<td align=\"left\">ancho superior<\/td>\n<td align=\"left\">1055mm<\/td>\n<td align=\"left\">m\u00e1ximum Profundidad de excavaci\u00f3n<\/td>\n<td align=\"left\">1995mm<\/td>\n<\/tr>\n<tr>\n<td align=\"left\">Altura total con techo<\/td>\n<td align=\"left\">2350mm<\/td>\n<td align=\"left\">m\u00e1ximum Distancia de excavaci\u00f3n<\/td>\n<td align=\"left\">3130mm<\/td>\n<\/tr>\n<tr>\n<td align=\"left\">Ancho de la pista<\/td>\n<td align=\"left\">200mm<\/td>\n<td align=\"left\">Radio m\u00ednimo<\/td>\n<td align=\"left\">1670mm<\/td>\n<\/tr>\n<tr>\n<td align=\"left\">Pista man\u00f3metro<\/td>\n<td align=\"left\">770-1070mm<\/td>\n<td align=\"left\">Altura m\u00ednima en el radio de giro m\u00ednimo<\/td>\n<td align=\"left\">2285mm<\/td>\n<\/tr>\n<tr>\n<td align=\"left\">Altura de buldozer Distancia al suelo<\/td>\n<td align=\"left\">290mm<\/td>\n<td align=\"left\">Calidad del trabajo<\/td>\n<td align=\"left\">1470kg<\/td>\n<\/tr>\n<tr>\n<td align=\"left\">Profundidad de excavaci\u00f3n de excavadora<\/td>\n<td align=\"left\">285 mm<\/td>\n<td align=\"left\">Capacidad del cubo<\/td>\n<td align=\"left\">0.02m\u00b3<\/td>\n<\/tr>\n<tr>\n<td align=\"left\">Radio de giro de cola<\/td>\n<td align=\"left\">980mm<\/td>\n<td align=\"left\">Forma de dispositivo de trabajo<\/td>\n<td align=\"left\">rev\u00e9s<\/td>\n<\/tr>\n<tr>\n<td align=\"left\">Longitud de puesta a tierra de<\/td>\n<td align=\"left\">1200mm<\/td>\n<td align=\"left\">Gradubilidad<\/td>\n<td align=\"left\">30\u00b0<\/td>\n<\/tr>\n<tr>\n<td align=\"left\">Duraci\u00f3n de la pista<\/td>\n<td align=\"left\">1520mm<\/td>\n<td align=\"left\">v\u00e1lvula principal<\/td>\n<td align=\"left\">remontarse<\/td>\n<\/tr>\n<tr>\n<td align=\"left\">m\u00e1ximum Altura de excavaci\u00f3n<\/td>\n<td align=\"left\">2875mm<\/td>\n<td align=\"left\"><\/td>\n<td align=\"left\"><\/td>\n<\/tr>\n<\/tbody>\n<\/table>\n<\/div>","protected":false},"excerpt":{"rendered":"<p>Esta excavadora de retroexcavadora con orugas, equipada con un motor Kubota\/Laidong y que pesa 1470 kg, tiene una profundidad m\u00e1xima de excavaci\u00f3n de 1995 mm y una altura m\u00e1xima de excavaci\u00f3n de 2875 mm. Tambi\u00e9n cuenta con una capacidad de escalada de 30\u00b0 y un cuerpo flexible, lo que la convierte en una m\u00e1quina ideal para completar de manera eficiente tareas de excavaci\u00f3n ligera.<\/p>","protected":false},"featured_media":834,"comment_status":"open","ping_status":"closed","template":"","meta":[],"product_brand":[],"product_cat":[17],"product_tag":[],"class_list":{"0":"post-833","1":"product","2":"type-product","3":"status-publish","4":"has-post-thumbnail","6":"product_cat-mini-tracked-excavator","8":"first","9":"instock","10":"shipping-taxable","11":"product-type-simple"},"_links":{"self":[{"href":"https:\/\/luyuemachinery.com\/es\/wp-json\/wp\/v2\/product\/833","targetHints":{"allow":["GET"]}}],"collection":[{"href":"https:\/\/luyuemachinery.com\/es\/wp-json\/wp\/v2\/product"}],"about":[{"href":"https:\/\/luyuemachinery.com\/es\/wp-json\/wp\/v2\/types\/product"}],"replies":[{"embeddable":true,"href":"https:\/\/luyuemachinery.com\/es\/wp-json\/wp\/v2\/comments?post=833"}],"wp:featuredmedia":[{"embeddable":true,"href":"https:\/\/luyuemachinery.com\/es\/wp-json\/wp\/v2\/media\/834"}],"wp:attachment":[{"href":"https:\/\/luyuemachinery.com\/es\/wp-json\/wp\/v2\/media?parent=833"}],"wp:term":[{"taxonomy":"product_brand","embeddable":true,"href":"https:\/\/luyuemachinery.com\/es\/wp-json\/wp\/v2\/product_brand?post=833"},{"taxonomy":"product_cat","embeddable":true,"href":"https:\/\/luyuemachinery.com\/es\/wp-json\/wp\/v2\/product_cat?post=833"},{"taxonomy":"product_tag","embeddable":true,"href":"https:\/\/luyuemachinery.com\/es\/wp-json\/wp\/v2\/product_tag?post=833"}],"curies":[{"name":"pp","href":"https:\/\/api.w.org\/{rel}","templated":true}]}}