{"id":829,"date":"2026-02-13T07:08:41","date_gmt":"2026-02-13T07:08:41","guid":{"rendered":"https:\/\/luyuemachinery.com\/?post_type=product&#038;p=829"},"modified":"2026-03-05T02:11:53","modified_gmt":"2026-03-05T02:11:53","slug":"26hp-skid-steer-loader","status":"publish","type":"product","link":"https:\/\/luyuemachinery.com\/es\/product\/26hp-skid-steer-loader\/","title":{"rendered":"Cargador de minicargador de 26HP LY-HTS382T"},"content":{"rendered":"<div style=\"overflow-x: auto; width: 100%;\">\n<table style=\"width: 100%; border-collapse: collapse;\">\n<tbody>\n<tr>\n<th align=\"left\"><strong>Tama\u00f1o principal<\/strong><\/th>\n<th align=\"left\"><\/th>\n<th align=\"left\"><strong>Par\u00e1metro de rendimiento<\/strong><\/th>\n<th align=\"left\"><\/th>\n<th><\/th>\n<\/tr>\n<tr>\n<td align=\"left\">Altura de trabajo m\u00e1xima (A)<\/td>\n<td align=\"left\">2200mm<\/td>\n<td align=\"left\">capacidad de llevar<\/td>\n<td align=\"left\">380kg (carga de volteo 62%)<\/td>\n<td><\/td>\n<\/tr>\n<tr>\n<td align=\"left\">Altura m\u00e1xima del pasador (B)<\/td>\n<td align=\"left\">1884mm<\/td>\n<td align=\"left\">Volumen de cubo<\/td>\n<td align=\"left\">0,15 m\u00b3<\/td>\n<td><\/td>\n<\/tr>\n<tr>\n<td align=\"left\">Altura m\u00e1xima de descarga (C)<\/td>\n<td align=\"left\">1488mm<\/td>\n<td align=\"left\">Fuerza m\u00e1xima de elevaci\u00f3n<\/td>\n<td align=\"left\">550 kg<\/td>\n<td><\/td>\n<\/tr>\n<tr>\n<td align=\"left\">Distancia m\u00e1xima de descarga (D)<\/td>\n<td align=\"left\">348mm<\/td>\n<td align=\"left\">Elevaci\u00f3n m\u00e1xima<\/td>\n<td align=\"left\">380 kg<\/td>\n<td><\/td>\n<\/tr>\n<tr>\n<td align=\"left\">\u00c1ngulo de giro del cuchar\u00f3n (\u03b2)<\/td>\n<td align=\"left\">55\u00b0<\/td>\n<td align=\"left\">anfetamina<\/td>\n<td align=\"left\">0-5,5 km\/h<\/td>\n<td><\/td>\n<\/tr>\n<tr>\n<td align=\"left\">\u00c1ngulo de descarga del cuchar\u00f3n (\u03b3)<\/td>\n<td align=\"left\">30\u00b0<\/td>\n<td align=\"left\">Peso operativo<\/td>\n<td align=\"left\">860kg<\/td>\n<td><\/td>\n<\/tr>\n<tr>\n<td align=\"left\">\u00c1ngulo de succi\u00f3n (\u03b8)<\/td>\n<td align=\"left\">25\u00b0<\/td>\n<td align=\"left\">Esfuerzo tracci\u00f3n<\/td>\n<td align=\"left\">Sin carga: 520 kg<\/td>\n<td><\/td>\n<\/tr>\n<tr>\n<td align=\"left\">\u00c1ngulo de salida (\u03b1)<\/td>\n<td align=\"left\">11\u00b0<\/td>\n<td align=\"left\">\u00e1ngulo de ascenso<\/td>\n<td align=\"left\">17 grados<\/td>\n<td><\/td>\n<\/tr>\n<tr>\n<td align=\"left\">Altura total (H)<\/td>\n<td align=\"left\">1280mm<\/td>\n<td align=\"left\">Tiempo de servicio (aceite completo)<\/td>\n<td align=\"left\">3-4h<\/td>\n<td><\/td>\n<\/tr>\n<tr>\n<td align=\"left\">Altura del suelo (F)<\/td>\n<td align=\"left\">100mm<\/td>\n<td align=\"left\"><strong>m\u00e1quina<\/strong><\/td>\n<td align=\"left\"><\/td>\n<td><\/td>\n<\/tr>\n<tr>\n<td align=\"left\">Distancia entre ejes (G)<\/td>\n<td align=\"left\">860mm<\/td>\n<td align=\"left\">Potencia nominal (kW)<\/td>\n<td align=\"left\">19.2kW(26hp) (marca de Runtong)<\/td>\n<td><\/td>\n<\/tr>\n<tr>\n<td align=\"left\">Sin longitud de cubo (J)<\/td>\n<td align=\"left\">1780mm<\/td>\n<td align=\"left\">Velocidad nominal (rpm)<\/td>\n<td align=\"left\">3600<\/td>\n<td><\/td>\n<\/tr>\n<tr>\n<td align=\"left\">Ancho total (W)<\/td>\n<td align=\"left\">1200mm<\/td>\n<td align=\"left\">Ruido (dB)<\/td>\n<td align=\"left\">\u226495<\/td>\n<td><\/td>\n<\/tr>\n<tr>\n<td align=\"left\">Ancho del cuchar\u00f3n (K)<\/td>\n<td align=\"left\">1190mm<\/td>\n<td align=\"left\">Volumen del tanque de combustible (L)<\/td>\n<td align=\"left\">28 l<\/td>\n<td><\/td>\n<\/tr>\n<tr>\n<td align=\"left\">Longitud total (L)(con cubo)<\/td>\n<td align=\"left\">2500mm<\/td>\n<td align=\"left\">Volumen del tanque hidr\u00e1ulico(L)<\/td>\n<td align=\"left\">20 l<\/td>\n<td><\/td>\n<\/tr>\n<tr>\n<td align=\"left\">Radio de giro frontal (R)<\/td>\n<td align=\"left\">1307mm<\/td>\n<td align=\"left\"><strong>sistema hidr\u00e1ulico<\/strong><\/td>\n<td align=\"left\"><\/td>\n<td><\/td>\n<\/tr>\n<tr>\n<td align=\"left\"><strong>horas de oficina<\/strong><\/td>\n<td align=\"left\"><\/td>\n<td align=\"left\">Presi\u00f3n del sistema<\/td>\n<td align=\"left\">17MPa=170bar=2465psi<\/td>\n<td><\/td>\n<\/tr>\n<tr>\n<td align=\"left\">Ascensor(es)<\/td>\n<td align=\"left\">4.27<\/td>\n<td align=\"left\">Flujo est\u00e1ndar<\/td>\n<td align=\"left\">25l\/min<\/td>\n<td><\/td>\n<\/tr>\n<tr>\n<td align=\"left\">Carga(s)<\/td>\n<td align=\"left\">1.34<\/td>\n<td align=\"left\">Flujo de bomba de viaje<\/td>\n<td align=\"left\">22L\/min<\/td>\n<td>36l\/minuto<\/td>\n<\/tr>\n<tr>\n<td align=\"left\">aterrizaje(s)<\/td>\n<td align=\"left\">3.31<\/td>\n<td align=\"left\">Flujo de bomba de reposici\u00f3n<\/td>\n<td align=\"left\">10l\/min<\/td>\n<td>13L\/minuto<\/td>\n<\/tr>\n<tr>\n<td align=\"left\"><strong>Tipo de neum\u00e1tico<\/strong><\/td>\n<td align=\"left\"><\/td>\n<td align=\"left\">sistema de trabajo<\/td>\n<td align=\"left\">44L\/minuto<\/td>\n<td>44L\/minuto<\/td>\n<\/tr>\n<tr>\n<td align=\"left\">Neum\u00e1tico de espina de pescado<\/td>\n<td align=\"left\">18*8.5-8<\/td>\n<td align=\"left\"><\/td>\n<td align=\"left\"><\/td>\n<td><\/td>\n<\/tr>\n<\/tbody>\n<\/table>\n<p><img fetchpriority=\"high\" decoding=\"async\" class=\"alignnone size-full wp-image-832\" src=\"https:\/\/luyuemachinery.com\/wp-content\/uploads\/2026\/02\/LY-HTS382T-Skid-Steer-Loader-3.jpg\" alt=\"\" width=\"1920\" height=\"1153\" srcset=\"https:\/\/luyuemachinery.com\/wp-content\/uploads\/2026\/02\/LY-HTS382T-Skid-Steer-Loader-3.jpg 1920w, https:\/\/luyuemachinery.com\/wp-content\/uploads\/2026\/02\/LY-HTS382T-Skid-Steer-Loader-3-300x180.jpg 300w, https:\/\/luyuemachinery.com\/wp-content\/uploads\/2026\/02\/LY-HTS382T-Skid-Steer-Loader-3-1024x615.jpg 1024w, https:\/\/luyuemachinery.com\/wp-content\/uploads\/2026\/02\/LY-HTS382T-Skid-Steer-Loader-3-768x461.jpg 768w, https:\/\/luyuemachinery.com\/wp-content\/uploads\/2026\/02\/LY-HTS382T-Skid-Steer-Loader-3-1536x922.jpg 1536w, https:\/\/luyuemachinery.com\/wp-content\/uploads\/2026\/02\/LY-HTS382T-Skid-Steer-Loader-3-600x360.jpg 600w\" sizes=\"(max-width: 1920px) 100vw, 1920px\" \/><\/p>\n<\/div>","protected":false},"excerpt":{"rendered":"<p>Esta peque\u00f1a cargadora de ruedas, con un peso operativo de 860 kg, est\u00e1 equipada con un motor de 19,2 kW (26 hp), una capacidad de cuchar\u00f3n de 0,15 m\u00b3, una fuerza de elevaci\u00f3n m\u00e1xima de 550 kg y una capacidad de escalada de 17\u00b0. Es una m\u00e1quina ideal para completar eficientemente las operaciones de manejo y carga de materiales livianos.<\/p>","protected":false},"featured_media":830,"comment_status":"open","ping_status":"closed","template":"","meta":[],"product_brand":[],"product_cat":[18],"product_tag":[],"class_list":{"0":"post-829","1":"product","2":"type-product","3":"status-publish","4":"has-post-thumbnail","6":"product_cat-skid-steer-loader","8":"first","9":"instock","10":"shipping-taxable","11":"product-type-simple"},"_links":{"self":[{"href":"https:\/\/luyuemachinery.com\/es\/wp-json\/wp\/v2\/product\/829","targetHints":{"allow":["GET"]}}],"collection":[{"href":"https:\/\/luyuemachinery.com\/es\/wp-json\/wp\/v2\/product"}],"about":[{"href":"https:\/\/luyuemachinery.com\/es\/wp-json\/wp\/v2\/types\/product"}],"replies":[{"embeddable":true,"href":"https:\/\/luyuemachinery.com\/es\/wp-json\/wp\/v2\/comments?post=829"}],"wp:featuredmedia":[{"embeddable":true,"href":"https:\/\/luyuemachinery.com\/es\/wp-json\/wp\/v2\/media\/830"}],"wp:attachment":[{"href":"https:\/\/luyuemachinery.com\/es\/wp-json\/wp\/v2\/media?parent=829"}],"wp:term":[{"taxonomy":"product_brand","embeddable":true,"href":"https:\/\/luyuemachinery.com\/es\/wp-json\/wp\/v2\/product_brand?post=829"},{"taxonomy":"product_cat","embeddable":true,"href":"https:\/\/luyuemachinery.com\/es\/wp-json\/wp\/v2\/product_cat?post=829"},{"taxonomy":"product_tag","embeddable":true,"href":"https:\/\/luyuemachinery.com\/es\/wp-json\/wp\/v2\/product_tag?post=829"}],"curies":[{"name":"pp","href":"https:\/\/api.w.org\/{rel}","templated":true}]}}