{"id":823,"date":"2026-02-13T06:48:32","date_gmt":"2026-02-13T06:48:32","guid":{"rendered":"https:\/\/luyuemachinery.com\/?post_type=product&#038;p=823"},"modified":"2026-03-05T02:28:46","modified_gmt":"2026-03-05T02:28:46","slug":"muitl-function-clamp-saw","status":"publish","type":"product","link":"https:\/\/luyuemachinery.com\/es\/product\/muitl-function-clamp-saw\/","title":{"rendered":"Sierra de abrazadera de funci\u00f3n MUITL"},"content":{"rendered":"<div style=\"overflow-x: auto; width: 100%;\">\n<table style=\"width: 100%; border-collapse: collapse;\">\n<tbody>\n<tr>\n<td align=\"left\">modelo<\/td>\n<td align=\"left\">BJ-600<\/td>\n<td align=\"left\">BJ-2000<\/td>\n<\/tr>\n<tr>\n<td align=\"left\">Peso de la m\u00e1quina<\/td>\n<td align=\"left\">450kg<\/td>\n<td align=\"left\">510kg<\/td>\n<\/tr>\n<tr>\n<td align=\"left\">longitud ancho<\/td>\n<td align=\"left\">830<em>500<\/em>1100 (mil\u00edmetro)<\/td>\n<td align=\"left\">900<em>620<\/em>1150 (mil\u00edmetro)<\/td>\n<\/tr>\n<tr>\n<td align=\"left\">Adaptarse al tonelaje de la excavadora<\/td>\n<td align=\"left\">6-10toneladas<\/td>\n<td align=\"left\">10-20 toneladas<\/td>\n<\/tr>\n<tr>\n<td align=\"left\">m\u00e1ximum presi\u00f3n de trabajo<\/td>\n<td align=\"left\">21-28MPa<\/td>\n<td align=\"left\">21-28MPa<\/td>\n<\/tr>\n<tr>\n<td align=\"left\">el m\u00e1ximo. Presi\u00f3n de trabajo del cilindro de camping<\/td>\n<td align=\"left\">21Mpa<\/td>\n<td align=\"left\">21Mpa<\/td>\n<\/tr>\n<tr>\n<td align=\"left\">Desplazamiento del motor oscilante<\/td>\n<td align=\"left\">625ml<\/td>\n<td align=\"left\">625ml<\/td>\n<\/tr>\n<tr>\n<td align=\"left\">Velocidad de rotaci\u00f3nAF<\/td>\n<td align=\"left\">5-20r\/min<\/td>\n<td align=\"left\">5-20r\/min<\/td>\n<\/tr>\n<tr>\n<td align=\"left\">Presi\u00f3n de funcionamiento del motor oscilante<\/td>\n<td align=\"left\">16mapa<\/td>\n<td align=\"left\">16mapa<\/td>\n<\/tr>\n<tr>\n<td align=\"left\">Peso m\u00e1ximo del dispositivo<\/td>\n<td align=\"left\">2-3T<\/td>\n<td align=\"left\">2-3T<\/td>\n<\/tr>\n<tr>\n<td align=\"left\">N\u00famero de campamentos<\/td>\n<td align=\"left\">2<\/td>\n<td align=\"left\">2<\/td>\n<\/tr>\n<tr>\n<td align=\"left\">Funci\u00f3n de autobloqueo giratorio de la mesa giratoria<\/td>\n<td align=\"left\">tener<\/td>\n<td align=\"left\">tener<\/td>\n<\/tr>\n<tr>\n<td align=\"left\">Lubricaci\u00f3n autom\u00e1tica<\/td>\n<td align=\"left\">tener<\/td>\n<td align=\"left\">tener<\/td>\n<\/tr>\n<tr>\n<td align=\"left\">Volumen del tanque de aceite<\/td>\n<td align=\"left\">3L<\/td>\n<td align=\"left\">3L<\/td>\n<\/tr>\n<tr>\n<td align=\"left\">M\u00e9todo de control<\/td>\n<td align=\"left\">Control de mango el\u00e9ctrico<\/td>\n<td align=\"left\">Control de mango el\u00e9ctrico<\/td>\n<\/tr>\n<tr>\n<td align=\"left\">Longitud de sierra<\/td>\n<td align=\"left\">18 pulgadas 21 pulgadas<\/td>\n<td align=\"left\">18 pulgadas 21 pulgadas<\/td>\n<\/tr>\n<\/tbody>\n<\/table>\n<\/div>","protected":false},"excerpt":{"rendered":"<p>El BJ-600 y el BJ-2000 son dos modelos de equipos compatibles con excavadoras de 6-10 y 10-20 toneladas, respectivamente. Ambos modelos cuentan con una mesa rotativa autoblocante, lubricaci\u00f3n autom\u00e1tica y est\u00e1n controlados por un mango el\u00e9ctrico. La presi\u00f3n de trabajo m\u00e1xima es de 21-28 MPa, y la longitud de la gu\u00eda de sierra soporta 18 pulgadas y 21 pulgadas.<\/p>","protected":false},"featured_media":824,"comment_status":"open","ping_status":"closed","template":"","meta":[],"product_brand":[],"product_cat":[33],"product_tag":[],"class_list":{"0":"post-823","1":"product","2":"type-product","3":"status-publish","4":"has-post-thumbnail","6":"product_cat-excavator-accessories","8":"first","9":"instock","10":"shipping-taxable","11":"product-type-simple"},"_links":{"self":[{"href":"https:\/\/luyuemachinery.com\/es\/wp-json\/wp\/v2\/product\/823","targetHints":{"allow":["GET"]}}],"collection":[{"href":"https:\/\/luyuemachinery.com\/es\/wp-json\/wp\/v2\/product"}],"about":[{"href":"https:\/\/luyuemachinery.com\/es\/wp-json\/wp\/v2\/types\/product"}],"replies":[{"embeddable":true,"href":"https:\/\/luyuemachinery.com\/es\/wp-json\/wp\/v2\/comments?post=823"}],"wp:featuredmedia":[{"embeddable":true,"href":"https:\/\/luyuemachinery.com\/es\/wp-json\/wp\/v2\/media\/824"}],"wp:attachment":[{"href":"https:\/\/luyuemachinery.com\/es\/wp-json\/wp\/v2\/media?parent=823"}],"wp:term":[{"taxonomy":"product_brand","embeddable":true,"href":"https:\/\/luyuemachinery.com\/es\/wp-json\/wp\/v2\/product_brand?post=823"},{"taxonomy":"product_cat","embeddable":true,"href":"https:\/\/luyuemachinery.com\/es\/wp-json\/wp\/v2\/product_cat?post=823"},{"taxonomy":"product_tag","embeddable":true,"href":"https:\/\/luyuemachinery.com\/es\/wp-json\/wp\/v2\/product_tag?post=823"}],"curies":[{"name":"pp","href":"https:\/\/api.w.org\/{rel}","templated":true}]}}