{"id":815,"date":"2026-02-13T05:29:04","date_gmt":"2026-02-13T05:29:04","guid":{"rendered":"https:\/\/luyuemachinery.com\/?post_type=product&#038;p=815"},"modified":"2026-03-05T02:39:35","modified_gmt":"2026-03-05T02:39:35","slug":"fully-automatic-wood-cutter","status":"publish","type":"product","link":"https:\/\/luyuemachinery.com\/es\/product\/fully-automatic-wood-cutter\/","title":{"rendered":"Cortador de madera totalmente autom\u00e1tico"},"content":{"rendered":"<h4>Par\u00e1metro de cortador de madera totalmente autom\u00e1tico:<\/h4>\n<div style=\"overflow-x: auto; width: 100%;\">\n<table style=\"width: 100%; border-collapse: collapse;\">\n<tbody>\n<tr>\n<td width=\"284\">formato<\/td>\n<td width=\"284\">1260*1160*1160mm<\/td>\n<\/tr>\n<tr>\n<td width=\"284\">a\u00f1adir peso a<\/td>\n<td width=\"284\">700kg<\/td>\n<\/tr>\n<tr>\n<td width=\"284\">consunci\u00f3n de energ\u00eda<\/td>\n<td width=\"284\">40kw-60kw<\/td>\n<\/tr>\n<tr>\n<td width=\"284\">poder de trabajo<\/td>\n<td width=\"284\">24MPa<\/td>\n<\/tr>\n<tr>\n<td width=\"284\">Dispositivos de sierra<\/td>\n<td width=\"284\">Sierra de cadena hidr\u00e1u<\/td>\n<\/tr>\n<tr>\n<td width=\"284\">Di\u00e1metro m\u00e1ximo de corte<\/td>\n<td width=\"284\">400mm<\/td>\n<\/tr>\n<tr>\n<td width=\"284\">Longitud de la placa de sierra<\/td>\n<td width=\"284\">18\u2019<\/td>\n<\/tr>\n<tr>\n<td width=\"284\">Paso de cadena<\/td>\n<td width=\"284\">0.404\u2019\u2019<\/td>\n<\/tr>\n<tr>\n<td width=\"284\">Capacidad del tanque de sierra<\/td>\n<td width=\"284\">5L<\/td>\n<\/tr>\n<tr>\n<td width=\"284\">Velocidad de la motosierra<\/td>\n<td width=\"284\">40m\/s<\/td>\n<\/tr>\n<tr>\n<td width=\"284\">sistema de alimentaci\u00f3n<\/td>\n<td width=\"284\">Tres ruedas de alimentaci\u00f3n<\/td>\n<\/tr>\n<tr>\n<td width=\"284\">Tres ruedas de alimentaci\u00f3n<\/td>\n<td width=\"284\">410mm<\/td>\n<\/tr>\n<tr>\n<td width=\"284\">fuerza de alimentaci\u00f3n<\/td>\n<td width=\"284\">17kn<\/td>\n<\/tr>\n<tr>\n<td width=\"284\">Velocidad de alimentaci\u00f3n<\/td>\n<td width=\"284\">4m\/s<\/td>\n<\/tr>\n<tr>\n<td width=\"284\">N\u00famero de cuchillos<\/td>\n<td width=\"284\">4+1<\/td>\n<\/tr>\n<tr>\n<td width=\"284\">Apertura m\u00e1xima de la cuchilla delantera<\/td>\n<td width=\"284\">490mm<\/td>\n<\/tr>\n<tr>\n<td width=\"284\">Apertura m\u00e1xima de la cuchilla trasera<\/td>\n<td width=\"284\">450mm<\/td>\n<\/tr>\n<\/tbody>\n<\/table>\n<p style=\"font-weight: 400;\">Adecuado para corte eficiente de m\u00faltiples rutas, sujeci\u00f3n cero, m\u00ednimo 1 cm sobre la rama, sistema de control inteligente, clasificaci\u00f3n autom\u00e1tica de ramas de cola, estructura de f\u00e1cil mantenimiento, tanque de combustible desmontable, corte eficiente y econ\u00f3mico, control multifuncional, geometr\u00eda compacta, alimentaci\u00f3n r\u00e1pida y potente.<\/p>\n<\/div>","protected":false},"excerpt":{"rendered":"<p>Esta m\u00e1quina de corte de madera hidr\u00e1ulica totalmente autom\u00e1tica, con un di\u00e1metro de corte m\u00e1ximo de 400 mm, utiliza un potente avance y un control inteligente para lograr un corte eficiente de varios di\u00e1metros y clasificaci\u00f3n de material de cola de sujeci\u00f3n cero.<\/p>","protected":false},"featured_media":816,"comment_status":"open","ping_status":"closed","template":"","meta":[],"product_brand":[],"product_cat":[33],"product_tag":[],"class_list":{"0":"post-815","1":"product","2":"type-product","3":"status-publish","4":"has-post-thumbnail","6":"product_cat-excavator-accessories","8":"first","9":"instock","10":"shipping-taxable","11":"product-type-simple"},"_links":{"self":[{"href":"https:\/\/luyuemachinery.com\/es\/wp-json\/wp\/v2\/product\/815","targetHints":{"allow":["GET"]}}],"collection":[{"href":"https:\/\/luyuemachinery.com\/es\/wp-json\/wp\/v2\/product"}],"about":[{"href":"https:\/\/luyuemachinery.com\/es\/wp-json\/wp\/v2\/types\/product"}],"replies":[{"embeddable":true,"href":"https:\/\/luyuemachinery.com\/es\/wp-json\/wp\/v2\/comments?post=815"}],"wp:featuredmedia":[{"embeddable":true,"href":"https:\/\/luyuemachinery.com\/es\/wp-json\/wp\/v2\/media\/816"}],"wp:attachment":[{"href":"https:\/\/luyuemachinery.com\/es\/wp-json\/wp\/v2\/media?parent=815"}],"wp:term":[{"taxonomy":"product_brand","embeddable":true,"href":"https:\/\/luyuemachinery.com\/es\/wp-json\/wp\/v2\/product_brand?post=815"},{"taxonomy":"product_cat","embeddable":true,"href":"https:\/\/luyuemachinery.com\/es\/wp-json\/wp\/v2\/product_cat?post=815"},{"taxonomy":"product_tag","embeddable":true,"href":"https:\/\/luyuemachinery.com\/es\/wp-json\/wp\/v2\/product_tag?post=815"}],"curies":[{"name":"pp","href":"https:\/\/api.w.org\/{rel}","templated":true}]}}