{"id":767,"date":"2026-02-12T09:26:22","date_gmt":"2026-02-12T09:26:22","guid":{"rendered":"https:\/\/luyuemachinery.com\/?post_type=product&#038;p=767"},"modified":"2026-03-05T02:51:00","modified_gmt":"2026-03-05T02:51:00","slug":"1-3-ton-mini-excavator","status":"publish","type":"product","link":"https:\/\/luyuemachinery.com\/es\/product\/1-3-ton-mini-excavator\/","title":{"rendered":"Mini excavadora de 1,3 toneladas LY-18G"},"content":{"rendered":"<h4 style=\"overflow-x: auto; width: 100%;\">Par\u00e1metros del producto:<\/h4>\n<div style=\"overflow-x: auto; width: 100%;\">\n<table style=\"width: 100%; border-collapse: collapse;\">\n<tbody>\n<tr style=\"height: 24.00pt;\">\n<td class=\"et3\" style=\"height: 24.00pt; width: 124.25pt;\" width=\"289\" height=\"56\">n\u00famero de serie<\/td>\n<td class=\"et4\" style=\"width: 274.60pt;\" width=\"640\">Dimensiones totales<\/td>\n<td class=\"et4\" style=\"width: 244.95pt;\" width=\"571\">Ubicaci\u00f3n que se muestra en el diagrama<\/td>\n<td class=\"et4\" style=\"width: 116.00pt;\" width=\"270\">datos<\/td>\n<td class=\"et4\" style=\"width: 246.90pt;\" width=\"576\">unidad<\/td>\n<\/tr>\n<tr style=\"height: 22.00pt;\">\n<td class=\"et5\" style=\"height: 22.00pt;\" colspan=\"5\" height=\"51\">Dimensiones totales<\/td>\n<\/tr>\n<tr style=\"height: 17.00pt;\">\n<td class=\"et6\" style=\"height: 17.00pt;\" height=\"39\">1<\/td>\n<td class=\"et7\">Longitud total \/ Longitud de transporte<\/td>\n<td class=\"et7\">A<\/td>\n<td class=\"et7\">4150\/2350<\/td>\n<td class=\"et7\">mm<\/td>\n<\/tr>\n<tr style=\"height: 17.00pt;\">\n<td class=\"et6\" style=\"height: 17.00pt;\" height=\"39\">2<\/td>\n<td class=\"et7\">Ancho total<\/td>\n<td class=\"et7\">B<\/td>\n<td class=\"et7\">1100<\/td>\n<td class=\"et7\">mm<\/td>\n<\/tr>\n<tr style=\"height: 17.00pt;\">\n<td class=\"et6\" style=\"height: 17.00pt;\" height=\"39\">3<\/td>\n<td class=\"et7\">ancho superior<\/td>\n<td class=\"et7\">D<\/td>\n<td class=\"et7\">960<\/td>\n<td class=\"et7\">mm<\/td>\n<\/tr>\n<tr style=\"height: 17.00pt;\">\n<td class=\"et6\" style=\"height: 17.00pt;\" height=\"39\">4<\/td>\n<td class=\"et7\">Altura total (hasta la parte superior de la cabina)<\/td>\n<td class=\"et7\">C<\/td>\n<td class=\"et7\">2280<\/td>\n<td class=\"et7\">mm<\/td>\n<\/tr>\n<tr style=\"height: 17.00pt;\">\n<td class=\"et6\" style=\"height: 17.00pt;\" height=\"39\">5<\/td>\n<td class=\"et7\">Ancho est\u00e1ndar de la placa de oruga<\/td>\n<td class=\"et7\">F<\/td>\n<td class=\"et7\">180<\/td>\n<td class=\"et7\">mm<\/td>\n<\/tr>\n<tr style=\"height: 17.00pt;\">\n<td class=\"et6\" style=\"height: 17.00pt;\" height=\"39\">6<\/td>\n<td class=\"et7\">prueba<\/td>\n<td class=\"et7\">G<\/td>\n<td class=\"et7\">920<\/td>\n<td class=\"et7\">mm<\/td>\n<\/tr>\n<tr style=\"height: 17.00pt;\">\n<td class=\"et6\" style=\"height: 17.00pt;\" height=\"39\">7<\/td>\n<td class=\"et7\">Distancia m\u00ednima al suelo<\/td>\n<td class=\"et7\">H<\/td>\n<td class=\"et7\">119<\/td>\n<td class=\"et7\">mm<\/td>\n<\/tr>\n<tr style=\"height: 17.00pt;\">\n<td class=\"et6\" style=\"height: 17.00pt;\" height=\"39\">8<\/td>\n<td class=\"et7\">Radio de giro de cola<\/td>\n<td class=\"et7\">I<\/td>\n<td class=\"et7\">760<\/td>\n<td class=\"et7\">mm<\/td>\n<\/tr>\n<tr style=\"height: 17.00pt;\">\n<td class=\"et6\" style=\"height: 17.00pt;\" height=\"39\">9<\/td>\n<td class=\"et7\">Longitud de contacto del suelo de pista<\/td>\n<td class=\"et7\">J<\/td>\n<td class=\"et7\">1150<\/td>\n<td class=\"et7\">mm<\/td>\n<\/tr>\n<tr style=\"height: 17.00pt;\">\n<td class=\"et6\" style=\"height: 17.00pt;\" height=\"39\">10<\/td>\n<td class=\"et7\">Duraci\u00f3n de la pista<\/td>\n<td class=\"et7\">K<\/td>\n<td class=\"et7\">1400<\/td>\n<td class=\"et7\">mm<\/td>\n<\/tr>\n<tr style=\"height: 22.00pt;\">\n<td class=\"et5\" style=\"height: 22.00pt;\" colspan=\"5\" height=\"51\">Par\u00e1metros de<\/td>\n<\/tr>\n<tr style=\"height: 17.00pt;\">\n<td class=\"et6\" style=\"height: 17.00pt;\" height=\"39\">11<\/td>\n<td class=\"et7\">Calidad del trabajo<\/td>\n<td class=\"et7\"><\/td>\n<td class=\"et8\">1300<\/td>\n<td class=\"et7\">kg<\/td>\n<\/tr>\n<tr style=\"height: 17.00pt;\">\n<td class=\"et6\" style=\"height: 17.00pt;\" height=\"39\">12<\/td>\n<td class=\"et7\">Capacidad del cubo<\/td>\n<td class=\"et7\"><\/td>\n<td class=\"et7\">0.02<\/td>\n<td class=\"et7\"><span class=\"font3\">m<\/span><span class=\"font5\">3<\/span><\/td>\n<\/tr>\n<tr style=\"height: 17.00pt;\">\n<td class=\"et6\" style=\"height: 17.00pt;\" height=\"39\">13<\/td>\n<td class=\"et7\">Poder nominal<\/td>\n<td class=\"et7\"><\/td>\n<td class=\"et7\">17<\/td>\n<td class=\"et7\">conocimientos<\/td>\n<\/tr>\n<tr style=\"height: 17.00pt;\">\n<td class=\"et6\" style=\"height: 17.00pt;\" height=\"39\">14<\/td>\n<td class=\"et7\">Velocidad de rotaci\u00f3n<\/td>\n<td class=\"et7\"><\/td>\n<td class=\"et7\">12<\/td>\n<td class=\"et7\">privatizar<\/td>\n<\/tr>\n<tr style=\"height: 17.00pt;\">\n<td class=\"et6\" style=\"height: 17.00pt;\" height=\"39\">15<\/td>\n<td class=\"et7\">Capacidad de escalada<\/td>\n<td class=\"et7\"><\/td>\n<td class=\"et7\">30<\/td>\n<td class=\"et7\">Grado (\u00b0)<\/td>\n<\/tr>\n<tr style=\"height: 22.00pt;\">\n<td class=\"et5\" style=\"height: 22.00pt;\" colspan=\"5\" height=\"51\">\u00c1mbito de trabajo<\/td>\n<\/tr>\n<tr style=\"height: 17.00pt;\">\n<td class=\"et6\" style=\"height: 17.00pt;\" height=\"39\">16<\/td>\n<td class=\"et7\">Altura m\u00e1xima de excavaci\u00f3n<\/td>\n<td class=\"et7\">a<\/td>\n<td class=\"et7\">2490<\/td>\n<td class=\"et7\">mm<\/td>\n<\/tr>\n<tr style=\"height: 17.00pt;\">\n<td class=\"et6\" style=\"height: 17.00pt;\" height=\"39\">17<\/td>\n<td class=\"et7\">Altura m\u00e1xima de descarga<\/td>\n<td class=\"et7\">b<\/td>\n<td class=\"et7\">1635<\/td>\n<td class=\"et7\">mm<\/td>\n<\/tr>\n<tr style=\"height: 17.00pt;\">\n<td class=\"et6\" style=\"height: 17.00pt;\" height=\"39\">18<\/td>\n<td class=\"et7\">Profundidad m\u00e1xima de excavaci\u00f3n<\/td>\n<td class=\"et7\">c<\/td>\n<td class=\"et7\">1350<\/td>\n<td class=\"et7\">mm<\/td>\n<\/tr>\n<tr style=\"height: 17.00pt;\">\n<td class=\"et6\" style=\"height: 17.00pt;\" height=\"39\">19<\/td>\n<td class=\"et7\">Distancia m\u00e1xima de excavaci\u00f3n<\/td>\n<td class=\"et7\">d<\/td>\n<td class=\"et7\">2880<\/td>\n<td class=\"et7\">mm<\/td>\n<\/tr>\n<tr style=\"height: 17.00pt;\">\n<td class=\"et6\" style=\"height: 17.00pt;\" height=\"39\">20<\/td>\n<td class=\"et7\">Radio de giro m\u00ednimo<\/td>\n<td class=\"et7\">e<\/td>\n<td class=\"et7\">1580<\/td>\n<td class=\"et7\">mm<\/td>\n<\/tr>\n<tr style=\"height: 17.00pt;\">\n<td class=\"et6\" style=\"height: 17.00pt;\" height=\"39\">21<\/td>\n<td class=\"et7\">Altura m\u00e1xima en radio de giro m\u00ednimo<\/td>\n<td class=\"et7\">f<\/td>\n<td class=\"et7\">1620<\/td>\n<td class=\"et7\">mm<\/td>\n<\/tr>\n<tr style=\"height: 22.00pt;\">\n<td class=\"et5\" style=\"height: 22.00pt;\" colspan=\"5\" height=\"51\">Componentes principales<\/td>\n<\/tr>\n<tr style=\"height: 17.00pt;\">\n<td class=\"et6\" style=\"height: 17.00pt;\" height=\"39\">22<\/td>\n<td class=\"et7\">Especificaciones del motor<\/td>\n<td class=\"et7\"><\/td>\n<td class=\"et7\">Runton 739cc<\/td>\n<td class=\"et7\">Motor de gasolina de dos cilindros<\/td>\n<\/tr>\n<tr style=\"height: 17.00pt;\">\n<td class=\"et9\" style=\"height: 17.00pt;\" height=\"39\">23<\/td>\n<td class=\"et10\">Especificaciones del motor<\/td>\n<td class=\"et10\"><\/td>\n<td class=\"et10\">imitar<\/td>\n<td class=\"et10\"><\/td>\n<\/tr>\n<\/tbody>\n<\/table>\n<p><img fetchpriority=\"high\" decoding=\"async\" class=\"alignnone size-full wp-image-772\" src=\"https:\/\/luyuemachinery.com\/wp-content\/uploads\/2026\/02\/LY-18G-Mini-Excavator-6.jpg\" alt=\"\" width=\"1718\" height=\"563\" srcset=\"https:\/\/luyuemachinery.com\/wp-content\/uploads\/2026\/02\/LY-18G-Mini-Excavator-6.jpg 1718w, https:\/\/luyuemachinery.com\/wp-content\/uploads\/2026\/02\/LY-18G-Mini-Excavator-6-300x98.jpg 300w, https:\/\/luyuemachinery.com\/wp-content\/uploads\/2026\/02\/LY-18G-Mini-Excavator-6-1024x336.jpg 1024w, https:\/\/luyuemachinery.com\/wp-content\/uploads\/2026\/02\/LY-18G-Mini-Excavator-6-768x252.jpg 768w, https:\/\/luyuemachinery.com\/wp-content\/uploads\/2026\/02\/LY-18G-Mini-Excavator-6-1536x503.jpg 1536w, https:\/\/luyuemachinery.com\/wp-content\/uploads\/2026\/02\/LY-18G-Mini-Excavator-6-600x197.jpg 600w\" sizes=\"(max-width: 1718px) 100vw, 1718px\" \/><\/p>\n<p><img decoding=\"async\" class=\"alignnone size-full wp-image-773\" src=\"https:\/\/luyuemachinery.com\/wp-content\/uploads\/2026\/02\/LY-18G-Mini-Excavator-5.jpg\" alt=\"\" width=\"1718\" height=\"563\" srcset=\"https:\/\/luyuemachinery.com\/wp-content\/uploads\/2026\/02\/LY-18G-Mini-Excavator-5.jpg 1718w, https:\/\/luyuemachinery.com\/wp-content\/uploads\/2026\/02\/LY-18G-Mini-Excavator-5-300x98.jpg 300w, https:\/\/luyuemachinery.com\/wp-content\/uploads\/2026\/02\/LY-18G-Mini-Excavator-5-1024x336.jpg 1024w, https:\/\/luyuemachinery.com\/wp-content\/uploads\/2026\/02\/LY-18G-Mini-Excavator-5-768x252.jpg 768w, https:\/\/luyuemachinery.com\/wp-content\/uploads\/2026\/02\/LY-18G-Mini-Excavator-5-1536x503.jpg 1536w, https:\/\/luyuemachinery.com\/wp-content\/uploads\/2026\/02\/LY-18G-Mini-Excavator-5-600x197.jpg 600w\" sizes=\"(max-width: 1718px) 100vw, 1718px\" \/><\/p>\n<\/div>","protected":false},"excerpt":{"rendered":"<p>Se trata de una excavadora compacta mini de oruga (4,15 metros de largo y 1,1 metros de ancho), con una potencia de 17 kilovatios y un peso de trabajo de 1.300 kilogramos. Tiene una altura m\u00e1xima de excavaci\u00f3n de 2,49 metros y una profundidad de excavaci\u00f3n de 1,35 metros, y est\u00e1 equipada con un motor de gasolina de dos cilindros de 739 cc Runtong.<\/p>","protected":false},"featured_media":769,"comment_status":"open","ping_status":"closed","template":"","meta":[],"product_brand":[],"product_cat":[17],"product_tag":[],"class_list":{"0":"post-767","1":"product","2":"type-product","3":"status-publish","4":"has-post-thumbnail","6":"product_cat-mini-tracked-excavator","8":"first","9":"instock","10":"shipping-taxable","11":"product-type-simple"},"_links":{"self":[{"href":"https:\/\/luyuemachinery.com\/es\/wp-json\/wp\/v2\/product\/767","targetHints":{"allow":["GET"]}}],"collection":[{"href":"https:\/\/luyuemachinery.com\/es\/wp-json\/wp\/v2\/product"}],"about":[{"href":"https:\/\/luyuemachinery.com\/es\/wp-json\/wp\/v2\/types\/product"}],"replies":[{"embeddable":true,"href":"https:\/\/luyuemachinery.com\/es\/wp-json\/wp\/v2\/comments?post=767"}],"wp:featuredmedia":[{"embeddable":true,"href":"https:\/\/luyuemachinery.com\/es\/wp-json\/wp\/v2\/media\/769"}],"wp:attachment":[{"href":"https:\/\/luyuemachinery.com\/es\/wp-json\/wp\/v2\/media?parent=767"}],"wp:term":[{"taxonomy":"product_brand","embeddable":true,"href":"https:\/\/luyuemachinery.com\/es\/wp-json\/wp\/v2\/product_brand?post=767"},{"taxonomy":"product_cat","embeddable":true,"href":"https:\/\/luyuemachinery.com\/es\/wp-json\/wp\/v2\/product_cat?post=767"},{"taxonomy":"product_tag","embeddable":true,"href":"https:\/\/luyuemachinery.com\/es\/wp-json\/wp\/v2\/product_tag?post=767"}],"curies":[{"name":"pp","href":"https:\/\/api.w.org\/{rel}","templated":true}]}}