{"id":171,"date":"2026-02-10T02:48:36","date_gmt":"2026-02-10T02:48:36","guid":{"rendered":"https:\/\/luyuemachinery.com\/?post_type=product&#038;p=171"},"modified":"2026-03-05T03:13:39","modified_gmt":"2026-03-05T03:13:39","slug":"crawler-remote-control-lawn-mower","status":"publish","type":"product","link":"https:\/\/luyuemachinery.com\/es\/product\/crawler-remote-control-lawn-mower\/","title":{"rendered":"Segadora de c\u00e9sped con control remoto sobre orugas LY-M750"},"content":{"rendered":"<h4>Introducci\u00f3n de cortac\u00e9sped de control remoto de orugas LYM750<\/h4>\n<p style=\"font-weight: 400;\">La cortadora de c\u00e9sped inteligente puede completar el trabajo de corte de c\u00e9sped de forma independiente sin control y funcionamiento manual. Tiene las caracter\u00edsticas de baja potencia, bajo ruido, apariencia hermosa y reduce en gran medida la operaci\u00f3n manual.<\/p>\n<p style=\"font-weight: 400;\">Preparaci\u00f3n para iniciar el cortac\u00e9sped de control remoto<\/p>\n<p style=\"font-weight: 400;\">(1) Aseg\u00farese de confirmar la estanqueidad de los tornillos en cada pieza antes de arrancar la m\u00e1quina.<\/p>\n<p style=\"font-weight: 400;\">(2) Encienda el interruptor de la tecla de encendido de la m\u00e1quina, tire de la palanca derecha hacia atr\u00e1s y mant\u00e9ngala presionada, luego presione la tecla de interruptor del control remoto para encender el control remoto.<\/p>\n<p style=\"font-weight: 400;\">(3) Aparecer\u00e1 \u201cDIDI\u201d cuando se encienda el mando a distancia, indicando que la m\u00e1quina coincide con el mando a distancia con normalidad.<\/p>\n<p style=\"font-weight: 400;\">(4) arranque del motor;<\/p>\n<p style=\"font-weight: 400;\">a&gt; Suelte el freno en el lado derecho del motor (desconecte el interruptor de encendido al mismo tiempo);<\/p>\n<p style=\"font-weight: 400;\">b&gt; gire el acelerador izquierdo hasta el extremo en sentido antihorario (para abrir el acelerador del motor al mismo tiempo);<\/p>\n<p style=\"font-weight: 400;\">C&gt; Tire de la cuerda de tracci\u00f3n de la placa de la manija firmemente para arrancar el motor;<\/p>\n<p style=\"font-weight: 400;\">d&gt; Despu\u00e9s de arrancar el motor, ajuste el acelerador a la velocidad adecuada en el tiempo;<\/p>\n<h4>Par\u00e1metros de la segadora de c\u00e9sped del control remoto de orugas LYM750<\/h4>\n<div style=\"overflow-x: auto; width: 100%;\">\n<table style=\"width: 100%; border-collapse: collapse;\">\n<tbody>\n<tr>\n<td colspan=\"4\" width=\"568\">Modelo: LYM-750<\/td>\n<\/tr>\n<tr>\n<td width=\"142\">Ancho de corte<\/td>\n<td width=\"142\">550mm<\/td>\n<td width=\"142\">Modo de inicio<\/td>\n<td width=\"142\">Pull\/bot\u00f3n de arranque manual<\/td>\n<\/tr>\n<tr>\n<td width=\"142\">M\u00e9todo de ajuste de altura<\/td>\n<td width=\"142\">Operaci\u00f3n de control remoto<\/td>\n<td width=\"142\">Modo de carga<\/td>\n<td width=\"142\">Sistema de autocarga del motor<\/td>\n<\/tr>\n<tr>\n<td width=\"142\">Altura de rastrojo<\/td>\n<td width=\"142\">20-150mm<\/td>\n<td width=\"142\">Modo de operaci\u00f3n<\/td>\n<td width=\"142\">Operaci\u00f3n de control remoto<\/td>\n<\/tr>\n<tr>\n<td width=\"142\">Velocidad de marcha<\/td>\n<td width=\"142\">0-4km\/h<\/td>\n<td width=\"142\">Distancia de control remoto<\/td>\n<td width=\"142\">0-300m<\/td>\n<\/tr>\n<tr>\n<td width=\"142\">Pendiente de trabajo<\/td>\n<td width=\"142\">0-45\u00b0<\/td>\n<td width=\"142\">Eficiencia de siega<\/td>\n<td width=\"142\">0-2200\u33a1\/h<\/td>\n<\/tr>\n<tr>\n<td width=\"142\">Tama\u00f1o del producto<\/td>\n<td width=\"142\">915mm * 935mm * 560mm<\/td>\n<td width=\"142\">peso neto<\/td>\n<td width=\"142\">175kg<\/td>\n<\/tr>\n<tr>\n<td width=\"142\">Tama\u00f1o del embalaje<\/td>\n<td width=\"142\">970mm * 990mm * 610mm<\/td>\n<td width=\"142\">Peso del embalaje<\/td>\n<td width=\"142\">195kg<\/td>\n<\/tr>\n<tr>\n<td width=\"142\">m\u00e1quina<\/td>\n<td width=\"142\">Motor Loncin224cc\/Motor Kohler200<\/td>\n<td width=\"142\"><\/td>\n<td width=\"142\"><\/td>\n<\/tr>\n<\/tbody>\n<\/table>\n<\/div>","protected":false},"excerpt":{"rendered":"<p>La cortadora de c\u00e9sped inteligente puede completar el trabajo de cortar el c\u00e9sped de forma independiente, sin control y operaci\u00f3n humana directo, y tiene baja potencia, bajo ruido, apariencia exquisita y hermosa, y GRE.<\/p>","protected":false},"featured_media":172,"comment_status":"open","ping_status":"closed","template":"","meta":[],"product_brand":[],"product_cat":[19],"product_tag":[],"class_list":{"0":"post-171","1":"product","2":"type-product","3":"status-publish","4":"has-post-thumbnail","6":"product_cat-remote-control-lawn-mower","8":"first","9":"instock","10":"shipping-taxable","11":"product-type-simple"},"_links":{"self":[{"href":"https:\/\/luyuemachinery.com\/es\/wp-json\/wp\/v2\/product\/171","targetHints":{"allow":["GET"]}}],"collection":[{"href":"https:\/\/luyuemachinery.com\/es\/wp-json\/wp\/v2\/product"}],"about":[{"href":"https:\/\/luyuemachinery.com\/es\/wp-json\/wp\/v2\/types\/product"}],"replies":[{"embeddable":true,"href":"https:\/\/luyuemachinery.com\/es\/wp-json\/wp\/v2\/comments?post=171"}],"wp:featuredmedia":[{"embeddable":true,"href":"https:\/\/luyuemachinery.com\/es\/wp-json\/wp\/v2\/media\/172"}],"wp:attachment":[{"href":"https:\/\/luyuemachinery.com\/es\/wp-json\/wp\/v2\/media?parent=171"}],"wp:term":[{"taxonomy":"product_brand","embeddable":true,"href":"https:\/\/luyuemachinery.com\/es\/wp-json\/wp\/v2\/product_brand?post=171"},{"taxonomy":"product_cat","embeddable":true,"href":"https:\/\/luyuemachinery.com\/es\/wp-json\/wp\/v2\/product_cat?post=171"},{"taxonomy":"product_tag","embeddable":true,"href":"https:\/\/luyuemachinery.com\/es\/wp-json\/wp\/v2\/product_tag?post=171"}],"curies":[{"name":"pp","href":"https:\/\/api.w.org\/{rel}","templated":true}]}}