{"id":168,"date":"2026-02-10T02:45:04","date_gmt":"2026-02-10T02:45:04","guid":{"rendered":"https:\/\/luyuemachinery.com\/?post_type=product&#038;p=168"},"modified":"2026-03-05T03:36:48","modified_gmt":"2026-03-05T03:36:48","slug":"crawler-lawn-mower","status":"publish","type":"product","link":"https:\/\/luyuemachinery.com\/es\/product\/crawler-lawn-mower\/","title":{"rendered":"Cortac\u00e9sped de orugas LY-800T"},"content":{"rendered":"<h4>Par\u00e1metro de la segadora de c\u00e9sped con control remoto de orugas LY-800T<\/h4>\n<div style=\"overflow-x: auto; width: 100%;\">\n<table style=\"width: 100%; border-collapse: collapse;\">\n<tbody>\n<tr>\n<td colspan=\"4\" width=\"568\">Modelo: LY-800T<\/td>\n<\/tr>\n<tr>\n<td width=\"142\">Ancho de corte<\/td>\n<td width=\"142\">800mm<\/td>\n<td width=\"142\">Modo de inicio<\/td>\n<td width=\"142\">Inicio de bot\u00f3n<\/td>\n<\/tr>\n<tr>\n<td width=\"142\">M\u00e9todo de ajuste de altura<\/td>\n<td width=\"142\">Operaci\u00f3n de control remoto<\/td>\n<td width=\"142\">Modo de carga<\/td>\n<td width=\"142\">Sistema de autocarga del motor<\/td>\n<\/tr>\n<tr>\n<td width=\"142\">Altura de rastrojo<\/td>\n<td width=\"142\">30-200mm<\/td>\n<td width=\"142\">Modo de operaci\u00f3n<\/td>\n<td width=\"142\">Operaci\u00f3n de control remoto<\/td>\n<\/tr>\n<tr>\n<td width=\"142\">Velocidad de marcha<\/td>\n<td width=\"142\">0-3,5 km\/h<\/td>\n<td width=\"142\">Distancia de control remoto<\/td>\n<td width=\"142\">0-680m<\/td>\n<\/tr>\n<tr>\n<td width=\"142\">Pendiente de trabajo<\/td>\n<td width=\"142\">0-45\u00b0<\/td>\n<td width=\"142\">Eficiencia de siega<\/td>\n<td width=\"142\">0-2800\u33a1\/h<\/td>\n<\/tr>\n<tr>\n<td width=\"142\">Tama\u00f1o del producto<\/td>\n<td width=\"142\">1420mm * 1320mm * 760mm<\/td>\n<td width=\"142\">peso neto<\/td>\n<td width=\"142\">287kg<\/td>\n<\/tr>\n<tr>\n<td width=\"142\">Tama\u00f1o del embalaje<\/td>\n<td width=\"142\">1470mm * 1320mm * 900mm<\/td>\n<td width=\"142\">Peso del embalaje<\/td>\n<td width=\"142\">356 kg<\/td>\n<\/tr>\n<tr>\n<td width=\"142\">Capacidad del tanque de gasolina<\/td>\n<td width=\"142\">15l<\/td>\n<td width=\"142\">Capacidad del tanque de aceite<\/td>\n<td width=\"142\">1.2L<\/td>\n<\/tr>\n<tr>\n<td width=\"142\">m\u00e1quina<\/td>\n<td colspan=\"3\" width=\"426\">LOCIN608CC MOTOR\/LOCIN764CC MOTOR\/MOTOR RATO740CC<\/td>\n<\/tr>\n<\/tbody>\n<\/table>\n<h2><\/h2>\n<\/div>","protected":false},"excerpt":{"rendered":"<p>El cortac\u00e9sped con oruga LY-800T tiene un ancho de corte de 800 mm, un rango de control remoto de hasta 680 metros, una pendiente m\u00e1xima de trabajo de 45 grados y puede cortar de manera eficiente 2800 metros cuadrados de c\u00e9sped por hora.<\/p>","protected":false},"featured_media":169,"comment_status":"open","ping_status":"closed","template":"","meta":[],"product_brand":[],"product_cat":[19],"product_tag":[],"class_list":{"0":"post-168","1":"product","2":"type-product","3":"status-publish","4":"has-post-thumbnail","6":"product_cat-remote-control-lawn-mower","8":"first","9":"instock","10":"shipping-taxable","11":"product-type-simple"},"_links":{"self":[{"href":"https:\/\/luyuemachinery.com\/es\/wp-json\/wp\/v2\/product\/168","targetHints":{"allow":["GET"]}}],"collection":[{"href":"https:\/\/luyuemachinery.com\/es\/wp-json\/wp\/v2\/product"}],"about":[{"href":"https:\/\/luyuemachinery.com\/es\/wp-json\/wp\/v2\/types\/product"}],"replies":[{"embeddable":true,"href":"https:\/\/luyuemachinery.com\/es\/wp-json\/wp\/v2\/comments?post=168"}],"wp:featuredmedia":[{"embeddable":true,"href":"https:\/\/luyuemachinery.com\/es\/wp-json\/wp\/v2\/media\/169"}],"wp:attachment":[{"href":"https:\/\/luyuemachinery.com\/es\/wp-json\/wp\/v2\/media?parent=168"}],"wp:term":[{"taxonomy":"product_brand","embeddable":true,"href":"https:\/\/luyuemachinery.com\/es\/wp-json\/wp\/v2\/product_brand?post=168"},{"taxonomy":"product_cat","embeddable":true,"href":"https:\/\/luyuemachinery.com\/es\/wp-json\/wp\/v2\/product_cat?post=168"},{"taxonomy":"product_tag","embeddable":true,"href":"https:\/\/luyuemachinery.com\/es\/wp-json\/wp\/v2\/product_tag?post=168"}],"curies":[{"name":"pp","href":"https:\/\/api.w.org\/{rel}","templated":true}]}}