{"id":165,"date":"2026-02-10T02:37:15","date_gmt":"2026-02-10T02:37:15","guid":{"rendered":"https:\/\/luyuemachinery.com\/?post_type=product&#038;p=165"},"modified":"2026-03-05T03:42:13","modified_gmt":"2026-03-05T03:42:13","slug":"mini-skid-steer-loader","status":"publish","type":"product","link":"https:\/\/luyuemachinery.com\/es\/product\/mini-skid-steer-loader\/","title":{"rendered":"Minicargador de minicargador LY-S360L"},"content":{"rendered":"<h4>Par\u00e1metro del cargador de minicargador LYS360L<\/h4>\n<div style=\"overflow-x: auto; width: 100%;\">\n<table style=\"width: 100%; border-collapse: collapse;\">\n<tbody>\n<tr>\n<td colspan=\"4\" width=\"568\"><strong>Modelo: LYS360L<\/strong><\/td>\n<\/tr>\n<tr>\n<td width=\"134\">marca de motor<\/td>\n<td width=\"117\">Motor Briggs &amp; Stratton<\/td>\n<td width=\"188\">Altura m\u00e1xima de funcionamiento<\/td>\n<td width=\"127\">2490mm<\/td>\n<\/tr>\n<tr>\n<td width=\"134\">Poder previsto<\/td>\n<td width=\"117\">13.5kw<\/td>\n<td width=\"188\">Altura al pasador de cubo<\/td>\n<td width=\"127\">1670mm<\/td>\n<\/tr>\n<tr>\n<td width=\"134\">velocidad nominal<\/td>\n<td width=\"117\">3000rpm<\/td>\n<td width=\"188\">Altura total del veh\u00edculo<\/td>\n<td width=\"127\">1390mm<\/td>\n<\/tr>\n<tr>\n<td width=\"134\">N\u00famero de cilindros<\/td>\n<td width=\"117\">1<\/td>\n<td width=\"188\">Altura m\u00e1xima del cuchar\u00f3n<\/td>\n<td width=\"127\">2180mm<\/td>\n<\/tr>\n<tr>\n<td width=\"134\">M\u00e9todo de admisi\u00f3n<\/td>\n<td width=\"117\">normal<\/td>\n<td width=\"188\">Longitud total sin accesorios<\/td>\n<td width=\"127\">1540mm<\/td>\n<\/tr>\n<tr>\n<td width=\"134\">desplazamiento<\/td>\n<td width=\"117\">420cc<\/td>\n<td width=\"188\">Longitud total con cuchar\u00f3n est\u00e1ndar<\/td>\n<td width=\"127\">2160mm<\/td>\n<\/tr>\n<tr>\n<td width=\"134\">Est\u00e1ndar de emisi\u00f3n<\/td>\n<td width=\"117\">Euro5 -EPA<\/td>\n<td width=\"188\">\u00c1ngulo de descarga de altura m\u00e1xima<\/td>\n<td width=\"127\">139mm<\/td>\n<\/tr>\n<tr>\n<td>Carga nominal<\/td>\n<td>200kg<\/td>\n<td>Altura de descarga<\/td>\n<td>1564mm<\/td>\n<\/tr>\n<tr>\n<td>carga m\u00e1xima<\/td>\n<td>300kg<\/td>\n<td>Distancia de descarga<\/td>\n<td>446mm<\/td>\n<\/tr>\n<tr>\n<td>Fuerza m\u00e1xima de elevaci\u00f3n<\/td>\n<td>350kn<\/td>\n<td>\u00c1ngulo de giro del cuchar\u00f3n a nivel del<\/td>\n<td>25\u00b0<\/td>\n<\/tr>\n<tr>\n<td>Velocidad de viaje<\/td>\n<td>0-6km\/h<\/td>\n<td>\u00c1ngulo de giro del cuchar\u00f3n al m\u00e1ximo<\/td>\n<td>115\u00b0<\/td>\n<\/tr>\n<tr>\n<td>Trabajando tres y<\/td>\n<td>9<\/td>\n<td>Volumen de cubo<\/td>\n<td>0.06m\u00b3<\/td>\n<\/tr>\n<tr>\n<td>Presi\u00f3n del sistema de trabajo<\/td>\n<td>17-21bar<\/td>\n<td>masa de operaci\u00f3n<\/td>\n<td>900kg<\/td>\n<\/tr>\n<tr>\n<td>Volumen del tanque de combustible<\/td>\n<td>5L<\/td>\n<td>Tipo de pista<\/td>\n<td>150*36*72mm<\/td>\n<\/tr>\n<\/tbody>\n<\/table>\n<h2><\/h2>\n<\/div>","protected":false},"excerpt":{"rendered":"<p>El cargador de direcci\u00f3n deslizante LYS360L tiene una capacidad de carga de 900 kg, est\u00e1 equipado con un motor de 13,5 kW, ofrece una altura de elevaci\u00f3n de hasta 2490 mm y cuenta con una velocidad de desplazamiento de 6 km\/h y una capacidad de cuchar\u00f3n de 0,06 metros c\u00fabicos, logrando un funcionamiento eficiente en un cuerpo compacto.<\/p>","protected":false},"featured_media":167,"comment_status":"open","ping_status":"closed","template":"","meta":[],"product_brand":[],"product_cat":[18],"product_tag":[],"class_list":{"0":"post-165","1":"product","2":"type-product","3":"status-publish","4":"has-post-thumbnail","6":"product_cat-skid-steer-loader","8":"first","9":"instock","10":"shipping-taxable","11":"product-type-simple"},"_links":{"self":[{"href":"https:\/\/luyuemachinery.com\/es\/wp-json\/wp\/v2\/product\/165","targetHints":{"allow":["GET"]}}],"collection":[{"href":"https:\/\/luyuemachinery.com\/es\/wp-json\/wp\/v2\/product"}],"about":[{"href":"https:\/\/luyuemachinery.com\/es\/wp-json\/wp\/v2\/types\/product"}],"replies":[{"embeddable":true,"href":"https:\/\/luyuemachinery.com\/es\/wp-json\/wp\/v2\/comments?post=165"}],"wp:featuredmedia":[{"embeddable":true,"href":"https:\/\/luyuemachinery.com\/es\/wp-json\/wp\/v2\/media\/167"}],"wp:attachment":[{"href":"https:\/\/luyuemachinery.com\/es\/wp-json\/wp\/v2\/media?parent=165"}],"wp:term":[{"taxonomy":"product_brand","embeddable":true,"href":"https:\/\/luyuemachinery.com\/es\/wp-json\/wp\/v2\/product_brand?post=165"},{"taxonomy":"product_cat","embeddable":true,"href":"https:\/\/luyuemachinery.com\/es\/wp-json\/wp\/v2\/product_cat?post=165"},{"taxonomy":"product_tag","embeddable":true,"href":"https:\/\/luyuemachinery.com\/es\/wp-json\/wp\/v2\/product_tag?post=165"}],"curies":[{"name":"pp","href":"https:\/\/api.w.org\/{rel}","templated":true}]}}