{"id":158,"date":"2026-02-10T02:28:02","date_gmt":"2026-02-10T02:28:02","guid":{"rendered":"https:\/\/luyuemachinery.com\/?post_type=product&#038;p=158"},"modified":"2026-03-05T06:02:22","modified_gmt":"2026-03-05T06:02:22","slug":"crawler-skid-steer-loader","status":"publish","type":"product","link":"https:\/\/luyuemachinery.com\/es\/product\/crawler-skid-steer-loader\/","title":{"rendered":"Cargadora de minicargador de orugas LY-380S"},"content":{"rendered":"<h4>Descripci\u00f3n de la minicargadora de orugas LY380S<\/h4>\n<p style=\"font-weight: 400;\">Las cargadoras de minicargadores, veh\u00edculos de ingenier\u00eda multifuncionales y m\u00e1quinas de ingenier\u00eda multiusos. Logr\u00f3 un equipo especial del volante del veh\u00edculo, el tren de rodaje de las ruedas, la tracci\u00f3n total, la minicargadora, el sitio de trabajo aleatorio se pueden reemplazar r\u00e1pidamente o montar dispositivos utilizando una variedad de trabajos en ambos lados de la diferencia de velocidad de la rueda, para adaptarse a diferentes entornos de trabajo y contenido del trabajo.<\/p>\n<ul>\n<li style=\"font-weight: 400;\">Seguridad de funcionamiento ergon\u00f3micamente dise\u00f1ada<\/li>\n<li style=\"font-weight: 400;\">Sistema de enganche r\u00e1pido<\/li>\n<li style=\"font-weight: 400;\">Plataforma de peso de equilibrio opcional<\/li>\n<li style=\"font-weight: 400;\">Altura de elevaci\u00f3n m\u00e1s alta que productos similares<\/li>\n<li style=\"font-weight: 400;\">P\u00e1rate o camina detr\u00e1s<\/li>\n<li style=\"font-weight: 400;\">empu\u00f1adura de doble mano<\/li>\n<\/ul>\n<p style=\"font-weight: 400;\">Caracter\u00edstica:<\/p>\n<ol>\n<li style=\"font-weight: 400;\">El pedal plegable est\u00e1 dise\u00f1ado para que el conductor pueda ponerse de pie o caminar detr\u00e1s para operar la m\u00e1quina.<\/li>\n<li style=\"font-weight: 400;\">Se\u00f1al clara del panel de instrumentos, funcionando convenientemente.<\/li>\n<li style=\"font-weight: 400;\">El mango del joystick es opcional, lo que lo hace m\u00e1s c\u00f3modo.<\/li>\n<li style=\"font-weight: 400;\">Motor de garant\u00eda internacional, disfrute del mantenimiento local de 3 a\u00f1os de motor gratuito.<\/li>\n<li style=\"font-weight: 400;\">Es una maquinaria de mantenimiento m\u00e1s f\u00e1cil; la cubierta superior y la placa de protecci\u00f3n trasera se pueden abrir y desmontar f\u00e1cilmente, tambi\u00e9n puede descargar f\u00e1cilmente el aceite de desperdicio de motor fuera de la carrocer\u00eda, reemplazar las piezas de repuesto f\u00e1cilmente, como filtro, aceite de motor, filtro de aceite, buj\u00eda, etc.<\/li>\n<\/ol>\n<h4>Par\u00e1metro de rendimiento principal del cargador de direcci\u00f3n deslizante de oruga LY380S:<\/h4>\n<div style=\"overflow-x: auto; width: 100%;\">\n<table style=\"width: 100%; border-collapse: collapse;\">\n<tbody>\n<tr>\n<td colspan=\"2\" width=\"109\"><strong>Modelo: LY380S<\/strong><\/td>\n<\/tr>\n<tr>\n<td width=\"93\">Altura m\u00e1xima de trabajo<\/td>\n<td width=\"15\">2115 mm<\/td>\n<\/tr>\n<tr>\n<td width=\"93\">Altura m\u00e1xima del pasador<\/td>\n<td width=\"15\">1856 mm<\/td>\n<\/tr>\n<tr>\n<td width=\"93\">Altura de volcado m\u00e1ximo<\/td>\n<td width=\"15\">1460 mm<\/td>\n<\/tr>\n<tr>\n<td width=\"93\">La distancia de descarga de punto m\u00e1s alta<\/td>\n<td width=\"15\">388 mm<\/td>\n<\/tr>\n<tr>\n<td width=\"93\">\u00c1ngulo de giro del<\/td>\n<td width=\"15\">55\u00b0<\/td>\n<\/tr>\n<tr>\n<td width=\"93\">\u00c1ngulo de descarga de cubo<\/td>\n<td width=\"15\">30\u00b0<\/td>\n<\/tr>\n<tr>\n<td width=\"93\">\u00c1ngulo de apertura-cierre<\/td>\n<td width=\"15\">25\u00b0<\/td>\n<\/tr>\n<tr>\n<td width=\"93\">\u00e1ngulo de partida<\/td>\n<td width=\"15\">8\u00b0<\/td>\n<\/tr>\n<tr>\n<td width=\"93\">Altura total<\/td>\n<td width=\"15\">1205 mm<\/td>\n<\/tr>\n<tr>\n<td width=\"93\">La altura del suelo<\/td>\n<td width=\"15\">90 mm<\/td>\n<\/tr>\n<tr>\n<td width=\"93\">distancia de rueda<\/td>\n<td width=\"15\">636 mm<\/td>\n<\/tr>\n<tr>\n<td width=\"93\">Sin longitud del cubo<\/td>\n<td width=\"15\">1752 mm<\/td>\n<\/tr>\n<tr>\n<td width=\"93\">Ancho total<\/td>\n<td width=\"15\">1033 mm<\/td>\n<\/tr>\n<tr>\n<td width=\"93\">Ancho del cubo<\/td>\n<td width=\"15\">980 mm<\/td>\n<\/tr>\n<tr>\n<td width=\"93\">Longitud total (con cubo)<\/td>\n<td width=\"15\">2206 mm<\/td>\n<\/tr>\n<tr>\n<td width=\"93\">radio de giro<\/td>\n<td width=\"15\">1307 mm<\/td>\n<\/tr>\n<\/tbody>\n<\/table>\n<h4>Par\u00e1metros principales de rendimiento:<\/h4>\n<div style=\"overflow-x: auto; width: 100%;\">\n<table style=\"width: 100%; border-collapse: collapse;\">\n<tbody>\n<tr>\n<td colspan=\"6\" width=\"559\">Modelo: LY380S<\/td>\n<\/tr>\n<tr>\n<td colspan=\"2\" rowspan=\"2\" width=\"305\">m\u00e1quina<\/td>\n<td width=\"132\">Poder nominal<\/td>\n<td colspan=\"3\" width=\"120\">21hp\/23hp<\/td>\n<\/tr>\n<tr>\n<td width=\"132\">Velocidad de rotaci\u00f3n (rpm)<\/td>\n<td colspan=\"3\" width=\"120\">3600<\/td>\n<\/tr>\n<tr>\n<td colspan=\"3\" width=\"438\">Ruido (dB)<\/td>\n<td colspan=\"3\" width=\"120\">\u226495<\/td>\n<\/tr>\n<tr>\n<td colspan=\"2\" rowspan=\"3\" width=\"305\">sistema hidr\u00e1ulico<\/td>\n<td width=\"132\">Presi\u00f3n hidr\u00e1ulica (MPa)<\/td>\n<td colspan=\"3\" width=\"120\">17<\/td>\n<\/tr>\n<tr>\n<td rowspan=\"2\" width=\"132\">Tiempo de ciclo (S)<\/td>\n<td width=\"30\">\u00a0subida<\/td>\n<td width=\"44\">dep\u00f3sito de muni<\/td>\n<td width=\"45\">encapota<\/td>\n<\/tr>\n<tr>\n<td width=\"30\">4.27<\/td>\n<td width=\"44\">1.34<\/td>\n<td width=\"45\">3.31<\/td>\n<\/tr>\n<tr>\n<td rowspan=\"7\" width=\"170\">Par\u00e1metros de<\/td>\n<td width=\"135\"><\/td>\n<td width=\"132\">m\u00e9trico<\/td>\n<td colspan=\"3\" width=\"120\">pulgada<\/td>\n<\/tr>\n<tr>\n<td width=\"135\">Peso de carga (kg)<\/td>\n<td width=\"132\">200 kg<\/td>\n<td colspan=\"3\" width=\"120\">441 libras<\/td>\n<\/tr>\n<tr>\n<td width=\"135\">Capacidad del cubo<\/td>\n<td width=\"132\">0,15 m3<\/td>\n<td colspan=\"3\" width=\"120\">5.33 pies 3<\/td>\n<\/tr>\n<tr>\n<td width=\"135\">Potencia de elevaci\u00f3n m\u00e1xima<\/td>\n<td width=\"132\">375 kg<\/td>\n<td colspan=\"3\" width=\"120\">827 libras<\/td>\n<\/tr>\n<tr>\n<td width=\"135\">anfetamina<\/td>\n<td width=\"132\">0-5,5 km\/h<\/td>\n<td colspan=\"3\" width=\"120\">0-3.4 mlie\/h<\/td>\n<\/tr>\n<tr>\n<td width=\"135\">Peso operativo<\/td>\n<td width=\"132\">890kg<\/td>\n<td colspan=\"3\" width=\"120\">1958lb<\/td>\n<\/tr>\n<tr>\n<td width=\"135\">Tipo de neum\u00e1tico<\/td>\n<td width=\"132\">Neum\u00e1tico de cheur\u00f3n<\/td>\n<td colspan=\"3\" width=\"120\">18*6.5-8<\/td>\n<\/tr>\n<\/tbody>\n<\/table>\n<\/div>\n<\/div>","protected":false},"excerpt":{"rendered":"<p>Las cargadoras de minicargadores, veh\u00edculos de ingenier\u00eda multifuncionales, m\u00e1quina de ingenier\u00eda multiusos. Logr\u00f3 un equipo especial del volante del veh\u00edculo del chasis, el tren de rodaje de las ruedas, la tracci\u00f3n total.<\/p>","protected":false},"featured_media":159,"comment_status":"open","ping_status":"closed","template":"","meta":[],"product_brand":[],"product_cat":[18],"product_tag":[],"class_list":{"0":"post-158","1":"product","2":"type-product","3":"status-publish","4":"has-post-thumbnail","6":"product_cat-skid-steer-loader","8":"first","9":"instock","10":"shipping-taxable","11":"product-type-simple"},"_links":{"self":[{"href":"https:\/\/luyuemachinery.com\/es\/wp-json\/wp\/v2\/product\/158","targetHints":{"allow":["GET"]}}],"collection":[{"href":"https:\/\/luyuemachinery.com\/es\/wp-json\/wp\/v2\/product"}],"about":[{"href":"https:\/\/luyuemachinery.com\/es\/wp-json\/wp\/v2\/types\/product"}],"replies":[{"embeddable":true,"href":"https:\/\/luyuemachinery.com\/es\/wp-json\/wp\/v2\/comments?post=158"}],"wp:featuredmedia":[{"embeddable":true,"href":"https:\/\/luyuemachinery.com\/es\/wp-json\/wp\/v2\/media\/159"}],"wp:attachment":[{"href":"https:\/\/luyuemachinery.com\/es\/wp-json\/wp\/v2\/media?parent=158"}],"wp:term":[{"taxonomy":"product_brand","embeddable":true,"href":"https:\/\/luyuemachinery.com\/es\/wp-json\/wp\/v2\/product_brand?post=158"},{"taxonomy":"product_cat","embeddable":true,"href":"https:\/\/luyuemachinery.com\/es\/wp-json\/wp\/v2\/product_cat?post=158"},{"taxonomy":"product_tag","embeddable":true,"href":"https:\/\/luyuemachinery.com\/es\/wp-json\/wp\/v2\/product_tag?post=158"}],"curies":[{"name":"pp","href":"https:\/\/api.w.org\/{rel}","templated":true}]}}