{"id":153,"date":"2026-02-10T02:15:38","date_gmt":"2026-02-10T02:15:38","guid":{"rendered":"https:\/\/luyuemachinery.com\/?post_type=product&#038;p=153"},"modified":"2026-03-05T06:05:18","modified_gmt":"2026-03-05T06:05:18","slug":"1t-mini-excavator","status":"publish","type":"product","link":"https:\/\/luyuemachinery.com\/es\/product\/1t-mini-excavator\/","title":{"rendered":"EXCAVADORA 10C 10 C"},"content":{"rendered":"<h4>LY-10C 1T\u00a0instrucci\u00f3n de mini excavadora<\/h4>\n<p>Alta eficiencia de combustible, energ\u00eda de ahorro de energ\u00eda y ambiente de protecci\u00f3n<\/p>\n<h4>Par\u00e1metro de excavadora LY-10C 1T\u00a0Mini excavadora<\/h4>\n<div style=\"overflow-x: auto; width: 100%;\">\n<table style=\"width: 100%; border-collapse: collapse;\">\n<tbody>\n<tr>\n<td width=\"284\">modelo<\/td>\n<td width=\"284\">LY-10C<\/td>\n<\/tr>\n<tr>\n<td width=\"284\">a\u00f1adir peso a<\/td>\n<td width=\"284\">1000kg<\/td>\n<\/tr>\n<tr>\n<td width=\"284\">Capacidad del cubo de excavaci\u00f3n<\/td>\n<td width=\"284\">0.025CBM\/120kg<\/td>\n<\/tr>\n<tr>\n<td width=\"284\">Ancho del cubo<\/td>\n<td width=\"284\">380mm<\/td>\n<\/tr>\n<tr>\n<td width=\"284\">m\u00e1quina<\/td>\n<td width=\"284\">Motor Koop (192F)<\/td>\n<\/tr>\n<tr>\n<td width=\"284\">Motor opcional<\/td>\n<td width=\"284\">Motor Briggs &amp; Stratton Motor Yanmar<\/td>\n<\/tr>\n<tr>\n<td width=\"284\">Trazo de perforaci\u00f3n<\/td>\n<td width=\"284\">Cilindro \u00fanico, ventilador fr\u00edo<\/td>\n<\/tr>\n<tr>\n<td width=\"284\">Poder nominal<\/td>\n<td width=\"284\">7kw\/3000r\/min<\/td>\n<\/tr>\n<tr>\n<td width=\"284\">Bomba principal<\/td>\n<td width=\"284\">G5-6<\/td>\n<\/tr>\n<tr>\n<td width=\"284\">desplazamiento<\/td>\n<td width=\"284\">6,8 ml\/r<\/td>\n<\/tr>\n<tr>\n<td width=\"284\">Motor de giro<\/td>\n<td width=\"284\">Sanyang (BMRS-250)<\/td>\n<\/tr>\n<tr>\n<td width=\"284\">Motor ambulante<\/td>\n<td width=\"284\">Sanyang (BMT-245)<\/td>\n<\/tr>\n<tr>\n<td width=\"284\">Velocidad de viaje<\/td>\n<td width=\"284\">1,5 km\/h<\/td>\n<\/tr>\n<tr>\n<td width=\"284\">Dimensiones principales<\/td>\n<td width=\"284\"><\/td>\n<\/tr>\n<tr>\n<td width=\"284\">Dimensi\u00f3n general (LxAnxAlto)<\/td>\n<td width=\"284\">2775 x 930 x 2219 mm<\/td>\n<\/tr>\n<tr>\n<td width=\"284\">distancia de rueda<\/td>\n<td width=\"284\">910 mm<\/td>\n<\/tr>\n<tr>\n<td width=\"284\">Duraci\u00f3n total de la pista<\/td>\n<td width=\"284\">1230mm<\/td>\n<\/tr>\n<tr>\n<td width=\"284\">Distancia al suelo de la plataforma<\/td>\n<td width=\"284\">380 mm<\/td>\n<\/tr>\n<tr>\n<td width=\"284\">Radio de giro de la parte trasera de la plataforma<\/td>\n<td width=\"284\">784 mm<\/td>\n<\/tr>\n<tr>\n<td width=\"284\">Ancho del chasis<\/td>\n<td width=\"284\">896 mm<\/td>\n<\/tr>\n<tr>\n<td width=\"284\">Ancho de la pista<\/td>\n<td width=\"284\">180 mm<\/td>\n<\/tr>\n<tr>\n<td width=\"284\">Distancia al suelo del chasis<\/td>\n<td width=\"284\">132 mm<\/td>\n<\/tr>\n<tr>\n<td width=\"284\">Altura de la pista<\/td>\n<td width=\"284\">320 mm<\/td>\n<\/tr>\n<tr>\n<td width=\"284\">alcance polaco<\/td>\n<td width=\"284\"><\/td>\n<\/tr>\n<tr>\n<td width=\"284\">m\u00e1ximum Profundidad de excavaci\u00f3n<\/td>\n<td width=\"284\">1650 mm<\/td>\n<\/tr>\n<tr>\n<td width=\"284\">m\u00e1ximum Profundidad de excavaci\u00f3n vertical<\/td>\n<td width=\"284\">1375 mm<\/td>\n<\/tr>\n<tr>\n<td width=\"284\">m\u00e1ximum Altura de excavaci\u00f3n<\/td>\n<td width=\"284\">2610 mm<\/td>\n<\/tr>\n<tr>\n<td width=\"284\">m\u00e1ximum Altura de descarga<\/td>\n<td width=\"284\">1850 mm<\/td>\n<\/tr>\n<tr>\n<td width=\"284\">m\u00e1ximum Radio de excavaci\u00f3n en el suelo<\/td>\n<td width=\"284\">2850 mm<\/td>\n<\/tr>\n<tr>\n<td width=\"284\">Min. Rad de rolaci\u00f3n<\/td>\n<td width=\"284\">1330 mm<\/td>\n<\/tr>\n<tr>\n<td width=\"284\">m\u00e1ximum Altura de actualizaci\u00f3n de la hoja de excavadora<\/td>\n<td width=\"284\">345 mm<\/td>\n<\/tr>\n<tr>\n<td width=\"284\">m\u00e1ximum Profundidad de excavaci\u00f3n una hoja de excavadora<\/td>\n<td width=\"284\">255 mm<\/td>\n<\/tr>\n<\/tbody>\n<\/table>\n<\/div>","protected":false},"excerpt":{"rendered":"<p>Alta eficiencia de combustible, energ\u00eda de ahorro de energ\u00eda y medio ambiente de protecci\u00f3n.<\/p>","protected":false},"featured_media":154,"comment_status":"open","ping_status":"closed","template":"","meta":[],"product_brand":[],"product_cat":[17],"product_tag":[],"class_list":{"0":"post-153","1":"product","2":"type-product","3":"status-publish","4":"has-post-thumbnail","6":"product_cat-mini-tracked-excavator","8":"first","9":"instock","10":"shipping-taxable","11":"product-type-simple"},"_links":{"self":[{"href":"https:\/\/luyuemachinery.com\/es\/wp-json\/wp\/v2\/product\/153","targetHints":{"allow":["GET"]}}],"collection":[{"href":"https:\/\/luyuemachinery.com\/es\/wp-json\/wp\/v2\/product"}],"about":[{"href":"https:\/\/luyuemachinery.com\/es\/wp-json\/wp\/v2\/types\/product"}],"replies":[{"embeddable":true,"href":"https:\/\/luyuemachinery.com\/es\/wp-json\/wp\/v2\/comments?post=153"}],"wp:featuredmedia":[{"embeddable":true,"href":"https:\/\/luyuemachinery.com\/es\/wp-json\/wp\/v2\/media\/154"}],"wp:attachment":[{"href":"https:\/\/luyuemachinery.com\/es\/wp-json\/wp\/v2\/media?parent=153"}],"wp:term":[{"taxonomy":"product_brand","embeddable":true,"href":"https:\/\/luyuemachinery.com\/es\/wp-json\/wp\/v2\/product_brand?post=153"},{"taxonomy":"product_cat","embeddable":true,"href":"https:\/\/luyuemachinery.com\/es\/wp-json\/wp\/v2\/product_cat?post=153"},{"taxonomy":"product_tag","embeddable":true,"href":"https:\/\/luyuemachinery.com\/es\/wp-json\/wp\/v2\/product_tag?post=153"}],"curies":[{"name":"pp","href":"https:\/\/api.w.org\/{rel}","templated":true}]}}