{"id":661,"date":"2026-02-12T07:19:16","date_gmt":"2026-02-12T07:19:16","guid":{"rendered":"https:\/\/luyuemachinery.com\/?page_id=661"},"modified":"2026-02-12T07:20:51","modified_gmt":"2026-02-12T07:20:51","slug":"refund-policy","status":"publish","type":"page","link":"https:\/\/luyuemachinery.com\/es\/refund-policy\/","title":{"rendered":"Pol\u00edtica de reembolso"},"content":{"rendered":"<div data-elementor-type=\"wp-page\" data-elementor-id=\"661\" class=\"elementor elementor-661\" data-elementor-post-type=\"page\">\n\t\t\t\t\t\t<section class=\"elementor-section elementor-top-section elementor-element elementor-element-fc09c6b elementor-section-boxed elementor-section-height-default elementor-section-height-default\" data-id=\"fc09c6b\" data-element_type=\"section\" data-e-type=\"section\" data-settings=\"{&quot;background_background&quot;:&quot;classic&quot;}\">\n\t\t\t\t\t\t\t<div class=\"elementor-background-overlay\"><\/div>\n\t\t\t\t\t\t\t<div class=\"elementor-container elementor-column-gap-no\">\n\t\t\t\t\t<div class=\"elementor-column elementor-col-100 elementor-top-column elementor-element elementor-element-a333467\" data-id=\"a333467\" data-element_type=\"column\" data-e-type=\"column\">\n\t\t\t<div class=\"elementor-widget-wrap elementor-element-populated\">\n\t\t\t\t\t\t<div class=\"elementor-element elementor-element-bc124b6 elementor-icon-list--layout-inline elementor-list-item-link-full_width elementor-widget elementor-widget-icon-list\" data-id=\"bc124b6\" data-element_type=\"widget\" data-e-type=\"widget\" data-widget_type=\"icon-list.default\">\n\t\t\t\t\t\t\t<ul class=\"elementor-icon-list-items elementor-inline-items\">\n\t\t\t\t\t\t\t<li class=\"elementor-icon-list-item elementor-inline-item\">\n\t\t\t\t\t\t\t\t\t\t\t<a href=\"https:\/\/luyuemachinery.com\/es\/\">\n\n\t\t\t\t\t\t\t\t\t\t\t<span class=\"elementor-icon-list-text\">casa<\/span>\n\t\t\t\t\t\t\t\t\t\t\t<\/a>\n\t\t\t\t\t\t\t\t\t<\/li>\n\t\t\t\t\t\t\t\t<li class=\"elementor-icon-list-item elementor-inline-item\">\n\t\t\t\t\t\t\t\t\t\t\t<a href=\"#\">\n\n\t\t\t\t\t\t\t\t\t\t\t\t<span class=\"elementor-icon-list-icon\">\n\t\t\t\t\t\t\t<svg aria-hidden=\"true\" class=\"e-font-icon-svg e-fas-angle-right\" viewbox=\"0 0 256 512\" xmlns=\"http:\/\/www.w3.org\/2000\/svg\"><path d=\"M224.3 273l-136 136c-9.4 9.4-24.6 9.4-33.9 0l-22.6-22.6c-9.4-9.4-9.4-24.6 0-33.9l96.4-96.4-96.4-96.4c-9.4-9.4-9.4-24.6 0-33.9L54.3 103c9.4-9.4 24.6-9.4 33.9 0l136 136c9.5 9.4 9.5 24.6.1 34z\"><\/path><\/svg>\t\t\t\t\t\t<\/span>\n\t\t\t\t\t\t\t\t\t\t<span class=\"elementor-icon-list-text\">Pol\u00edtica de privacidad<\/span>\n\t\t\t\t\t\t\t\t\t\t\t<\/a>\n\t\t\t\t\t\t\t\t\t<\/li>\n\t\t\t\t\t\t<\/ul>\n\t\t\t\t\t\t<\/div>\n\t\t\t\t<div class=\"elementor-element elementor-element-1d22620 elementor-widget elementor-widget-heading\" data-id=\"1d22620\" data-element_type=\"widget\" data-e-type=\"widget\" data-widget_type=\"heading.default\">\n\t\t\t\t\t<h1 class=\"elementor-heading-title elementor-size-default\">Pol\u00edtica de privacidad<\/h1>\t\t\t\t<\/div>\n\t\t\t\t\t<\/div>\n\t\t<\/div>\n\t\t\t\t\t<\/div>\n\t\t<\/section>\n\t\t<div class=\"elementor-element elementor-element-27baa6f e-flex e-con-boxed e-con e-parent\" data-id=\"27baa6f\" data-element_type=\"container\" data-e-type=\"container\">\n\t\t\t\t\t<div class=\"e-con-inner\">\n\t\t\t\t<div class=\"elementor-element elementor-element-31522ed elementor-widget elementor-widget-text-editor\" data-id=\"31522ed\" data-element_type=\"widget\" data-e-type=\"widget\" data-widget_type=\"text-editor.default\">\n\t\t\t\t\t\t\t\t\t<p>por <strong><b>Jining Luyue Comercio Internacional Co., Ltd.<\/b><\/strong>, nos esforzamos por ofrecer productos de alta calidad y un excelente servicio al cliente. Entendemos que a veces un producto puede no cumplir con sus expectativas. En tal caso, ofrecemos una pol\u00edtica de reembolso que le permite devolver el producto dentro de un per\u00edodo de tiempo determinado desde la fecha de compra.<\/p><p>Tenga en cuenta que no podemos hacer ninguna promesa o garant\u00eda sobre el resultado de cualquier producto que ofrecemos. Nos esforzamos por proporcionar productos de alta calidad, pero el \u00e9xito de cualquier producto depende de varios factores que est\u00e1n fuera de nuestro control. Por lo tanto, no podemos ofrecer reembolsos basados en el resultado de ning\u00fan producto.<\/p><p>Nuestra pol\u00edtica de reembolso es la siguiente:<\/p><p>Si no est\u00e1 satisfecho con el producto, puede ser elegible para una devoluci\u00f3n.<\/p><p>Para iniciar una devoluci\u00f3n, cont\u00e1ctenos en <span style=\"color: #800000;\"><a style=\"color: #800000;\" href=\"mailto:xingweiwang29@gmail.com\"><strong><u><b>xingweiwang29@gmail.com<\/b><\/u><\/strong><\/a><\/span><\/p><p>El producto debe estar en su embalaje original y en condiciones nuevas para poder devolver.<\/p><p>Las tarifas de env\u00edo y manipulaci\u00f3n no son reembolsables.<\/p><p>Una vez que recibamos el producto, lo evaluaremos y determinaremos si una devoluci\u00f3n es apropiada.<\/p><p>Tenga en cuenta que nos reservamos el derecho de rechazar una devoluci\u00f3n si el producto no cumple con nuestros criterios de pol\u00edtica de devoluci\u00f3n.<\/p><p>Si tiene alguna pregunta o inquietud sobre nuestra pol\u00edtica de reembolso, no dude en contactarnos en <span style=\"color: #800000;\"><a style=\"color: #800000;\" href=\"mailto:xingweiwang29@gmail.com\"><strong><u><b>xingweiwang29@gmail.com<\/b><\/u><\/strong><\/a><\/span><\/p><p>\u00a0<\/p>\t\t\t\t\t\t\t\t<\/div>\n\t\t\t\t\t<\/div>\n\t\t\t\t<\/div>\n\t\t\t\t<\/div>","protected":false},"excerpt":{"rendered":"<p>Home Privacy Policy Privacy Policy At Jining Luyue International Trade Co., Ltd., we strive to provide high-quality products and excellent customer service. We understand that sometimes a product may not meet your expectations. In such an event, we offer a refund policy that allows you to return the product within a certain period of time [&hellip;]<\/p>\n","protected":false},"author":1,"featured_media":0,"parent":0,"menu_order":0,"comment_status":"closed","ping_status":"closed","template":"","meta":{"footnotes":""},"class_list":["post-661","page","type-page","status-publish","hentry"],"_links":{"self":[{"href":"https:\/\/luyuemachinery.com\/es\/wp-json\/wp\/v2\/pages\/661","targetHints":{"allow":["GET"]}}],"collection":[{"href":"https:\/\/luyuemachinery.com\/es\/wp-json\/wp\/v2\/pages"}],"about":[{"href":"https:\/\/luyuemachinery.com\/es\/wp-json\/wp\/v2\/types\/page"}],"author":[{"embeddable":true,"href":"https:\/\/luyuemachinery.com\/es\/wp-json\/wp\/v2\/users\/1"}],"replies":[{"embeddable":true,"href":"https:\/\/luyuemachinery.com\/es\/wp-json\/wp\/v2\/comments?post=661"}],"version-history":[{"count":0,"href":"https:\/\/luyuemachinery.com\/es\/wp-json\/wp\/v2\/pages\/661\/revisions"}],"wp:attachment":[{"href":"https:\/\/luyuemachinery.com\/es\/wp-json\/wp\/v2\/media?parent=661"}],"curies":[{"name":"pp","href":"https:\/\/api.w.org\/{rel}","templated":true}]}}