{"id":655,"date":"2026-02-12T07:16:54","date_gmt":"2026-02-12T07:16:54","guid":{"rendered":"https:\/\/luyuemachinery.com\/?page_id=655"},"modified":"2026-02-12T07:18:28","modified_gmt":"2026-02-12T07:18:28","slug":"shipping-policy","status":"publish","type":"page","link":"https:\/\/luyuemachinery.com\/es\/shipping-policy\/","title":{"rendered":"pol\u00edtica de env\u00edo"},"content":{"rendered":"<div data-elementor-type=\"wp-page\" data-elementor-id=\"655\" class=\"elementor elementor-655\" data-elementor-post-type=\"page\">\n\t\t\t\t\t\t<section class=\"elementor-section elementor-top-section elementor-element elementor-element-c6e2ca9 elementor-section-boxed elementor-section-height-default elementor-section-height-default\" data-id=\"c6e2ca9\" data-element_type=\"section\" data-e-type=\"section\" data-settings=\"{&quot;background_background&quot;:&quot;classic&quot;}\">\n\t\t\t\t\t\t\t<div class=\"elementor-background-overlay\"><\/div>\n\t\t\t\t\t\t\t<div class=\"elementor-container elementor-column-gap-no\">\n\t\t\t\t\t<div class=\"elementor-column elementor-col-100 elementor-top-column elementor-element elementor-element-3aa87f0\" data-id=\"3aa87f0\" data-element_type=\"column\" data-e-type=\"column\">\n\t\t\t<div class=\"elementor-widget-wrap elementor-element-populated\">\n\t\t\t\t\t\t<div class=\"elementor-element elementor-element-55d60f3 elementor-icon-list--layout-inline elementor-list-item-link-full_width elementor-widget elementor-widget-icon-list\" data-id=\"55d60f3\" data-element_type=\"widget\" data-e-type=\"widget\" data-widget_type=\"icon-list.default\">\n\t\t\t\t\t\t\t<ul class=\"elementor-icon-list-items elementor-inline-items\">\n\t\t\t\t\t\t\t<li class=\"elementor-icon-list-item elementor-inline-item\">\n\t\t\t\t\t\t\t\t\t\t\t<a href=\"https:\/\/luyuemachinery.com\/es\/\">\n\n\t\t\t\t\t\t\t\t\t\t\t<span class=\"elementor-icon-list-text\">casa<\/span>\n\t\t\t\t\t\t\t\t\t\t\t<\/a>\n\t\t\t\t\t\t\t\t\t<\/li>\n\t\t\t\t\t\t\t\t<li class=\"elementor-icon-list-item elementor-inline-item\">\n\t\t\t\t\t\t\t\t\t\t\t<a href=\"#\">\n\n\t\t\t\t\t\t\t\t\t\t\t\t<span class=\"elementor-icon-list-icon\">\n\t\t\t\t\t\t\t<svg aria-hidden=\"true\" class=\"e-font-icon-svg e-fas-angle-right\" viewbox=\"0 0 256 512\" xmlns=\"http:\/\/www.w3.org\/2000\/svg\"><path d=\"M224.3 273l-136 136c-9.4 9.4-24.6 9.4-33.9 0l-22.6-22.6c-9.4-9.4-9.4-24.6 0-33.9l96.4-96.4-96.4-96.4c-9.4-9.4-9.4-24.6 0-33.9L54.3 103c9.4-9.4 24.6-9.4 33.9 0l136 136c9.5 9.4 9.5 24.6.1 34z\"><\/path><\/svg>\t\t\t\t\t\t<\/span>\n\t\t\t\t\t\t\t\t\t\t<span class=\"elementor-icon-list-text\">pol\u00edtica de env\u00edo<\/span>\n\t\t\t\t\t\t\t\t\t\t\t<\/a>\n\t\t\t\t\t\t\t\t\t<\/li>\n\t\t\t\t\t\t<\/ul>\n\t\t\t\t\t\t<\/div>\n\t\t\t\t<div class=\"elementor-element elementor-element-76694ab elementor-widget elementor-widget-heading\" data-id=\"76694ab\" data-element_type=\"widget\" data-e-type=\"widget\" data-widget_type=\"heading.default\">\n\t\t\t\t\t<h1 class=\"elementor-heading-title elementor-size-default\">pol\u00edtica de env\u00edo<\/h1>\t\t\t\t<\/div>\n\t\t\t\t\t<\/div>\n\t\t<\/div>\n\t\t\t\t\t<\/div>\n\t\t<\/section>\n\t\t<div class=\"elementor-element elementor-element-d915883 e-flex e-con-boxed e-con e-parent\" data-id=\"d915883\" data-element_type=\"container\" data-e-type=\"container\">\n\t\t\t\t\t<div class=\"e-con-inner\">\n\t\t\t\t<div class=\"elementor-element elementor-element-c90c680 elementor-widget elementor-widget-text-editor\" data-id=\"c90c680\" data-element_type=\"widget\" data-e-type=\"widget\" data-widget_type=\"text-editor.default\">\n\t\t\t\t\t\t\t\t\t<div class=\"elementor-element elementor-element-c97a697 elementor-widget elementor-widget-heading\" data-id=\"c97a697\" data-element_type=\"widget\" data-widget_type=\"heading.default\"><p class=\"elementor-heading-title elementor-size-default\">por <strong><b>Jining Luyue Comercio Internacional Co., Ltd.<\/b><\/strong>Nos esforzamos por proporcionar una entrega oportuna y eficiente de nuestros productos a nuestros clientes.<\/p><p>Enviamos nuestros productos a clientes tanto a nivel nacional como internacional.<\/p><\/div><div class=\"elementor-element elementor-element-331976b elementor-widget elementor-widget-text-editor\" data-id=\"331976b\" data-element_type=\"widget\" data-widget_type=\"text-editor.default\"><h5>Env\u00edos dom\u00e9sticos:<\/h5><p>Enviamos nuestros productos dentro de China continental a trav\u00e9s de varios transportistas, dependiendo del producto y la ubicaci\u00f3n del cliente.<\/p><p>Las tarifas de env\u00edo nacionales pueden variar seg\u00fan el peso y el tama\u00f1o del producto, as\u00ed como el destino de env\u00edo.<\/p><p>El tiempo de entrega estimado para env\u00edos nacionales suele ser de 3 a 7 d\u00edas h\u00e1biles, dependiendo del transportista y el destino de env\u00edo.<\/p><h5>Env\u00edo internacional:<\/h5><p>Enviamos nuestros productos a clientes internacionales a trav\u00e9s de varios transportistas, dependiendo del producto y la ubicaci\u00f3n del cliente.<\/p><p>Las tarifas de env\u00edo internacional pueden variar seg\u00fan el peso y el tama\u00f1o del producto, as\u00ed como el destino de env\u00edo.<\/p><p>El tiempo de entrega estimado para env\u00edos internacionales var\u00eda seg\u00fan el transportista y el destino de env\u00edo. Los tiempos de entrega pueden verse afectados por la aduana y otros factores fuera de nuestro control.<\/p><p>Tenga en cuenta que no somos responsables de los derechos de aduana, impuestos o tarifas que pueda imponer el pa\u00eds de destino. El cliente es responsable de tales tarifas.<\/p><p>Si tiene alguna pregunta o inquietud sobre el env\u00edo, no dude en contactarnos en <span style=\"color: #800000;\"><a style=\"color: #800000;\" href=\"mailto:xingweiwang29@gmail.com\"><strong><u><b>xingweiwang29@gmail.com<\/b><\/u><\/strong><\/a><\/span><\/p><\/div><p>\u00a0<\/p>\t\t\t\t\t\t\t\t<\/div>\n\t\t\t\t\t<\/div>\n\t\t\t\t<\/div>\n\t\t\t\t<\/div>","protected":false},"excerpt":{"rendered":"<p>Home Shipping Policy Shipping Policy At Jining Luyue International Trade Co., Ltd.we strive to provide timely and efficient delivery of our products to our customers. We ship our products to customers both domestically and internationally. Domestic Shipping: We ship our products within mainland China via various shipping carriers, depending on the product and the location [&hellip;]<\/p>\n","protected":false},"author":1,"featured_media":0,"parent":0,"menu_order":0,"comment_status":"closed","ping_status":"closed","template":"","meta":{"footnotes":""},"class_list":["post-655","page","type-page","status-publish","hentry"],"_links":{"self":[{"href":"https:\/\/luyuemachinery.com\/es\/wp-json\/wp\/v2\/pages\/655","targetHints":{"allow":["GET"]}}],"collection":[{"href":"https:\/\/luyuemachinery.com\/es\/wp-json\/wp\/v2\/pages"}],"about":[{"href":"https:\/\/luyuemachinery.com\/es\/wp-json\/wp\/v2\/types\/page"}],"author":[{"embeddable":true,"href":"https:\/\/luyuemachinery.com\/es\/wp-json\/wp\/v2\/users\/1"}],"replies":[{"embeddable":true,"href":"https:\/\/luyuemachinery.com\/es\/wp-json\/wp\/v2\/comments?post=655"}],"version-history":[{"count":0,"href":"https:\/\/luyuemachinery.com\/es\/wp-json\/wp\/v2\/pages\/655\/revisions"}],"wp:attachment":[{"href":"https:\/\/luyuemachinery.com\/es\/wp-json\/wp\/v2\/media?parent=655"}],"curies":[{"name":"pp","href":"https:\/\/api.w.org\/{rel}","templated":true}]}}