{"id":646,"date":"2026-02-12T07:08:44","date_gmt":"2026-02-12T07:08:44","guid":{"rendered":"https:\/\/luyuemachinery.com\/?page_id=646"},"modified":"2026-02-12T07:15:51","modified_gmt":"2026-02-12T07:15:51","slug":"privacy-policy","status":"publish","type":"page","link":"https:\/\/luyuemachinery.com\/es\/privacy-policy\/","title":{"rendered":"Pol\u00edtica de privacidad"},"content":{"rendered":"<div data-elementor-type=\"wp-page\" data-elementor-id=\"646\" class=\"elementor elementor-646\" data-elementor-post-type=\"page\">\n\t\t\t\t\t\t<section class=\"elementor-section elementor-top-section elementor-element elementor-element-0934fef elementor-section-boxed elementor-section-height-default elementor-section-height-default\" data-id=\"0934fef\" data-element_type=\"section\" data-e-type=\"section\" data-settings=\"{&quot;background_background&quot;:&quot;classic&quot;}\">\n\t\t\t\t\t\t\t<div class=\"elementor-background-overlay\"><\/div>\n\t\t\t\t\t\t\t<div class=\"elementor-container elementor-column-gap-no\">\n\t\t\t\t\t<div class=\"elementor-column elementor-col-100 elementor-top-column elementor-element elementor-element-2294f5b\" data-id=\"2294f5b\" data-element_type=\"column\" data-e-type=\"column\">\n\t\t\t<div class=\"elementor-widget-wrap elementor-element-populated\">\n\t\t\t\t\t\t<div class=\"elementor-element elementor-element-deb1b2e elementor-icon-list--layout-inline elementor-list-item-link-full_width elementor-widget elementor-widget-icon-list\" data-id=\"deb1b2e\" data-element_type=\"widget\" data-e-type=\"widget\" data-widget_type=\"icon-list.default\">\n\t\t\t\t\t\t\t<ul class=\"elementor-icon-list-items elementor-inline-items\">\n\t\t\t\t\t\t\t<li class=\"elementor-icon-list-item elementor-inline-item\">\n\t\t\t\t\t\t\t\t\t\t\t<a href=\"https:\/\/luyuemachinery.com\/es\/\">\n\n\t\t\t\t\t\t\t\t\t\t\t<span class=\"elementor-icon-list-text\">casa<\/span>\n\t\t\t\t\t\t\t\t\t\t\t<\/a>\n\t\t\t\t\t\t\t\t\t<\/li>\n\t\t\t\t\t\t\t\t<li class=\"elementor-icon-list-item elementor-inline-item\">\n\t\t\t\t\t\t\t\t\t\t\t<a href=\"#\">\n\n\t\t\t\t\t\t\t\t\t\t\t\t<span class=\"elementor-icon-list-icon\">\n\t\t\t\t\t\t\t<svg aria-hidden=\"true\" class=\"e-font-icon-svg e-fas-angle-right\" viewbox=\"0 0 256 512\" xmlns=\"http:\/\/www.w3.org\/2000\/svg\"><path d=\"M224.3 273l-136 136c-9.4 9.4-24.6 9.4-33.9 0l-22.6-22.6c-9.4-9.4-9.4-24.6 0-33.9l96.4-96.4-96.4-96.4c-9.4-9.4-9.4-24.6 0-33.9L54.3 103c9.4-9.4 24.6-9.4 33.9 0l136 136c9.5 9.4 9.5 24.6.1 34z\"><\/path><\/svg>\t\t\t\t\t\t<\/span>\n\t\t\t\t\t\t\t\t\t\t<span class=\"elementor-icon-list-text\">Pol\u00edtica de privacidad<\/span>\n\t\t\t\t\t\t\t\t\t\t\t<\/a>\n\t\t\t\t\t\t\t\t\t<\/li>\n\t\t\t\t\t\t<\/ul>\n\t\t\t\t\t\t<\/div>\n\t\t\t\t<div class=\"elementor-element elementor-element-afa9361 elementor-widget elementor-widget-heading\" data-id=\"afa9361\" data-element_type=\"widget\" data-e-type=\"widget\" data-widget_type=\"heading.default\">\n\t\t\t\t\t<h1 class=\"elementor-heading-title elementor-size-default\">Pol\u00edtica de privacidad<\/h1>\t\t\t\t<\/div>\n\t\t\t\t\t<\/div>\n\t\t<\/div>\n\t\t\t\t\t<\/div>\n\t\t<\/section>\n\t\t<div class=\"elementor-element elementor-element-4d25706 e-flex e-con-boxed e-con e-parent\" data-id=\"4d25706\" data-element_type=\"container\" data-e-type=\"container\">\n\t\t\t\t\t<div class=\"e-con-inner\">\n\t\t\t\t<div class=\"elementor-element elementor-element-945125c elementor-widget elementor-widget-text-editor\" data-id=\"945125c\" data-element_type=\"widget\" data-e-type=\"widget\" data-widget_type=\"text-editor.default\">\n\t\t\t\t\t\t\t\t\t<p><strong><b>Jining Luyue Comercio Internacional Co., Ltd<\/b><\/strong>\u00a0se compromete a proteger su privacidad y ganarse la confianza. \u201cJining Luyue\u00a0no vende, intercambia ni alquila su informaci\u00f3n personal a otros. Esta pol\u00edtica revela las pr\u00e1cticas de privacidad del \u201csitio web Jining Luyue. Utilizamos la informaci\u00f3n que recopilamos sobre usted del \u201csitio web Jining Luyue\u00a0para procesar pedidos y mantener una relaci\u00f3n con usted durante el uso de nuestros productos y servicios. Esta pol\u00edtica explica c\u00f3mo se protege su informaci\u00f3n personal. Es nuestra intenci\u00f3n darle el mayor control posible sobre su privacidad y informaci\u00f3n personal y el uso que hacemos de ella en nuestro negocio.<\/p><h4><strong><b>\u00bfC\u00f3mo <\/b><\/strong><strong><b>Jining Luyue<\/b><\/strong><strong><b>\u00a0usar mi informaci\u00f3n?<\/b><\/strong><\/h4><p>Recopilamos informaci\u00f3n personal para ayudarnos a proporcionar una experiencia de usuario de alta calidad y para ayudar a Jining Luyue a comprender mejor a nuestros clientes. Jining Luyue no vende, intercambia ni alquila su informaci\u00f3n personal a otros. La informaci\u00f3n personal que elija brindarnos permite que Jining Luyue\u00a0procese y cumpla con su solicitud de una prueba gratuita del Centro de capacitaci\u00f3n Jining Luyue. Tambi\u00e9n utilizamos esa informaci\u00f3n si decide ordenar nuestros productos y servicios para procesar y completar su pedido y notificarle el estado de su pedido.<br \/>1. Utilizamos la informaci\u00f3n personal que nos proporciona para brindarle informaci\u00f3n actualizada sobre los productos y servicios Jining Luyue.<br \/>2. Podemos usar la informaci\u00f3n que recopilamos para notificarle de vez en cuando sobre cambios importantes en la funcionalidad del sitio web, nuevos servicios y productos Jining Luyue y ofertas especiales que creemos que encontrar\u00e1n valiosas.<br \/>3. Cuando nos proporciona informaci\u00f3n personal para participar en un concurso o promoci\u00f3n patrocinado por Jining Luyue o sus socios, utilizamos esta informaci\u00f3n para administrar el concurso y notificar a los ganadores. Guardamos toda la informaci\u00f3n relacionada con dichos concursos y promociones.<br \/>4. Entregaremos anuncios o promociones espec\u00edficas a nuestros clientes utilizando la informaci\u00f3n personal que nos proporcione. No permitimos que los anunciantes tengan acceso a la informaci\u00f3n de la cuenta individual. Estos anuncios suelen ser anuncios publicitarios y correos electr\u00f3nicos promocionales.<br \/>5. Tambi\u00e9n investigamos la demograf\u00eda, los intereses y el comportamiento de nuestros usuarios en funci\u00f3n de la informaci\u00f3n que nos brinda en nuestra herramienta de encuesta en l\u00ednea. Recopilamos y analizamos esta informaci\u00f3n de forma agregada o an\u00f3nima.<br \/>6. Utilizamos las direcciones IP que recopilamos para informar informaci\u00f3n agregada o an\u00f3nima a nuestros anunciantes.\u00a0<\/p><h4><strong><b>\u00bfQui\u00e9n recopila informaci\u00f3n?<\/b><\/strong><\/h4><p>Cuando proporciona informaci\u00f3n personal en un sitio Jining Luyue, comparte esa informaci\u00f3n solo con Jining Luyue a menos que se le indique espec\u00edficamente lo contrario. Si una empresa que no sea Jining Luyue est\u00e1 recopilando o manteniendo sus datos personales de nuestro sitio web, se le informar\u00e1 antes de recopilarlos o transferirlos. Siempre puede optar por no compartir la informaci\u00f3n. Cuando las empresas que no sean las promociones de patrocinadores de Jining Luyue, los datos recopilados en el sitio Jining Luyue en relaci\u00f3n con estas promociones pueden compartirse con el patrocinador. Una vez m\u00e1s, si este es el caso, se le notificar\u00e1 antes de recopilar o transferir los datos, y puede decidir no participar. La mayor\u00eda de estas promociones est\u00e1n limitadas a los residentes de Estados Unidos o Norteam\u00e9rica. Si deja nuestro sitio web utilizando enlaces para ir a otros sitios web de terceros, esos terceros pueden recopilar informaci\u00f3n sobre usted. Esta Pol\u00edtica de Privacidad no cubre las pr\u00e1cticas de esas empresas.<\/p><h4><strong><b>tiene que hacer <\/b><\/strong><strong><b>Jining Luyue<\/b><\/strong><strong><b>\u00a0compartir mi informaci\u00f3n?<\/b><\/strong><\/h4><p>Aparte de lo establecido en esta Pol\u00edtica, Jining Luyue\u00a0no divulga ninguna de sus Informaci\u00f3n personal a terceros sin su permiso. Lea las siguientes secciones para obtener m\u00e1s informaci\u00f3n.<\/p><h4><strong><b>Otras situaciones<\/b><\/strong><\/h4><p>Jining Luyue\u00a0Tambi\u00e9n puede revelar su informaci\u00f3n cuando sea necesaria la divulgaci\u00f3n para identificar, contactar o iniciar acciones legales contra alguien que pueda estar causando lesiones o interferencias con nuestros derechos o derechos de propiedad, los derechos de los usuarios u otros derechos. De la misma manera, Jining Luyue\u00a0revelar\u00e1 informaci\u00f3n cuando creamos razonablemente que la divulgaci\u00f3n es obligatoria por ley o para cumplir con un proceso legal entregado en Jining Luyue\u00a0o su sitio web. Podemos divulgar su informaci\u00f3n personal de buena fe que debemos actuar en circunstancias exigentes para proteger la seguridad personal de los usuarios de Jining Luyue, su sitio web o el p\u00fablico.<\/p><h4><strong><b>\u00bfC\u00f3mo<\/b><\/strong><strong><b>Jining Luyue<\/b><\/strong><strong><b>\u00a0proteger su tarjeta de cr\u00e9dito e informaci\u00f3n financiera?<\/b><\/strong><\/h4><p>Estamos comprometidos a proteger la privacidad de su tarjeta de cr\u00e9dito y de la informaci\u00f3n de su cuenta financiera. No vendemos, intercambiamos ni alquilamos su informaci\u00f3n financiera o de tarjeta de cr\u00e9dito. No ponemos a disposici\u00f3n de nadie esta informaci\u00f3n sin su permiso. Podemos proporcionar datos estad\u00edsticos sobre nuestros clientes a anunciantes, socios, proveedores y otros terceros de buena reputaci\u00f3n. Estos datos se componen \u00fanicamente de datos agregados o an\u00f3nimos, que no contienen ninguna informaci\u00f3n de identificaci\u00f3n personal. Por ejemplo, no revelaremos que usted compr\u00f3 un producto espec\u00edfico, pero podr\u00edamos revelar estad\u00edsticas sobre cu\u00e1ntos clientes han comprado un producto espec\u00edfico. Cuando ingresa la informaci\u00f3n de la tarjeta de cr\u00e9dito en nuestro sitio web, transmitimos la informaci\u00f3n en formato cifrado, utilizando el cifrado de la capa de socket seguro (SSL) est\u00e1ndar de la industria.<\/p><h4><strong><b>Sus derechos relacionados con sus datos personales<\/b><\/strong><\/h4><p>Tiene derecho bajo esta Pol\u00edtica de Privacidad y Cookies, y por ley, si se encuentra dentro de la UE, a:<\/p><p>-Solicitar acceso a sus datos personales.\u00a0 Si se encuentra dentro de la UE, esto le permite recibir una copia de los datos personales que tenemos sobre usted y verificar que los estamos procesando legalmente.<br \/>-Solicita la correcci\u00f3n de los datos personales que tenemos sobre ti.\u00a0 Esto le permite tener corregida cualquier informaci\u00f3n incompleta o inexacta que tengamos sobre usted.<br \/>-Solicite la eliminaci\u00f3n de sus datos personales.\u00a0 Esto le permite solicitarnos que eliminemos o eliminemos datos personales donde no hay una buena raz\u00f3n para que sigamos procesando. Tambi\u00e9n tiene derecho si est\u00e1 dentro de la UE a solicitarnos que eliminemos o eliminemos sus datos personales donde haya ejercido su derecho a oponerse al procesamiento (ver m\u00e1s abajo).<br \/>-Objeto al tratamiento de sus datos personales.\u00a0 Este derecho existe cuando confiamos en un inter\u00e9s leg\u00edtimo como base legal para nuestro tratamiento y hay algo sobre su situaci\u00f3n particular, que hace querer oponerse al tratamiento de sus datos personales sobre este motivo. Tambi\u00e9n tiene derecho a oponerse a d\u00f3nde estamos procesando sus datos personales con fines de marketing directo.<br \/>-Solicitar la restricci\u00f3n del tratamiento de sus datos personales.\u00a0 Esto le permite solicitarnos que suspendamos el tratamiento de datos personales sobre usted, por ejemplo, si desea que establezcamos su exactitud o el motivo de su tratamiento.<br \/>-Solicitar la transferencia de sus datos personales.\u00a0 Si se encuentra dentro de la UE, le proporcionaremos a usted, o a un tercero, que haya elegido, sus datos personales en un formato estructurado, de uso com\u00fan y legible por m\u00e1quina. Tenga en cuenta que este derecho solo se aplica a la informaci\u00f3n automatizada que inicialmente brind\u00f3 su consentimiento para que la usemos o cuando usemos la informaci\u00f3n para realizar un contrato con usted.<br \/>-Retira el consentimiento. Este derecho solo existe cuando confiamos en el consentimiento para procesar sus datos personales (\u201cRetiro de consentimiento\u201d). Si retira su consentimiento, es posible que no podamos proporcionarle acceso a ciertas funcionalidades espec\u00edficas de nuestro sitio. Le asesoraremos si este es el caso en el momento de retirar su consentimiento<\/p><h4><strong><b>quejas<\/b><\/strong><\/h4><p>Si desea presentar una queja sobre esta Pol\u00edtica de privacidad o nuestras pr\u00e1cticas en relaci\u00f3n con sus datos personales, comun\u00edquese con nosotros en:<span style=\"color: #800000;\"><a style=\"color: #800000;\" href=\"mailto:xingweiwang29@gmail.com\"><strong><b>xingweiwang29@gmail.com<\/b><\/strong><\/a><\/span><\/p><p>Responderemos a su queja tan pronto como podamos.<\/p><p>Si cree que su queja no se ha resuelto adecuadamente, tenga en cuenta que si se encuentra en la UE, el RGPD le otorga el derecho de comunicarse con su autoridad de supervisi\u00f3n de protecci\u00f3n de datos local.<\/p><p>Archivos de registro: su navegador informa autom\u00e1ticamente la informaci\u00f3n del archivo de registro cada vez que accede a una p\u00e1gina web. Cuando utiliza los Servicios, nuestros servidores registran autom\u00e1ticamente cierta informaci\u00f3n que su navegador web env\u00eda cada vez que visita cualquier sitio web. Estos registros de servidor pueden incluir informaci\u00f3n como su solicitud web, direcci\u00f3n de protocolo de Internet, tipo de navegador, p\u00e1ginas de referencia y URL de salida, n\u00famero de clics, nombres de dominio, p\u00e1ginas de destino, p\u00e1ginas vistas y otra informaci\u00f3n de este tipo.<\/p><h4><strong><b>Cu\u00e1nto tiempo almacenamos sus datos personales<\/b><\/strong><\/h4><p>Conservaremos su informaci\u00f3n mientras su cuenta est\u00e9 activa o sea razonablemente necesaria para los fines establecidos en c\u00f3mo usamos sus datos personales y por qu\u00e9, a menos que solicite que eliminemos sus datos personales como se describe en sus derechos relacionados con sus datos personales. Solo conservaremos sus datos personales durante el tiempo que necesitemos utilizarlos razonablemente para estos fines, a menos que la ley requiera un per\u00edodo de retenci\u00f3n m\u00e1s largo (por ejemplo, para fines regulatorios). Esto puede incluir mantener sus datos personales despu\u00e9s de haber desactivado su cuenta durante el per\u00edodo de tiempo necesario para que busquemos intereses comerciales leg\u00edtimos, realice auditor\u00edas, cumpla con (y demuestre el cumplimiento de) obligaciones legales, resuelva disputas y haga cumplir nuestros acuerdos.<\/p><h3><strong><b>\u00bfQu\u00e9 son las cookies y c\u00f3mo\u00a0<\/b><\/strong><strong><b>Jining Luyue<\/b><\/strong><strong><b>\u00a0usarlos?<\/b><\/strong><\/h3><p>Partes de nuestro sistema de gesti\u00f3n de aprendizaje usan \u201ccookies\u201d para que pueda reconocer de inmediato a un usuario y luego adjuntar diferentes permisos asociados con la funcionalidad en el sistema. Una \u201ccookie\u201d es una parte de los datos que se env\u00edan a su navegador desde un servidor web y que su navegador almacena en el disco duro de su computadora. La configuraci\u00f3n de su navegador debe estar configurada para aceptar cookies antes de que pueda iniciar sesi\u00f3n o personalizar. La mayor\u00eda de los navegadores est\u00e1n configurados para aceptar cookies, pero generalmente puede cambiar la configuraci\u00f3n de su navegador para rechazarlas. Jining Luyue no utiliza cookies para recuperar informaci\u00f3n personal sobre usted de su computadora. Esta pol\u00edtica no cubre el uso de cookies por parte de cualquier anunciante de nuestro sitio web.<\/p><ul><li>Localice su nombre y la informaci\u00f3n de su cuenta cuando inicie sesi\u00f3n en su Jining Luyueraining Center para que pueda acceder a la informaci\u00f3n de su cuenta. Cuando inicia sesi\u00f3n, la cookie est\u00e1 configurada y, cuando cierra la sesi\u00f3n, se modifica la cookie.<\/li><li>Estima el tama\u00f1o de nuestra audiencia. Cada navegador que visita nuestro sitio recibe una cookie \u00fanica, que luego se utiliza para determinar el alcance de las visitas repetidas y la cantidad de visitantes \u00fanicos.<\/li><\/ul><h3><strong><b>su consentimiento<\/b><\/strong><\/h3><p>Al utilizar nuestro sitio web, usted acepta la recopilaci\u00f3n y el uso de esta informaci\u00f3n por Jining Luyue. Si decidimos cambiar nuestra pol\u00edtica de privacidad, publicaremos esos cambios en esta p\u00e1gina para que siempre est\u00e9 al tanto de qu\u00e9 informaci\u00f3n recopilamos, c\u00f3mo la usamos y en qu\u00e9 circunstancias la revelamos.<\/p><h4><strong><b>Pol\u00edtica de inclusi\u00f3n \/ exclusi\u00f3n<\/b><\/strong><\/h4><p>Al registrarse o enviar informaci\u00f3n personal, Jining Luyue le ofrece la opci\u00f3n de recibir m\u00e1s comunicaciones de Jining Luyue. Si elige recibir estas comunicaciones, Jining Luyue le enviar\u00e1 de vez en cuando correos electr\u00f3nicos o correo postal sobre productos y servicios que creemos que pueden ser de su inter\u00e9s. Para no recibir estas ofertas, simplemente siga las instrucciones de \u201ccancelar suscripci\u00f3n\u201d incluidas en cada correo electr\u00f3nico.<\/p><p>Si prefiere dejar de recibir informaci\u00f3n de Jining Luyue\u00a0por correo electr\u00f3nico, puede optar por no recibir estas comunicaciones siguiendo las instrucciones incluidas en cada correo electr\u00f3nico. Si prefiere dejar de recibir informaci\u00f3n de Jining Luyue\u00a0mail, cont\u00e1ctenos al\u00a0<strong><span style=\"color: #800000;\"><a style=\"color: #800000;\" href=\"mailto:xingweiwang29@gmail.com\">xingweiwang29@gmail.com.<\/a><\/span><\/strong> Jining Luyue\u00a0no vende, intercambia ni alquila su informaci\u00f3n personal a otros.<\/p><h4><strong><b>Contactando con el sitio web<\/b><\/strong><\/h4><p>Si tiene alguna pregunta sobre esta Pol\u00edtica de Privacidad, las pr\u00e1cticas de este Sitio o sus relaciones con este sitio web, p\u00f3ngase en contacto con:<span style=\"color: #800000;\"><a style=\"color: #800000;\" href=\"mailto:xingweiwang29@gmail.com\"><strong><u><b>xingweiwang29@gmail.com<\/b><\/u><\/strong><\/a><\/span><\/p>\t\t\t\t\t\t\t\t<\/div>\n\t\t\t\t\t<\/div>\n\t\t\t\t<\/div>\n\t\t\t\t<\/div>","protected":false},"excerpt":{"rendered":"<p>Home Privacy Policy Privacy Policy Jining Luyue International Trade Co., Ltd\u00a0is committed to protecting your privacy and earning your trust. \u201cJining Luyue\u00a0does not sell, trade, or rent your personal information to others. This policy discloses the privacy practices for the \u201cJining Luyue\u00a0Web site. We use the information we collect about you from the \u201cJining Luyue\u00a0Web [&hellip;]<\/p>\n","protected":false},"author":1,"featured_media":0,"parent":0,"menu_order":0,"comment_status":"closed","ping_status":"closed","template":"","meta":{"footnotes":""},"class_list":["post-646","page","type-page","status-publish","hentry"],"_links":{"self":[{"href":"https:\/\/luyuemachinery.com\/es\/wp-json\/wp\/v2\/pages\/646","targetHints":{"allow":["GET"]}}],"collection":[{"href":"https:\/\/luyuemachinery.com\/es\/wp-json\/wp\/v2\/pages"}],"about":[{"href":"https:\/\/luyuemachinery.com\/es\/wp-json\/wp\/v2\/types\/page"}],"author":[{"embeddable":true,"href":"https:\/\/luyuemachinery.com\/es\/wp-json\/wp\/v2\/users\/1"}],"replies":[{"embeddable":true,"href":"https:\/\/luyuemachinery.com\/es\/wp-json\/wp\/v2\/comments?post=646"}],"version-history":[{"count":0,"href":"https:\/\/luyuemachinery.com\/es\/wp-json\/wp\/v2\/pages\/646\/revisions"}],"wp:attachment":[{"href":"https:\/\/luyuemachinery.com\/es\/wp-json\/wp\/v2\/media?parent=646"}],"curies":[{"name":"pp","href":"https:\/\/api.w.org\/{rel}","templated":true}]}}