{"id":850,"date":"2026-02-13T08:14:57","date_gmt":"2026-02-13T08:14:57","guid":{"rendered":"https:\/\/luyuemachinery.com\/?post_type=product&#038;p=850"},"modified":"2026-03-05T00:56:41","modified_gmt":"2026-03-05T00:56:41","slug":"1-5t-mini-excavator","status":"publish","type":"product","link":"https:\/\/luyuemachinery.com\/de\/product\/1-5t-mini-excavator\/","title":{"rendered":"1,5T Minibagger LY-15"},"content":{"rendered":"<div style=\"overflow-x: auto; width: 100%;\">\n<table style=\"width: 100%; border-collapse: collapse;\">\n<tbody>\n<tr>\n<td width=\"838\">Gegenstand \/ Modell<\/td>\n<td width=\"236\">HT15<\/td>\n<td width=\"197\">HT15-1<\/td>\n<td width=\"194\">HT15-2<\/td>\n<td width=\"307\">HT15-3<\/td>\n<td width=\"262\">HT15-4<\/td>\n<td width=\"194\">HT15-5<\/td>\n<td width=\"564\">Gegenstand \/ Modell<\/td>\n<td width=\"214\">HT15-LI<\/td>\n<\/tr>\n<tr>\n<td width=\"838\">Fahrzeuggewicht<\/td>\n<td width=\"236\">1500kg<\/td>\n<td width=\"197\">1500kg<\/td>\n<td width=\"194\">1500kg<\/td>\n<td width=\"307\">1500kg<\/td>\n<td width=\"262\">1500kg<\/td>\n<td width=\"194\">1500kg<\/td>\n<td width=\"564\">Betriebsgewicht<\/td>\n<td width=\"214\">1500kg<\/td>\n<\/tr>\n<tr>\n<td width=\"838\">Standard-Bucket-Kap<\/td>\n<td width=\"236\">0,04 m3<\/td>\n<td width=\"197\">0,04 m3<\/td>\n<td width=\"194\">0,04 m3<\/td>\n<td width=\"307\">0,04 m3<\/td>\n<td width=\"262\">0,04 m3<\/td>\n<td width=\"194\">0,04 m3<\/td>\n<td width=\"564\">Eimerkapazit\u00e4t<\/td>\n<td width=\"214\">0,04 m3<\/td>\n<\/tr>\n<tr>\n<td width=\"838\">Motormodell<\/td>\n<td width=\"236\">Laidong<\/td>\n<td width=\"197\">Koop 192<\/td>\n<td width=\"194\">B&amp;S 25T2<\/td>\n<td width=\"307\">Koop 292\/Rato<\/td>\n<td width=\"262\">Kubota D722<\/td>\n<td width=\"194\">B &amp; S 3864<\/td>\n<td width=\"564\">Batterie<\/td>\n<td width=\"214\">72V \/ 48V<\/td>\n<\/tr>\n<tr>\n<td width=\"838\">Nennleistung\/Geschwindigkeit<\/td>\n<td width=\"236\">7kW<\/td>\n<td width=\"197\">7kW<\/td>\n<td width=\"194\">10,2 kW<\/td>\n<td width=\"307\">12kW<\/td>\n<td width=\"262\">12kW<\/td>\n<td width=\"194\">17,5 kW<\/td>\n<td width=\"564\">Kraft<\/td>\n<td width=\"214\">4kW<\/td>\n<\/tr>\n<tr>\n<td width=\"838\">Systemdruck<\/td>\n<td width=\"236\">9MPa<\/td>\n<td width=\"197\">9MPa<\/td>\n<td width=\"194\">16MPa<\/td>\n<td width=\"307\">16MPa<\/td>\n<td width=\"262\">16MPa<\/td>\n<td width=\"194\">16MPa<\/td>\n<td width=\"564\">Batteriespannung<\/td>\n<td width=\"214\">72V \/ 48V<\/td>\n<\/tr>\n<tr>\n<td width=\"838\">Drehzahl<\/td>\n<td width=\"236\">11RMP<\/td>\n<td width=\"197\">11RMP<\/td>\n<td width=\"194\">11RMP<\/td>\n<td width=\"307\">11RMP<\/td>\n<td width=\"262\">11RMP<\/td>\n<td width=\"194\">11RMP<\/td>\n<td width=\"564\">Batteriekapazit\u00e4t<\/td>\n<td width=\"214\">135Ah<\/td>\n<\/tr>\n<tr>\n<td width=\"838\">Maximaler Kletterwinkel<\/td>\n<td width=\"236\">35\u00b0<\/td>\n<td width=\"197\">35\u00b0<\/td>\n<td width=\"194\">35\u00b0<\/td>\n<td width=\"307\">35\u00b0<\/td>\n<td width=\"262\">35\u00b0<\/td>\n<td width=\"194\">35\u00b0<\/td>\n<td width=\"564\">Batteriegewicht<\/td>\n<td width=\"214\">100kg\/St\u00fcck<\/td>\n<\/tr>\n<tr>\n<td width=\"838\">Gehgeschwindigkeit (hoch \/ niedrige Geschwindigkeit)<\/td>\n<td width=\"236\">35km\/h<\/td>\n<td width=\"197\">35km\/h<\/td>\n<td width=\"194\">35km\/h<\/td>\n<td width=\"307\">35km\/h<\/td>\n<td width=\"262\">35km\/h<\/td>\n<td width=\"194\">35km\/h<\/td>\n<td width=\"564\">Arbeitszeit<\/td>\n<td width=\"214\">&gt; 15h<\/td>\n<\/tr>\n<tr>\n<td width=\"838\">Kraftstofftankvolumen<\/td>\n<td width=\"236\">18L<\/td>\n<td width=\"197\">18L<\/td>\n<td width=\"194\">18L<\/td>\n<td width=\"307\">18L<\/td>\n<td width=\"262\">18L<\/td>\n<td width=\"194\">18L<\/td>\n<td width=\"564\">Spurl\u00e4nge<\/td>\n<td width=\"214\">1090<\/td>\n<\/tr>\n<tr>\n<td width=\"838\">Radabstand<\/td>\n<td width=\"236\">800mm<\/td>\n<td width=\"197\">800mm<\/td>\n<td width=\"194\">800mm<\/td>\n<td width=\"307\">800mm<\/td>\n<td width=\"262\">800mm<\/td>\n<td width=\"194\">800mm<\/td>\n<td width=\"564\">Plattform-Bodenfreiheit<\/td>\n<td width=\"214\">380<\/td>\n<\/tr>\n<tr>\n<td width=\"838\">Total verfolgt<\/td>\n<td width=\"236\">1220mm<\/td>\n<td width=\"197\">1220mm<\/td>\n<td width=\"194\">1220mm<\/td>\n<td width=\"307\">1220mm<\/td>\n<td width=\"262\">1220mm<\/td>\n<td width=\"194\">1220mm<\/td>\n<td width=\"564\">Schwenkradius am Heck<\/td>\n<td width=\"214\">733<\/td>\n<\/tr>\n<tr>\n<td width=\"838\">Plattform-Reinigung<\/td>\n<td width=\"236\">375mm<\/td>\n<td width=\"197\">375mm<\/td>\n<td width=\"194\">375mm<\/td>\n<td width=\"307\">375mm<\/td>\n<td width=\"262\">375mm<\/td>\n<td width=\"194\">375mm<\/td>\n<td width=\"564\">Breite des Fahrgestells<\/td>\n<td width=\"214\">946<\/td>\n<\/tr>\n<tr>\n<td width=\"838\">Fahrgestellbreite<\/td>\n<td width=\"236\">980mm<\/td>\n<td width=\"197\">980mm<\/td>\n<td width=\"194\">980mm<\/td>\n<td width=\"307\">980mm<\/td>\n<td width=\"262\">980mm<\/td>\n<td width=\"194\">980mm<\/td>\n<td width=\"564\">Spurbreite<\/td>\n<td width=\"214\">180<\/td>\n<\/tr>\n<tr>\n<td width=\"838\">Spurbreite<\/td>\n<td width=\"236\">180mm<\/td>\n<td width=\"197\">180mm<\/td>\n<td width=\"194\">180mm<\/td>\n<td width=\"307\">180mm<\/td>\n<td width=\"262\">180mm<\/td>\n<td width=\"194\">180mm<\/td>\n<td width=\"564\">H\u00f6hepunkt<\/td>\n<td width=\"214\">320<\/td>\n<\/tr>\n<tr>\n<td width=\"838\">H\u00f6chster Boden<br \/>\nAushubradius<\/td>\n<td width=\"236\">2900mm<\/td>\n<td width=\"197\">2900mm<\/td>\n<td width=\"194\">2900mm<\/td>\n<td width=\"307\">2900mm<\/td>\n<td width=\"262\">2900mm<\/td>\n<td width=\"194\">2900mm<\/td>\n<td width=\"564\">\u00fcber die L\u00e4nge<\/td>\n<td width=\"214\">2550<\/td>\n<\/tr>\n<tr>\n<td width=\"838\">Maximale Aushubtiefe<\/td>\n<td width=\"236\">1850mm<\/td>\n<td width=\"197\">1850mm<\/td>\n<td width=\"194\">1850mm<\/td>\n<td width=\"307\">1850mm<\/td>\n<td width=\"262\">1850mm<\/td>\n<td width=\"194\">1850mm<\/td>\n<td width=\"564\">Maschinenh\u00f6he<\/td>\n<td width=\"214\">1330<\/td>\n<\/tr>\n<tr>\n<td width=\"838\">Maximale Aushubh\u00f6he<\/td>\n<td width=\"236\">2450mm<\/td>\n<td width=\"197\">2450mm<\/td>\n<td width=\"194\">2450mm<\/td>\n<td width=\"307\">2450mm<\/td>\n<td width=\"262\">2450mm<\/td>\n<td width=\"194\">2450mm<\/td>\n<td width=\"564\">Max. Grabradius<\/td>\n<td width=\"214\">2400<\/td>\n<\/tr>\n<tr>\n<td width=\"838\">Maximale Entladeh\u00f6he<\/td>\n<td width=\"236\">1850mm<\/td>\n<td width=\"197\">1850mm<\/td>\n<td width=\"194\">1850mm<\/td>\n<td width=\"307\">1850mm<\/td>\n<td width=\"262\">1850mm<\/td>\n<td width=\"194\">1850mm<\/td>\n<td width=\"564\">Max. Grabtiefe<\/td>\n<td width=\"214\">1650<\/td>\n<\/tr>\n<tr>\n<td width=\"838\">Maximale vertikale Baggertiefe<\/td>\n<td width=\"236\">1750mm<\/td>\n<td width=\"197\">1750mm<\/td>\n<td width=\"194\">1750mm<\/td>\n<td width=\"307\">1750mm<\/td>\n<td width=\"262\">1750mm<\/td>\n<td width=\"194\">1750mm<\/td>\n<td width=\"564\">Max. Grabh\u00f6he<\/td>\n<td width=\"214\">2490<\/td>\n<\/tr>\n<tr>\n<td width=\"838\">Minimaler Rotationsradius<\/td>\n<td width=\"236\">1550mm<\/td>\n<td width=\"197\">1550mm<\/td>\n<td width=\"194\">1550mm<\/td>\n<td width=\"307\">1550mm<\/td>\n<td width=\"262\">1550mm<\/td>\n<td width=\"194\">1550mm<\/td>\n<td width=\"564\">Max.Dumpingh\u00f6he<\/td>\n<td width=\"214\">1750<\/td>\n<\/tr>\n<tr>\n<td width=\"838\">Maximale Hubh\u00f6he der Schaufel<\/td>\n<td width=\"236\">150mm<\/td>\n<td width=\"197\">150mm<\/td>\n<td width=\"194\">150mm<\/td>\n<td width=\"307\">150mm<\/td>\n<td width=\"262\">150mm<\/td>\n<td width=\"194\">150mm<\/td>\n<td width=\"564\">Max.Vertikale Tiefe<\/td>\n<td width=\"214\">1400<\/td>\n<\/tr>\n<tr>\n<td width=\"838\">Maximale Aushubtiefe<br \/>\neines Bulldozers<\/td>\n<td width=\"236\">180mm<\/td>\n<td width=\"197\">180mm<\/td>\n<td width=\"194\">180mm<\/td>\n<td width=\"307\">180mm<\/td>\n<td width=\"262\">180mm<\/td>\n<td width=\"194\">180mm<\/td>\n<td width=\"564\">min.Gyrationsradius<\/td>\n<td width=\"214\">1190<\/td>\n<\/tr>\n<tr>\n<td width=\"838\">Maximale Aushubtiefe<br \/>\neines Bulldozers<\/td>\n<td width=\"236\">180mm<\/td>\n<td width=\"197\">180mm<\/td>\n<td width=\"194\">180mm<\/td>\n<td width=\"307\">180mm<\/td>\n<td width=\"262\">180mm<\/td>\n<td width=\"194\">180mm<\/td>\n<td width=\"564\">Max.Height Height of<br \/>\nBulldozer<\/td>\n<td width=\"214\">325<\/td>\n<\/tr>\n<\/tbody>\n<\/table>\n<\/div>","protected":false},"excerpt":{"rendered":"<p>Der Minibagger der Serie HT15 (einschlie\u00dflich der Versionen mit Kraftstoff und Lithium-Batterie) wiegt 1500 kg und bietet eine Vielzahl von Leistungsoptionen. Mit seinem flexiblen K\u00f6rper ist es eine effiziente und zuverl\u00e4ssige Wahl f\u00fcr leichte Aushubarbeiten.<\/p>","protected":false},"featured_media":851,"comment_status":"open","ping_status":"closed","template":"","meta":[],"product_brand":[],"product_cat":[17],"product_tag":[],"class_list":{"0":"post-850","1":"product","2":"type-product","3":"status-publish","4":"has-post-thumbnail","6":"product_cat-mini-tracked-excavator","8":"first","9":"instock","10":"shipping-taxable","11":"product-type-simple"},"_links":{"self":[{"href":"https:\/\/luyuemachinery.com\/de\/wp-json\/wp\/v2\/product\/850","targetHints":{"allow":["GET"]}}],"collection":[{"href":"https:\/\/luyuemachinery.com\/de\/wp-json\/wp\/v2\/product"}],"about":[{"href":"https:\/\/luyuemachinery.com\/de\/wp-json\/wp\/v2\/types\/product"}],"replies":[{"embeddable":true,"href":"https:\/\/luyuemachinery.com\/de\/wp-json\/wp\/v2\/comments?post=850"}],"wp:featuredmedia":[{"embeddable":true,"href":"https:\/\/luyuemachinery.com\/de\/wp-json\/wp\/v2\/media\/851"}],"wp:attachment":[{"href":"https:\/\/luyuemachinery.com\/de\/wp-json\/wp\/v2\/media?parent=850"}],"wp:term":[{"taxonomy":"product_brand","embeddable":true,"href":"https:\/\/luyuemachinery.com\/de\/wp-json\/wp\/v2\/product_brand?post=850"},{"taxonomy":"product_cat","embeddable":true,"href":"https:\/\/luyuemachinery.com\/de\/wp-json\/wp\/v2\/product_cat?post=850"},{"taxonomy":"product_tag","embeddable":true,"href":"https:\/\/luyuemachinery.com\/de\/wp-json\/wp\/v2\/product_tag?post=850"}],"curies":[{"name":"wp","href":"https:\/\/api.w.org\/{rel}","templated":true}]}}