{"id":848,"date":"2026-02-13T08:04:43","date_gmt":"2026-02-13T08:04:43","guid":{"rendered":"https:\/\/luyuemachinery.com\/?post_type=product&#038;p=848"},"modified":"2026-03-05T01:04:34","modified_gmt":"2026-03-05T01:04:34","slug":"2-5t-mini-excavator","status":"publish","type":"product","link":"https:\/\/luyuemachinery.com\/de\/product\/2-5t-mini-excavator\/","title":{"rendered":"2.5T Minibagger LY-25"},"content":{"rendered":"<div style=\"overflow-x: auto; width: 100%;\">\n<table style=\"width: 100%; border-collapse: collapse;\">\n<tbody>\n<tr>\n<td colspan=\"3\" width=\"1637\">Maschinengr\u00f6\u00dfe<\/td>\n<td width=\"126\"><\/td>\n<td colspan=\"2\" width=\"2275\">Leistungsparameter<\/td>\n<\/tr>\n<tr>\n<td width=\"752\">Gesamtdimension (L*W*H)<\/td>\n<td colspan=\"2\" width=\"885\">3865mm*1050mm*2270mm<\/td>\n<td><\/td>\n<td width=\"1137\">Standard-Bucket-Kap<\/td>\n<td width=\"1137\">0,06 m\u00b3<\/td>\n<\/tr>\n<tr>\n<td width=\"752\">Achsbasis (L\u00e4nge auf dem Boden)<\/td>\n<td colspan=\"2\" width=\"885\">1230mm<\/td>\n<td><\/td>\n<td width=\"1137\">Schwung<\/td>\n<td width=\"1137\">10 ~ 12 U \/ min<\/td>\n<\/tr>\n<tr>\n<td width=\"752\">Spur<\/td>\n<td colspan=\"2\" width=\"885\">820mm<\/td>\n<td><\/td>\n<td width=\"1137\">Max.Grade-F\u00e4higkeit<\/td>\n<td width=\"1137\">35\u00b0<\/td>\n<\/tr>\n<tr>\n<td width=\"752\">min.ground-Grundabstand<\/td>\n<td colspan=\"2\" width=\"885\">210mm<\/td>\n<td><\/td>\n<td width=\"1137\">Max.Bucket Grabkraft<\/td>\n<td width=\"1137\">14kn<\/td>\n<\/tr>\n<tr>\n<td width=\"752\">Schwingradius am Schwanz<\/td>\n<td colspan=\"2\" width=\"885\">1125mm<\/td>\n<td><\/td>\n<td width=\"1137\">Max. Arm-Grabkraft<\/td>\n<td width=\"1137\">10kn<\/td>\n<\/tr>\n<tr>\n<td colspan=\"3\" width=\"1637\">Verfolgungssystem<\/td>\n<td><\/td>\n<td width=\"1137\">Hydrauliksystemdruck<\/td>\n<td width=\"1137\">18 MPa<\/td>\n<\/tr>\n<tr>\n<td colspan=\"2\" width=\"1140\">Maximale Reisegeschwindigkeit<\/td>\n<td width=\"497\">3,5 km\/h<\/td>\n<td><\/td>\n<td width=\"1137\">Maschinengewicht<\/td>\n<td width=\"1137\">2500kg<\/td>\n<\/tr>\n<tr>\n<td colspan=\"2\" width=\"1140\">Breite des Schienenschuhs (Gummi- und Stahlspur)<\/td>\n<td width=\"497\">230mm<\/td>\n<td><\/td>\n<td colspan=\"2\" width=\"2275\">Arbeitsbereich<\/td>\n<\/tr>\n<tr>\n<td colspan=\"2\" width=\"1140\">Anzahl der Schienenschuhe pro Seite (nur Stahlspur)<\/td>\n<td width=\"497\">38 St\u00fcck<\/td>\n<td><\/td>\n<td width=\"1137\">Max. Grabh\u00f6he<\/td>\n<td width=\"1137\">3365mm<\/td>\n<\/tr>\n<tr>\n<td colspan=\"2\" width=\"1140\">Anzahl der oberen Rollen \/ Unterwalze (pro Seite)<\/td>\n<td width=\"497\">00\/4<\/td>\n<td><\/td>\n<td width=\"1137\">Max.Dumpingh\u00f6he<\/td>\n<td width=\"1137\">2385mm<\/td>\n<\/tr>\n<tr>\n<td colspan=\"3\" width=\"1637\">Lokomotive<\/td>\n<td><\/td>\n<td width=\"1137\">Max. Grabtiefe<\/td>\n<td width=\"1137\">2050mm<\/td>\n<\/tr>\n<tr>\n<td rowspan=\"2\" width=\"752\">Abgasnorm<\/td>\n<td colspan=\"2\" rowspan=\"2\" width=\"885\">Euro 5\/EPA<\/td>\n<td><\/td>\n<td width=\"1137\">Max.Vertikale Grabtiefe<\/td>\n<td width=\"1137\">1725mm<\/td>\n<\/tr>\n<tr>\n<td><\/td>\n<td rowspan=\"2\" width=\"1137\">Max. Grabradius<\/td>\n<td rowspan=\"2\" width=\"1137\">3860mm<\/td>\n<\/tr>\n<tr>\n<td rowspan=\"4\" width=\"752\">Motormarke \/ Leistung<\/td>\n<td colspan=\"2\" rowspan=\"4\" width=\"885\">Kubota D110514.2kW<br \/>\nPerkins 14,7 kW<br \/>\nlaidong 3TE2518.4kW<\/td>\n<td><\/td>\n<\/tr>\n<tr>\n<td><\/td>\n<td width=\"1137\">min. Schwungradius<\/td>\n<td width=\"1137\">1720mm<\/td>\n<\/tr>\n<tr>\n<td><\/td>\n<td width=\"1137\">Max.Hubh\u00f6he der Klinge<\/td>\n<td width=\"1137\">230mm<\/td>\n<\/tr>\n<tr>\n<td><\/td>\n<td rowspan=\"2\" width=\"1137\">MAX.Schneidtiefe der Klinge<\/td>\n<td rowspan=\"2\" width=\"1137\">275mm<\/td>\n<\/tr>\n<tr>\n<td rowspan=\"2\" width=\"752\">Anzahl Zylinder<\/td>\n<td colspan=\"2\" rowspan=\"2\" width=\"885\">3<\/td>\n<td><\/td>\n<\/tr>\n<tr>\n<td><\/td>\n<td rowspan=\"2\" width=\"1137\">Ausleger-Schwenkwinkel (links)<\/td>\n<td rowspan=\"2\" width=\"1137\">75\u00b0<\/td>\n<\/tr>\n<tr>\n<td colspan=\"3\" rowspan=\"2\" width=\"1637\"><\/td>\n<td><\/td>\n<\/tr>\n<tr>\n<td><\/td>\n<td width=\"1137\">Ausleger-Schwenkwinkel (rechts)<\/td>\n<td width=\"1137\">45\u00b0<\/td>\n<\/tr>\n<\/tbody>\n<\/table>\n<\/div>","protected":false},"excerpt":{"rendered":"<p>Dieser kompakte Kettenbagger mit einem Gewicht von nur 2500 kg kann mit Kubota-, Perkins- oder Laidong-Motoren ausgestattet werden, die die Abgasnorm Euro 5 \/ EPA erf\u00fcllen. Mit seiner leistungsstarken hydraulischen Leistung, 35\u00b0-Kletterf\u00e4higkeit und flexiblem Auslegerschaukel ist es eine effiziente und zuverl\u00e4ssige Wahl f\u00fcr leichte Aushubarbeiten.<\/p>","protected":false},"featured_media":849,"comment_status":"open","ping_status":"closed","template":"","meta":[],"product_brand":[],"product_cat":[17],"product_tag":[],"class_list":{"0":"post-848","1":"product","2":"type-product","3":"status-publish","4":"has-post-thumbnail","6":"product_cat-mini-tracked-excavator","8":"first","9":"instock","10":"shipping-taxable","11":"product-type-simple"},"_links":{"self":[{"href":"https:\/\/luyuemachinery.com\/de\/wp-json\/wp\/v2\/product\/848","targetHints":{"allow":["GET"]}}],"collection":[{"href":"https:\/\/luyuemachinery.com\/de\/wp-json\/wp\/v2\/product"}],"about":[{"href":"https:\/\/luyuemachinery.com\/de\/wp-json\/wp\/v2\/types\/product"}],"replies":[{"embeddable":true,"href":"https:\/\/luyuemachinery.com\/de\/wp-json\/wp\/v2\/comments?post=848"}],"wp:featuredmedia":[{"embeddable":true,"href":"https:\/\/luyuemachinery.com\/de\/wp-json\/wp\/v2\/media\/849"}],"wp:attachment":[{"href":"https:\/\/luyuemachinery.com\/de\/wp-json\/wp\/v2\/media?parent=848"}],"wp:term":[{"taxonomy":"product_brand","embeddable":true,"href":"https:\/\/luyuemachinery.com\/de\/wp-json\/wp\/v2\/product_brand?post=848"},{"taxonomy":"product_cat","embeddable":true,"href":"https:\/\/luyuemachinery.com\/de\/wp-json\/wp\/v2\/product_cat?post=848"},{"taxonomy":"product_tag","embeddable":true,"href":"https:\/\/luyuemachinery.com\/de\/wp-json\/wp\/v2\/product_tag?post=848"}],"curies":[{"name":"wp","href":"https:\/\/api.w.org\/{rel}","templated":true}]}}