{"id":837,"date":"2026-02-13T07:28:13","date_gmt":"2026-02-13T07:28:13","guid":{"rendered":"https:\/\/luyuemachinery.com\/?post_type=product&#038;p=837"},"modified":"2026-03-05T01:37:55","modified_gmt":"2026-03-05T01:37:55","slug":"2-4-ton-mini-excavator","status":"publish","type":"product","link":"https:\/\/luyuemachinery.com\/de\/product\/2-4-ton-mini-excavator\/","title":{"rendered":"2,4 Tonnen Minibagger LY-26-2"},"content":{"rendered":"<div style=\"overflow-x: auto; width: 100%;\">\n<table style=\"width: 100%; border-collapse: collapse;\">\n<tbody>\n<tr>\n<td align=\"left\">Gesamtgewicht<\/td>\n<td align=\"left\">2416 kg<\/td>\n<td align=\"left\">Boden bis oberer Scheibenabstand<\/td>\n<td align=\"left\">534 mm<\/td>\n<\/tr>\n<tr>\n<td align=\"left\">Eimerkapazit\u00e4t<\/td>\n<td align=\"left\">0,075 m\u00b3<\/td>\n<td align=\"left\">Radstand vorne und hinten<\/td>\n<td align=\"left\">1560 mm<\/td>\n<\/tr>\n<tr>\n<td align=\"left\">Motormodell<\/td>\n<td align=\"left\">Changchai390<\/td>\n<td align=\"left\">linke und rechte Streckenentfernung<\/td>\n<td align=\"left\">1200 mm<\/td>\n<\/tr>\n<tr>\n<td align=\"left\">Motorleistung<\/td>\n<td align=\"left\">20kW\/2200RPM<\/td>\n<td align=\"left\">Dynamische Armablenkung<\/td>\n<td align=\"left\">45\u00b0 (links)<\/td>\n<\/tr>\n<tr>\n<td align=\"left\">Gesamtl\u00e4nge<\/td>\n<td align=\"left\">3074mm<\/td>\n<td align=\"left\">Armabweichung des Admirals<\/td>\n<td align=\"left\">55\u00b0 (rechts)<\/td>\n<\/tr>\n<tr>\n<td align=\"left\">Gesamtbreite<\/td>\n<td align=\"left\">1500mm<\/td>\n<td align=\"left\">Schwingradius<\/td>\n<td align=\"left\">936 mm<\/td>\n<\/tr>\n<tr>\n<td align=\"left\">Gesamth\u00f6he<\/td>\n<td align=\"left\">2313mm<\/td>\n<td align=\"left\">Mindestbodenfreiheit<\/td>\n<td align=\"left\">230 mm<\/td>\n<\/tr>\n<tr>\n<td align=\"left\">Hydrauliksystemdruck<\/td>\n<td align=\"left\">18 MPa<\/td>\n<td align=\"left\">Maximale Schaufel-Waffenkraft<\/td>\n<td align=\"left\">19,5 kN<\/td>\n<\/tr>\n<tr>\n<td align=\"left\">Anzahl einseitiges St\u00fctzrad<\/td>\n<td align=\"left\">3 St\u00fcck<\/td>\n<td align=\"left\">Anzahl der Kettenr\u00e4der auf einer Seite<\/td>\n<td align=\"left\">1 St\u00fcck<\/td>\n<\/tr>\n<\/tbody>\n<\/table>\n<\/div>","protected":false},"excerpt":{"rendered":"<p>Dieser kleine Kettenbagger mit einem Gewicht von 2416 kg ist mit einem Changchai390-Motor (20 kW \/ 2200 U \/ min) ausgestattet, hat eine Schaufelkapazit\u00e4t von 0,075 m\u00b3, eine maximale Schaufelgrabenkraft von 19,5 kn und einen Hydrauliksystemdruck von 18 MPa. Mit seinem kompakten Geh\u00e4use und dem flexiblen Auslegerkipp ist es eine zuverl\u00e4ssige Wahl, um leichte Bauarbeiten zu vervollst\u00e4ndigen.<\/p>","protected":false},"featured_media":838,"comment_status":"open","ping_status":"closed","template":"","meta":[],"product_brand":[],"product_cat":[17],"product_tag":[],"class_list":{"0":"post-837","1":"product","2":"type-product","3":"status-publish","4":"has-post-thumbnail","6":"product_cat-mini-tracked-excavator","8":"first","9":"instock","10":"shipping-taxable","11":"product-type-simple"},"_links":{"self":[{"href":"https:\/\/luyuemachinery.com\/de\/wp-json\/wp\/v2\/product\/837","targetHints":{"allow":["GET"]}}],"collection":[{"href":"https:\/\/luyuemachinery.com\/de\/wp-json\/wp\/v2\/product"}],"about":[{"href":"https:\/\/luyuemachinery.com\/de\/wp-json\/wp\/v2\/types\/product"}],"replies":[{"embeddable":true,"href":"https:\/\/luyuemachinery.com\/de\/wp-json\/wp\/v2\/comments?post=837"}],"wp:featuredmedia":[{"embeddable":true,"href":"https:\/\/luyuemachinery.com\/de\/wp-json\/wp\/v2\/media\/838"}],"wp:attachment":[{"href":"https:\/\/luyuemachinery.com\/de\/wp-json\/wp\/v2\/media?parent=837"}],"wp:term":[{"taxonomy":"product_brand","embeddable":true,"href":"https:\/\/luyuemachinery.com\/de\/wp-json\/wp\/v2\/product_brand?post=837"},{"taxonomy":"product_cat","embeddable":true,"href":"https:\/\/luyuemachinery.com\/de\/wp-json\/wp\/v2\/product_cat?post=837"},{"taxonomy":"product_tag","embeddable":true,"href":"https:\/\/luyuemachinery.com\/de\/wp-json\/wp\/v2\/product_tag?post=837"}],"curies":[{"name":"wp","href":"https:\/\/api.w.org\/{rel}","templated":true}]}}