{"id":833,"date":"2026-02-13T07:14:00","date_gmt":"2026-02-13T07:14:00","guid":{"rendered":"https:\/\/luyuemachinery.com\/?post_type=product&#038;p=833"},"modified":"2026-03-05T01:55:37","modified_gmt":"2026-03-05T01:55:37","slug":"1-5t-backhoe-mini-excavator","status":"publish","type":"product","link":"https:\/\/luyuemachinery.com\/de\/product\/1-5t-backhoe-mini-excavator\/","title":{"rendered":"1,5-T-Baggerlader-Mini-Bagger LY-20PRO"},"content":{"rendered":"<div style=\"overflow-x: auto; width: 100%;\">\n<table style=\"width: 100%; border-collapse: collapse;\">\n<tbody>\n<tr>\n<td align=\"left\">Transportl\u00e4nge<\/td>\n<td align=\"left\">2650mm<\/td>\n<td align=\"left\">Lokomotive<\/td>\n<td align=\"left\">Kubota\/Laidong<\/td>\n<\/tr>\n<tr>\n<td align=\"left\">Gesamtbreite<\/td>\n<td align=\"left\">970-1270mm<\/td>\n<td align=\"left\">max. Dumpingh\u00f6he<\/td>\n<td align=\"left\">1930mm<\/td>\n<\/tr>\n<tr>\n<td align=\"left\">obere Breite<\/td>\n<td align=\"left\">1055mm<\/td>\n<td align=\"left\">max. Tiefe graben<\/td>\n<td align=\"left\">1995mm<\/td>\n<\/tr>\n<tr>\n<td align=\"left\">Gesamth\u00f6he mit Dach<\/td>\n<td align=\"left\">2350mm<\/td>\n<td align=\"left\">max. Ausgrabungsentfernung<\/td>\n<td align=\"left\">3130mm<\/td>\n<\/tr>\n<tr>\n<td align=\"left\">Spurbreite<\/td>\n<td align=\"left\">200mm<\/td>\n<td align=\"left\">Min. Radius<\/td>\n<td align=\"left\">1670mm<\/td>\n<\/tr>\n<tr>\n<td align=\"left\">Spur<\/td>\n<td align=\"left\">770-1070mm<\/td>\n<td align=\"left\">min.H\u00f6he bei minimalem Wenderadius<\/td>\n<td align=\"left\">2285mm<\/td>\n<\/tr>\n<tr>\n<td align=\"left\">Bodenfreiheit des Bulldozers<\/td>\n<td align=\"left\">290mm<\/td>\n<td align=\"left\">Arbeitsqualit\u00e4t<\/td>\n<td align=\"left\">1470kg<\/td>\n<\/tr>\n<tr>\n<td align=\"left\">Bulldozer Grabtiefe<\/td>\n<td align=\"left\">285mm<\/td>\n<td align=\"left\">Eimerkapazit\u00e4t<\/td>\n<td align=\"left\">0,02 m\u00b3<\/td>\n<\/tr>\n<tr>\n<td align=\"left\">Heck-Wenderadius<\/td>\n<td align=\"left\">980mm<\/td>\n<td align=\"left\">Form des Arbeitsger\u00e4ts<\/td>\n<td align=\"left\">Baggerhudel<\/td>\n<\/tr>\n<tr>\n<td align=\"left\">Erdungsl\u00e4nge<\/td>\n<td align=\"left\">1200mm<\/td>\n<td align=\"left\">Steifigkeit<\/td>\n<td align=\"left\">30\u00b0<\/td>\n<\/tr>\n<tr>\n<td align=\"left\">Spurl\u00e4nge<\/td>\n<td align=\"left\">1520mm<\/td>\n<td align=\"left\">Hauptventil<\/td>\n<td align=\"left\">hochragen<\/td>\n<\/tr>\n<tr>\n<td align=\"left\">max. Bauh\u00f6he<\/td>\n<td align=\"left\">2875mm<\/td>\n<td align=\"left\"><\/td>\n<td align=\"left\"><\/td>\n<\/tr>\n<\/tbody>\n<\/table>\n<\/div>","protected":false},"excerpt":{"rendered":"<p>Dieser Kettenbagger mit Kulissen\/Laidong mit einem Gewicht von 1470 kg hat eine maximale Grabtiefe von 1995 mm und eine maximale Grabh\u00f6he von 2875 mm. Es verf\u00fcgt auch \u00fcber eine Kletterf\u00e4higkeit von 30 \u00b0 und einen flexiblen K\u00f6rper und ist damit eine ideale Maschine, um leichte Aushubaufgaben effizient zu erledigen.<\/p>","protected":false},"featured_media":834,"comment_status":"open","ping_status":"closed","template":"","meta":[],"product_brand":[],"product_cat":[17],"product_tag":[],"class_list":{"0":"post-833","1":"product","2":"type-product","3":"status-publish","4":"has-post-thumbnail","6":"product_cat-mini-tracked-excavator","8":"first","9":"instock","10":"shipping-taxable","11":"product-type-simple"},"_links":{"self":[{"href":"https:\/\/luyuemachinery.com\/de\/wp-json\/wp\/v2\/product\/833","targetHints":{"allow":["GET"]}}],"collection":[{"href":"https:\/\/luyuemachinery.com\/de\/wp-json\/wp\/v2\/product"}],"about":[{"href":"https:\/\/luyuemachinery.com\/de\/wp-json\/wp\/v2\/types\/product"}],"replies":[{"embeddable":true,"href":"https:\/\/luyuemachinery.com\/de\/wp-json\/wp\/v2\/comments?post=833"}],"wp:featuredmedia":[{"embeddable":true,"href":"https:\/\/luyuemachinery.com\/de\/wp-json\/wp\/v2\/media\/834"}],"wp:attachment":[{"href":"https:\/\/luyuemachinery.com\/de\/wp-json\/wp\/v2\/media?parent=833"}],"wp:term":[{"taxonomy":"product_brand","embeddable":true,"href":"https:\/\/luyuemachinery.com\/de\/wp-json\/wp\/v2\/product_brand?post=833"},{"taxonomy":"product_cat","embeddable":true,"href":"https:\/\/luyuemachinery.com\/de\/wp-json\/wp\/v2\/product_cat?post=833"},{"taxonomy":"product_tag","embeddable":true,"href":"https:\/\/luyuemachinery.com\/de\/wp-json\/wp\/v2\/product_tag?post=833"}],"curies":[{"name":"wp","href":"https:\/\/api.w.org\/{rel}","templated":true}]}}