{"id":819,"date":"2026-02-13T05:46:37","date_gmt":"2026-02-13T05:46:37","guid":{"rendered":"https:\/\/luyuemachinery.com\/?post_type=product&#038;p=819"},"modified":"2026-03-05T02:34:49","modified_gmt":"2026-03-05T02:34:49","slug":"excavator-accessories","status":"publish","type":"product","link":"https:\/\/luyuemachinery.com\/de\/product\/excavator-accessories\/","title":{"rendered":"Baggerzubeh\u00f6r"},"content":{"rendered":"<h3 class=\"header_65eb3 auto-hide-last-sibling-br\">Komplettes Sortiment an Mini-Baggeraufs\u00e4tzen f\u00fcr verbesserte Vielseitigkeit<\/h3>\n<p>Entdecken Sie das volle Potenzial Ihres Minibaggers mit unserem umfassenden Sortiment an hochwertigen Anbauger\u00e4ten. Ob Sie enge Gr\u00e4ben graben, Terrain oder Handlingsmaterialien graben, wir haben das perfekte Zubeh\u00f6r f\u00fcr Ihre Bed\u00fcrfnisse. Unsere Anbauger\u00e4te sind auf Langlebigkeit und Effizienz ausgelegt und mit allen wichtigen Mini-Baggermodellen kompatibel.<\/p>\n<p><img fetchpriority=\"high\" decoding=\"async\" class=\"alignnone size-full wp-image-820\" src=\"https:\/\/luyuemachinery.com\/wp-content\/uploads\/2026\/02\/Excavator-Accessories-3.jpg\" alt=\"\" width=\"1920\" height=\"1153\" srcset=\"https:\/\/luyuemachinery.com\/wp-content\/uploads\/2026\/02\/Excavator-Accessories-3.jpg 1920w, https:\/\/luyuemachinery.com\/wp-content\/uploads\/2026\/02\/Excavator-Accessories-3-300x180.jpg 300w, https:\/\/luyuemachinery.com\/wp-content\/uploads\/2026\/02\/Excavator-Accessories-3-1024x615.jpg 1024w, https:\/\/luyuemachinery.com\/wp-content\/uploads\/2026\/02\/Excavator-Accessories-3-768x461.jpg 768w, https:\/\/luyuemachinery.com\/wp-content\/uploads\/2026\/02\/Excavator-Accessories-3-1536x922.jpg 1536w, https:\/\/luyuemachinery.com\/wp-content\/uploads\/2026\/02\/Excavator-Accessories-3-600x360.jpg 600w\" sizes=\"(max-width: 1920px) 100vw, 1920px\" \/><\/p>\n<h4 class=\"header_65eb3 auto-hide-last-sibling-br\">1. Schmale Eimer (200 mm Breite)<\/h4>\n<div class=\"auto-hide-last-sibling-br paragraph_7884d paragraph-element\"><strong>Ideal f\u00fcr Pr\u00e4zisionsaushubarbeiten<\/strong><\/div>\n<ul class=\"auto-hide-last-sibling-br\">\n<li>Perfekt zum Graben von schmalen Gr\u00e4ben, Versorgungslinien und Fundamentfundamenten<\/li>\n<li>200 mm Breite erm\u00f6glicht genaues, kontrolliertes Graben in engen R\u00e4umen<\/li>\n<li>Schwere Konstruktion sorgt f\u00fcr langlebige Leistung unter anspruchsvollen Bedingungen<\/li>\n<li>Kompatibel mit allen Mini-Baggermodellen f\u00fcr maximale Vielseitigkeit<\/li>\n<\/ul>\n<h4 class=\"header_65eb3 auto-hide-last-sibling-br\">2 . Rechen- und Ripper-Anh\u00e4nge<\/h4>\n<div class=\"auto-hide-last-sibling-br paragraph_7884d paragraph-element\"><strong>Bereiten Sie das Gel\u00e4nde m\u00fchelos vor und gestalten Sie es<\/strong><\/div>\n<ul class=\"auto-hide-last-sibling-br\">\n<li><strong>s\u00e4ubern<\/strong>: Schmutz kl\u00e4ren, Boden ebnen und Oberfl\u00e4chen f\u00fcr den Bau oder die Landschaft vorbereiten<\/li>\n<li><strong>Ripper<\/strong>: Zerlegen Sie verdichtete Erde, Asphalt und gefrorenen Boden effizient<\/li>\n<li>Langlebiges Design h\u00e4lt starker Beanspruchung unter harten Bedingungen stand<\/li>\n<li>Schnelles Anbausystem f\u00fcr nahtlose \u00dcberg\u00e4nge zwischen Aufgaben<\/li>\n<\/ul>\n<h4 class=\"header_65eb3 auto-hide-last-sibling-br\">3. Planeimer (500mm, 800mm oder benutzerdefinierte Gr\u00f6\u00dfen)<\/h4>\n<div class=\"auto-hide-last-sibling-br paragraph_7884d paragraph-element\"><strong>Professionelle Nivellierung und Bewertung<\/strong><\/div>\n<ul class=\"auto-hide-last-sibling-br\">\n<li>Erh\u00e4ltlich in 500 mm, 800 mm oder kundenspezifischen Breiten, um Ihren Projektanforderungen zu entsprechen<\/li>\n<li>getriebeloses Design sorgt f\u00fcr sanftes, pr\u00e4zises Nivellieren gro\u00dfer Fl\u00e4chen<\/li>\n<li>Ideal f\u00fcr die Vorbereitung von Baustellen, Stra\u00dfenbau und Landschaftsbau<\/li>\n<li>Hochleistungs-Stahlkonstruktion f\u00fcr Langzeithaltigkeit<\/li>\n<\/ul>\n<h4 class=\"header_65eb3 auto-hide-last-sibling-br\">4. Grabber-Anbau<\/h4>\n<div class=\"auto-hide-last-sibling-br paragraph_7884d paragraph-element\"><strong>Effiziente Materialhandhabungsl\u00f6sung<\/strong><\/div>\n<ul class=\"auto-hide-last-sibling-br\">\n<li>Vielseitiges Design zum Greifen und Transportieren von Holz, Zuckerrohr und anderen Materialien<\/li>\n<li>Starke Klemmkraft sorgt f\u00fcr sicheren Halt bei verschiedenen Lastarten<\/li>\n<li>360-Grad-Drehf\u00e4higkeit f\u00fcr optimale Positionierung<\/li>\n<li>Perfekt f\u00fcr Forst-, Land- und Abfallwirtschaft<\/li>\n<\/ul>\n<h4 class=\"header_65eb3 auto-hide-last-sibling-br\">5. Schnellkupplungssystem<\/h4>\n<div class=\"auto-hide-last-sibling-br paragraph_7884d paragraph-element\"><strong>Nahtloses Anbauwechsel in Sekunden<\/strong><\/div>\n<ul class=\"auto-hide-last-sibling-br\">\n<li>Anbauger\u00e4te in Sekundenschnelle ohne manuelle Werkzeuge anschlie\u00dfen und abtrennen<\/li>\n<li>Kompatibel mit allen unseren Baggeraufs\u00e4tzen f\u00fcr maximale Flexibilit\u00e4t<\/li>\n<li>Robuster Verriegelungsmechanismus sorgt f\u00fcr sicheren Betrieb<\/li>\n<li>Spart Zeit und reduziert die Arbeitskosten bei Multi-Task-Projekten<\/li>\n<\/ul>\n<h4 class=\"header_65eb3 auto-hide-last-sibling-br\">6. Schneckenbefestigung<\/h4>\n<div class=\"auto-hide-last-sibling-br paragraph_7884d paragraph-element\"><strong>Pr\u00e4zisionsbohren f\u00fcr verschiedene Anwendungen<\/strong><\/div>\n<ul class=\"auto-hide-last-sibling-br\">\n<li>Komplettsystem umfasst Bohrger\u00e4t, Halterung und Bohrrohr<\/li>\n<li>200mm Breite x 700mm langer Bohrer f\u00fcr vielseitige Bohranforderungen<\/li>\n<li>Bohrtiefenleistung von 800-900mm f\u00fcr Fundamentpfosten, Zaunl\u00f6cher und mehr<\/li>\n<li>Leistungsstarker Motor sorgt f\u00fcr effizientes Bohren in verschiedenen Bodentypen<\/li>\n<\/ul>\n<h4 class=\"header_65eb3 auto-hide-last-sibling-br\">7 drohen Titeleimer (600mm Breite, 30\u00b0 Neigungswinkel)<\/h4>\n<div class=\"auto-hide-last-sibling-br paragraph_7884d paragraph-element\"><strong>Vielseitige Hangreparatur- und Baggerl\u00f6sung<\/strong><\/div>\n<ul class=\"auto-hide-last-sibling-br\">\n<li>Einzigartiges Design erm\u00f6glicht das Schaufeln in jedem Winkel f\u00fcr eine pr\u00e4zise Wandformung<\/li>\n<li>Perfekt f\u00fcr die Reparatur von Flussufern, H\u00e4ngen und Deichen<\/li>\n<li>600mm Breite mit 30\u00b0 Neigungswinkel f\u00fcr optimale Nivellierung geneigter Fl\u00e4chen<\/li>\n<li>Ideal zum Ausbaggern von Fl\u00fcssen, Gr\u00e4ben und anderen Wasserstra\u00dfen<\/li>\n<\/ul>\n<h4 class=\"header_65eb3 auto-hide-last-sibling-br\">8. Daumenschaufel<\/h4>\n<div class=\"auto-hide-last-sibling-br paragraph_7884d paragraph-element\"><strong>Verbesserte Materialhandhabung<\/strong><\/div>\n<ul class=\"auto-hide-last-sibling-br\">\n<li>Integriert in Ihren vorhandenen Eimer f\u00fcr vielseitiges Greifen und Heben<\/li>\n<li>Perfekt f\u00fcr den Umgang mit Steinen, Schmutz und unregelm\u00e4\u00dfigen Materialien<\/li>\n<li>Starke Klemmkraft sorgt f\u00fcr sicheren Halt bei verschiedenen Lastarten<\/li>\n<li>Einfache Installation und Entfernung zur schnellen Anpassung an wechselnde Aufgaben<\/li>\n<\/ul>\n<h4 class=\"header_65eb3 auto-hide-last-sibling-br\">9. Bruchhammeraufsatz<\/h4>\n<div class=\"auto-hide-last-sibling-br paragraph_7884d paragraph-element\"><strong>Kraftvoller Beton und Steinbruch<\/strong><\/div>\n<ul class=\"auto-hide-last-sibling-br\">\n<li>Hochschlagshydraulik f\u00fcr effiziente Abbrucharbeiten<\/li>\n<li>Leichtes Design minimiert Belastung Ihres Baggers und maximiert die Leistung<\/li>\n<li>Ideal zum Zerbrechen von Beton, Asphalt und Felsen bei Bau- und Abbruchprojekten<\/li>\n<li>Langlebige Konstruktion \u00fcbersteht starken Einsatz unter anspruchsvollen Bedingungen<\/li>\n<\/ul>\n<h4 class=\"header_65eb3 auto-hide-last-sibling-br\">10. Stahlklemme<\/h4>\n<div class=\"auto-hide-last-sibling-br paragraph_7884d paragraph-element\"><strong>Sichere Materialhaltel\u00f6sung<\/strong><\/div>\n<ul class=\"auto-hide-last-sibling-br\">\n<li>Starke, verstellbare Klemme zum Halten von Stahltr\u00e4gern, Rohren und anderen Materialien<\/li>\n<li>Rutschfestes Design sorgt f\u00fcr sicheren Halt auf glatten Oberfl\u00e4chen<\/li>\n<li>360-Grad-Drehf\u00e4higkeit f\u00fcr optimale Positionierung<\/li>\n<li>Perfekt f\u00fcr Konstruktions-, Fertigungs- und Materialhandhabungsanwendungen<\/li>\n<\/ul>\n<h4 class=\"header_65eb3 auto-hide-last-sibling-br\">11. Trimmmaschine &amp; Cropper<\/h4>\n<div class=\"auto-hide-last-sibling-br paragraph_7884d paragraph-element\"><strong>Pr\u00e4zisions-Landschafts- und Vegetationskontrolle<\/strong><\/div>\n<ul class=\"auto-hide-last-sibling-br\">\n<li><strong>Trimmmaschine<\/strong>: Hecken, B\u00e4ume und andere Vegetation mit Pr\u00e4zision formen<\/li>\n<li><strong>Schmiermaschine<\/strong>: Durchschneiden Sie dicke \u00c4ste und kleine B\u00e4ume effizient<\/li>\n<li>Leichtes Design sorgt f\u00fcr einfache Man\u00f6vrierbarkeit auf engstem Raum<\/li>\n<li>Langlebige Klingen halten h\u00e4ufigem Einsatz unter verschiedenen Bedingungen stand<\/li>\n<\/ul>\n<h4 class=\"header_65eb3 auto-hide-last-sibling-br\">12. Pfahlfahreranhang<\/h4>\n<div class=\"auto-hide-last-sibling-br paragraph_7884d paragraph-element\"><strong>Effiziente Fundament<\/strong><\/div>\n<ul class=\"auto-hide-last-sibling-br\">\n<li>Hydraulisch angetriebenes System zum schnellen und pr\u00e4zisen Antreiben von Pf\u00e4hlen<\/li>\n<li>Geeignet f\u00fcr die Installation von Zaunpfosten, Fundamentpf\u00e4hlen und Schildern<\/li>\n<li>H\u00f6henverstellbare Einstellungen f\u00fcr vielseitige Anwendungen<\/li>\n<li>Einfaches Anbausystem f\u00fcr die nahtlose Integration mit Ihrem Bagger<\/li>\n<\/ul>\n<h4 class=\"header_65eb3 auto-hide-last-sibling-br\">13. Baggeranh\u00e4nger<\/h4>\n<div class=\"auto-hide-last-sibling-br paragraph_7884d paragraph-element\"><strong>Bequeme Transportl\u00f6sung<\/strong><\/div>\n<ul>\n<li style=\"list-style-type: none;\">\n<ul class=\"auto-hide-last-sibling-br\">\n<li>Schwerlastanh\u00e4nger f\u00fcr den Transport von Minibagger und Anbauger\u00e4ten<\/li>\n<li>Langlebige Konstruktion h\u00e4lt schweren Lasten und unwegsamem Gel\u00e4nde stand<\/li>\n<li>Mehrere Anh\u00e4ngepunkte sorgen f\u00fcr sicheren Transport der Ausr\u00fcstung<\/li>\n<li>Einfach zu bedienende Laderampe f\u00fcr schnelles und sicheres Be-\/Entladen<\/li>\n<\/ul>\n<\/li>\n<\/ul>","protected":false},"excerpt":{"rendered":"<p>Eine Maschine, Multi-Usage. Schneller und einfacher Austausch von Zubeh\u00f6r.<\/p>","protected":false},"featured_media":821,"comment_status":"open","ping_status":"closed","template":"","meta":[],"product_brand":[],"product_cat":[33],"product_tag":[],"class_list":{"0":"post-819","1":"product","2":"type-product","3":"status-publish","4":"has-post-thumbnail","6":"product_cat-excavator-accessories","8":"first","9":"instock","10":"shipping-taxable","11":"product-type-simple"},"_links":{"self":[{"href":"https:\/\/luyuemachinery.com\/de\/wp-json\/wp\/v2\/product\/819","targetHints":{"allow":["GET"]}}],"collection":[{"href":"https:\/\/luyuemachinery.com\/de\/wp-json\/wp\/v2\/product"}],"about":[{"href":"https:\/\/luyuemachinery.com\/de\/wp-json\/wp\/v2\/types\/product"}],"replies":[{"embeddable":true,"href":"https:\/\/luyuemachinery.com\/de\/wp-json\/wp\/v2\/comments?post=819"}],"wp:featuredmedia":[{"embeddable":true,"href":"https:\/\/luyuemachinery.com\/de\/wp-json\/wp\/v2\/media\/821"}],"wp:attachment":[{"href":"https:\/\/luyuemachinery.com\/de\/wp-json\/wp\/v2\/media?parent=819"}],"wp:term":[{"taxonomy":"product_brand","embeddable":true,"href":"https:\/\/luyuemachinery.com\/de\/wp-json\/wp\/v2\/product_brand?post=819"},{"taxonomy":"product_cat","embeddable":true,"href":"https:\/\/luyuemachinery.com\/de\/wp-json\/wp\/v2\/product_cat?post=819"},{"taxonomy":"product_tag","embeddable":true,"href":"https:\/\/luyuemachinery.com\/de\/wp-json\/wp\/v2\/product_tag?post=819"}],"curies":[{"name":"wp","href":"https:\/\/api.w.org\/{rel}","templated":true}]}}