{"id":815,"date":"2026-02-13T05:29:04","date_gmt":"2026-02-13T05:29:04","guid":{"rendered":"https:\/\/luyuemachinery.com\/?post_type=product&#038;p=815"},"modified":"2026-03-05T02:39:35","modified_gmt":"2026-03-05T02:39:35","slug":"fully-automatic-wood-cutter","status":"publish","type":"product","link":"https:\/\/luyuemachinery.com\/de\/product\/fully-automatic-wood-cutter\/","title":{"rendered":"Vollautomatischer Holzschneider"},"content":{"rendered":"<h4>Vollautomatischer Holzschneider-Parameter:<\/h4>\n<div style=\"overflow-x: auto; width: 100%;\">\n<table style=\"width: 100%; border-collapse: collapse;\">\n<tbody>\n<tr>\n<td width=\"284\">Gr\u00f6\u00dfe<\/td>\n<td width=\"284\">1260*1160*1160mm<\/td>\n<\/tr>\n<tr>\n<td width=\"284\">Gewicht<\/td>\n<td width=\"284\">700kg<\/td>\n<\/tr>\n<tr>\n<td width=\"284\">Energieverbrauch<\/td>\n<td width=\"284\">40kW-60kW<\/td>\n<\/tr>\n<tr>\n<td width=\"284\">Arbeitskraft<\/td>\n<td width=\"284\">24MPa<\/td>\n<\/tr>\n<tr>\n<td width=\"284\">S\u00e4geger\u00e4te<\/td>\n<td width=\"284\">Hydraulische Kettens<\/td>\n<\/tr>\n<tr>\n<td width=\"284\">Maximaler Schnittdurchmesser<\/td>\n<td width=\"284\">400mm<\/td>\n<\/tr>\n<tr>\n<td width=\"284\">S\u00e4geplattenl\u00e4nge<\/td>\n<td width=\"284\">18\u2019<\/td>\n<\/tr>\n<tr>\n<td width=\"284\">Kettenabstand<\/td>\n<td width=\"284\">0,404\u2019\u2019<\/td>\n<\/tr>\n<tr>\n<td width=\"284\">Kapazit\u00e4t des S\u00e4gebeh\u00e4lters<\/td>\n<td width=\"284\">5L<\/td>\n<\/tr>\n<tr>\n<td width=\"284\">Geschwindigkeit der Kettens\u00e4ge<\/td>\n<td width=\"284\">40m \/ s<\/td>\n<\/tr>\n<tr>\n<td width=\"284\">F\u00fctterungssystem<\/td>\n<td width=\"284\">Drei Transportr\u00e4der<\/td>\n<\/tr>\n<tr>\n<td width=\"284\">Drei Transportr\u00e4der<\/td>\n<td width=\"284\">410mm<\/td>\n<\/tr>\n<tr>\n<td width=\"284\">Speisungskraft<\/td>\n<td width=\"284\">17kn<\/td>\n<\/tr>\n<tr>\n<td width=\"284\">F\u00fctterungsgeschwindigkeit<\/td>\n<td width=\"284\">4m \/ s<\/td>\n<\/tr>\n<tr>\n<td width=\"284\">Anzahl der Messer<\/td>\n<td width=\"284\">4+1<\/td>\n<\/tr>\n<tr>\n<td width=\"284\">Maximale \u00d6ffnung des vorderen Messers<\/td>\n<td width=\"284\">490mm<\/td>\n<\/tr>\n<tr>\n<td width=\"284\">Maximale \u00d6ffnung des R\u00fcckenmessers<\/td>\n<td width=\"284\">450mm<\/td>\n<\/tr>\n<\/tbody>\n<\/table>\n<p style=\"font-weight: 400;\">Geeignet f\u00fcr effizientes Schneiden, Nullspannung, mindestens 1 cm \u00fcber dem Ast, intelligentes Steuerungssystem, automatische Heckabzweigung, einfache Wartungsstruktur, abnehmbarer Kraftstofftank, effizientes und wirtschaftliches Schneiden, multifunktionale Steuerung, kompakte Geometrie schnell und kraftvoll zuzuf\u00fchren.<\/p>\n<\/div>","protected":false},"excerpt":{"rendered":"<p>Diese vollautomatische hydraulische Holzschneidemaschine mit einem maximalen Schnittdurchmesser von 400 mm nutzt leistungsstarke Vorschub und intelligente Steuerung, um ein effizientes Schneiden mit mehreren Durchmessern und eine spannungsfreie Heckmaterialsortierung zu erreichen.<\/p>","protected":false},"featured_media":816,"comment_status":"open","ping_status":"closed","template":"","meta":[],"product_brand":[],"product_cat":[33],"product_tag":[],"class_list":{"0":"post-815","1":"product","2":"type-product","3":"status-publish","4":"has-post-thumbnail","6":"product_cat-excavator-accessories","8":"first","9":"instock","10":"shipping-taxable","11":"product-type-simple"},"_links":{"self":[{"href":"https:\/\/luyuemachinery.com\/de\/wp-json\/wp\/v2\/product\/815","targetHints":{"allow":["GET"]}}],"collection":[{"href":"https:\/\/luyuemachinery.com\/de\/wp-json\/wp\/v2\/product"}],"about":[{"href":"https:\/\/luyuemachinery.com\/de\/wp-json\/wp\/v2\/types\/product"}],"replies":[{"embeddable":true,"href":"https:\/\/luyuemachinery.com\/de\/wp-json\/wp\/v2\/comments?post=815"}],"wp:featuredmedia":[{"embeddable":true,"href":"https:\/\/luyuemachinery.com\/de\/wp-json\/wp\/v2\/media\/816"}],"wp:attachment":[{"href":"https:\/\/luyuemachinery.com\/de\/wp-json\/wp\/v2\/media?parent=815"}],"wp:term":[{"taxonomy":"product_brand","embeddable":true,"href":"https:\/\/luyuemachinery.com\/de\/wp-json\/wp\/v2\/product_brand?post=815"},{"taxonomy":"product_cat","embeddable":true,"href":"https:\/\/luyuemachinery.com\/de\/wp-json\/wp\/v2\/product_cat?post=815"},{"taxonomy":"product_tag","embeddable":true,"href":"https:\/\/luyuemachinery.com\/de\/wp-json\/wp\/v2\/product_tag?post=815"}],"curies":[{"name":"wp","href":"https:\/\/api.w.org\/{rel}","templated":true}]}}