{"id":758,"date":"2026-02-12T08:44:11","date_gmt":"2026-02-12T08:44:11","guid":{"rendered":"https:\/\/luyuemachinery.com\/?post_type=product&#038;p=758"},"modified":"2026-03-05T03:08:54","modified_gmt":"2026-03-05T03:08:54","slug":"13kw-diesel-lawn-mower","status":"publish","type":"product","link":"https:\/\/luyuemachinery.com\/de\/product\/13kw-diesel-lawn-mower\/","title":{"rendered":"13kW Diesel Rasenm\u00e4her LY-80Promax"},"content":{"rendered":"<p><strong>Kraftvoll:<\/strong> 13kW Dieselmotor + Direktwellenantrieb, optional h\u00f6herer Leistung, hoher Wirkungsgrad und Haltbarkeit.<\/p>\n<p><strong>Fernbedienung Gehen:<\/strong> Motorische Strecken, Steigungen 0\u201340\u00b0, anpassbar an unterschiedliche Stra\u00dfenverh\u00e4ltnisse.<\/p>\n<p><strong>Hocheffizientes Grasschneiden:<\/strong> Manganstahlklingen, 800 mm Schnittbreite, Wirkungsgrad 0\u20137 Acres \/ Stunde.<\/p>\n<p><strong>Multifunktional:<\/strong> Hydraulisch angehobene Frontmaschine, kann mit Drehfr\u00e4sen, Abgr\u00e4ben, Schneeschaufeln, D\u00fcngerapplikatoren usw. ausgestattet werden.<\/p>\n<p><strong>Sicher und langlebig:<\/strong> Spritzgitter, Gleise mit Stahldraht, robuste 450kg Struktur.<\/p>\n<h4>Produktparameter:<\/h4>\n<div style=\"overflow-x: auto; width: 100%;\">\n<table style=\"width: 100%; border-collapse: collapse;\">\n<tbody>\n<tr>\n<td width=\"446\">Nennleistung<\/td>\n<td width=\"583\">\u00a0 13kW<\/td>\n<td width=\"402\">Nenngeschwindigkeit<\/td>\n<td width=\"606\">\u00a0 3000R \/ min<\/td>\n<\/tr>\n<tr>\n<td width=\"446\">Hauptantriebsmethode<\/td>\n<td width=\"583\">\u00a0 Direktantriebswelle<\/td>\n<td width=\"402\">Hauptkupplungsmethode<\/td>\n<td width=\"606\">\u00a0 Reibplatte<\/td>\n<\/tr>\n<tr>\n<td width=\"446\">Laufkraft<\/td>\n<td width=\"583\">\u00a0 Autoantrieb<\/td>\n<td width=\"402\">Antriebsmotor<\/td>\n<td width=\"606\">\u00a0 48V800W\u00d72<\/td>\n<\/tr>\n<tr>\n<td width=\"446\">Batteriespezifikationen<\/td>\n<td width=\"583\">\u00a0 48V 23A Batterie + Range Extender<\/td>\n<td width=\"402\">Range Extender-Generator<\/td>\n<td width=\"606\">\u00a0 55V75A DC-Generator<\/td>\n<\/tr>\n<tr>\n<td width=\"446\">Gesamtabmessungen<\/td>\n<td width=\"583\">\u00a0 1780\u00d7920\u00d7740mm<\/td>\n<td width=\"402\">Gesamtgewicht<\/td>\n<td width=\"606\">\u00a0 450kg<\/td>\n<\/tr>\n<tr>\n<td width=\"446\">Grasschredder-Schachtgeschwindigkeit<\/td>\n<td width=\"583\">\u00a0 2600R \/ min<\/td>\n<td width=\"402\">Anzahl der Gras-Schredder-Klingen<\/td>\n<td width=\"606\">\u00a0 48 Tabletten (3 Tabletten pro Set x 16)<\/td>\n<\/tr>\n<tr>\n<td width=\"446\">Arbeitsbreite des Grasschredders<\/td>\n<td width=\"583\">\u00a0 800mm<\/td>\n<td width=\"402\">Stoppelh\u00f6he<\/td>\n<td width=\"606\">\u00a0 20-80mm<\/td>\n<\/tr>\n<tr>\n<td width=\"446\">Grasschnitzh\u00f6he<\/td>\n<td width=\"583\">\u00a0 50-2000mm<\/td>\n<td width=\"402\">Drehzahl der Drehzahl der Pinne<\/td>\n<td width=\"606\">\u00a0 360R \/ min<\/td>\n<\/tr>\n<tr>\n<td width=\"446\">Anzahl der Drehfr\u00e4sen<\/td>\n<td width=\"583\">\u00a0 24 \u7247<\/td>\n<td width=\"402\">Rotationsbearbeitung Breite Breite<\/td>\n<td width=\"606\">\u00a0 900mm<\/td>\n<\/tr>\n<tr>\n<td width=\"446\">Rotationsbearbeitungstiefe<\/td>\n<td width=\"583\">\u00a0 130-250mm<\/td>\n<td width=\"402\">Anzahl der Grabenklingen<\/td>\n<td width=\"606\">\u00a0 10 \u7247<\/td>\n<\/tr>\n<tr>\n<td width=\"446\">Grabenbreite<\/td>\n<td width=\"583\">\u00a0 260mm<\/td>\n<td width=\"402\">Sch\u00fctzentiefe<\/td>\n<td width=\"606\">\u00a0 200-300mm<\/td>\n<\/tr>\n<tr>\n<td width=\"446\">Fernsteuerungsentfernung<\/td>\n<td width=\"583\">\u00a0 400mm<\/td>\n<td width=\"402\">Schritttempo<\/td>\n<td width=\"606\">\u00a0 35-50m\/min<\/td>\n<\/tr>\n<tr>\n<td width=\"446\">Kraftstoffverbrauch<\/td>\n<td width=\"583\">\u00a0 1,5 l \/ h<\/td>\n<td width=\"402\">Kraftstofftankkapazit\u00e4t<\/td>\n<td width=\"606\">\u00a0 5,5L<\/td>\n<\/tr>\n<tr>\n<td width=\"446\">Heben<\/td>\n<td width=\"583\">\u00a0 Fernbedienung Hydraulikzylinder-Heben<\/td>\n<td width=\"402\">Motormodell<\/td>\n<td width=\"606\">\u00a0 110F ein Stahl-Luftgek\u00fchlter Dieselmotor<\/td>\n<\/tr>\n<\/tbody>\n<\/table>\n<p><img fetchpriority=\"high\" decoding=\"async\" class=\"alignnone size-full wp-image-765\" src=\"https:\/\/luyuemachinery.com\/wp-content\/uploads\/2026\/02\/LY-80PROMAX-6-1.jpg\" alt=\"\" width=\"1409\" height=\"563\" srcset=\"https:\/\/luyuemachinery.com\/wp-content\/uploads\/2026\/02\/LY-80PROMAX-6-1.jpg 1409w, https:\/\/luyuemachinery.com\/wp-content\/uploads\/2026\/02\/LY-80PROMAX-6-1-300x120.jpg 300w, https:\/\/luyuemachinery.com\/wp-content\/uploads\/2026\/02\/LY-80PROMAX-6-1-1024x409.jpg 1024w, https:\/\/luyuemachinery.com\/wp-content\/uploads\/2026\/02\/LY-80PROMAX-6-1-768x307.jpg 768w, https:\/\/luyuemachinery.com\/wp-content\/uploads\/2026\/02\/LY-80PROMAX-6-1-600x240.jpg 600w\" sizes=\"(max-width: 1409px) 100vw, 1409px\" \/><\/p>\n<p><img decoding=\"async\" class=\"alignnone size-full wp-image-766\" src=\"https:\/\/luyuemachinery.com\/wp-content\/uploads\/2026\/02\/LY-80PROMAX-5.jpg\" alt=\"\" width=\"1920\" height=\"736\" srcset=\"https:\/\/luyuemachinery.com\/wp-content\/uploads\/2026\/02\/LY-80PROMAX-5.jpg 1920w, https:\/\/luyuemachinery.com\/wp-content\/uploads\/2026\/02\/LY-80PROMAX-5-300x115.jpg 300w, https:\/\/luyuemachinery.com\/wp-content\/uploads\/2026\/02\/LY-80PROMAX-5-1024x393.jpg 1024w, https:\/\/luyuemachinery.com\/wp-content\/uploads\/2026\/02\/LY-80PROMAX-5-768x294.jpg 768w, https:\/\/luyuemachinery.com\/wp-content\/uploads\/2026\/02\/LY-80PROMAX-5-1536x589.jpg 1536w, https:\/\/luyuemachinery.com\/wp-content\/uploads\/2026\/02\/LY-80PROMAX-5-600x230.jpg 600w\" sizes=\"(max-width: 1920px) 100vw, 1920px\" \/><\/p>\n<\/div>","protected":false},"excerpt":{"rendered":"<p>Dies ist ein Dieselmotor-gesteuerter, ferngesteuerter, multifunktionaler Kettenrasenm\u00e4her, der sich f\u00fcr verschiedene komplexe Gel\u00e4nde wie Photovoltaikparks, Obstg\u00e4rten und Flussb\u00f6schungen eignet. Es verf\u00fcgt \u00fcber mehrere Betriebsf\u00e4higkeiten, einschlie\u00dflich effizienter M\u00e4hen, Drehbearbeitung und Graben.<\/p>","protected":false},"featured_media":763,"comment_status":"open","ping_status":"closed","template":"","meta":[],"product_brand":[],"product_cat":[19],"product_tag":[],"class_list":{"0":"post-758","1":"product","2":"type-product","3":"status-publish","4":"has-post-thumbnail","6":"product_cat-remote-control-lawn-mower","8":"first","9":"instock","10":"shipping-taxable","11":"product-type-simple"},"_links":{"self":[{"href":"https:\/\/luyuemachinery.com\/de\/wp-json\/wp\/v2\/product\/758","targetHints":{"allow":["GET"]}}],"collection":[{"href":"https:\/\/luyuemachinery.com\/de\/wp-json\/wp\/v2\/product"}],"about":[{"href":"https:\/\/luyuemachinery.com\/de\/wp-json\/wp\/v2\/types\/product"}],"replies":[{"embeddable":true,"href":"https:\/\/luyuemachinery.com\/de\/wp-json\/wp\/v2\/comments?post=758"}],"wp:featuredmedia":[{"embeddable":true,"href":"https:\/\/luyuemachinery.com\/de\/wp-json\/wp\/v2\/media\/763"}],"wp:attachment":[{"href":"https:\/\/luyuemachinery.com\/de\/wp-json\/wp\/v2\/media?parent=758"}],"wp:term":[{"taxonomy":"product_brand","embeddable":true,"href":"https:\/\/luyuemachinery.com\/de\/wp-json\/wp\/v2\/product_brand?post=758"},{"taxonomy":"product_cat","embeddable":true,"href":"https:\/\/luyuemachinery.com\/de\/wp-json\/wp\/v2\/product_cat?post=758"},{"taxonomy":"product_tag","embeddable":true,"href":"https:\/\/luyuemachinery.com\/de\/wp-json\/wp\/v2\/product_tag?post=758"}],"curies":[{"name":"wp","href":"https:\/\/api.w.org\/{rel}","templated":true}]}}