{"id":171,"date":"2026-02-10T02:48:36","date_gmt":"2026-02-10T02:48:36","guid":{"rendered":"https:\/\/luyuemachinery.com\/?post_type=product&#038;p=171"},"modified":"2026-03-05T03:13:39","modified_gmt":"2026-03-05T03:13:39","slug":"crawler-remote-control-lawn-mower","status":"publish","type":"product","link":"https:\/\/luyuemachinery.com\/de\/product\/crawler-remote-control-lawn-mower\/","title":{"rendered":"Rasenm\u00e4her LY-M750 Crawler Fernbedienung"},"content":{"rendered":"<h4>Einf\u00fchrung des Rasenm\u00e4hers LYM750 Crawler<\/h4>\n<p style=\"font-weight: 400;\">Der intelligente Rasenm\u00e4her kann die Rasenm\u00e4harbeiten selbstst\u00e4ndig ohne manuelle Steuerung und Bedienung abschlie\u00dfen. Es hat die Eigenschaften von geringer Leistung, geringem Ger\u00e4usch, sch\u00f6nem Aussehen und reduziert den manuellen Betrieb erheblich.<\/p>\n<p style=\"font-weight: 400;\">Vorbereiten des Starts des Fernsteuerungsm\u00e4hers<\/p>\n<p style=\"font-weight: 400;\">(1) Vor dem Start der Maschine unbedingt die Dichtheit der Schrauben in jedem Teil best\u00e4tigen.<\/p>\n<p style=\"font-weight: 400;\">(2) Schalten Sie den Netzschalter der Maschine ein, ziehen Sie den rechten Hebel zur\u00fcck und halten Sie ihn gedr\u00fcckt. Dr\u00fccken Sie dann die Schaltertaste der Fernbedienung, um die Fernbedienung einzuschalten.<\/p>\n<p style=\"font-weight: 400;\">(3) \u201cDIDI\u201d erscheint, wenn die Fernbedienung eingeschaltet wird, was darauf hinweist, dass das Ger\u00e4t normal mit der Fernbedienung \u00fcbereinstimmt.<\/p>\n<p style=\"font-weight: 400;\">(4) Motorstart;<\/p>\n<p style=\"font-weight: 400;\">a&gt; Bremse auf der rechten Seite des Motors l\u00f6sen (zugleich den Z\u00fcndschalter abklemmen);<\/p>\n<p style=\"font-weight: 400;\">b&gt; Drehen Sie die linke Gashebel gegen den Uhrzeigersinn (um gleichzeitig den Motordrossel zu \u00f6ffnen);<\/p>\n<p style=\"font-weight: 400;\">C&gt; Ziehen Sie das Zugseil der Griffplatte fest, um den Motor zu starten;<\/p>\n<p style=\"font-weight: 400;\">D&gt; Nach dem Starten des Motors die Drosselklappe rechtzeitig auf die entsprechende Geschwindigkeit einstellen;<\/p>\n<h4>LYM750 Rasenm\u00e4her-Fernbedienungs-Rasenm\u00e4her-Parameter<\/h4>\n<div style=\"overflow-x: auto; width: 100%;\">\n<table style=\"width: 100%; border-collapse: collapse;\">\n<tbody>\n<tr>\n<td colspan=\"4\" width=\"568\">Modell: LYM-750<\/td>\n<\/tr>\n<tr>\n<td width=\"142\">Schnittbreite<\/td>\n<td width=\"142\">550mm<\/td>\n<td width=\"142\">Startmodus<\/td>\n<td width=\"142\">Handzug\/Tastenstart<\/td>\n<\/tr>\n<tr>\n<td width=\"142\">H\u00f6heneinstellungsmethode<\/td>\n<td width=\"142\">Fernbedienungsbetrieb<\/td>\n<td width=\"142\">Lademodus<\/td>\n<td width=\"142\">Selbstladesystem des Motors<\/td>\n<\/tr>\n<tr>\n<td width=\"142\">Stoppelh\u00f6he<\/td>\n<td width=\"142\">20-150mm<\/td>\n<td width=\"142\">Betriebsart<\/td>\n<td width=\"142\">Fernbedienungsbetrieb<\/td>\n<\/tr>\n<tr>\n<td width=\"142\">Schritttempo<\/td>\n<td width=\"142\">0-4km\/h<\/td>\n<td width=\"142\">Fernsteuerungsentfernung<\/td>\n<td width=\"142\">0-300m<\/td>\n<\/tr>\n<tr>\n<td width=\"142\">Arbeitsneigung<\/td>\n<td width=\"142\">0-45 \u00b0<\/td>\n<td width=\"142\">M\u00e4heffizienz<\/td>\n<td width=\"142\">0-2200\u33a1\/h<\/td>\n<\/tr>\n<tr>\n<td width=\"142\">Produktgr\u00f6\u00dfe<\/td>\n<td width=\"142\">915mm*935mm*560mm<\/td>\n<td width=\"142\">Nettogewicht<\/td>\n<td width=\"142\">175kg<\/td>\n<\/tr>\n<tr>\n<td width=\"142\">Verpackungsgr\u00f6\u00dfe<\/td>\n<td width=\"142\">970mm * 990mm * 610mm<\/td>\n<td width=\"142\">Verpackungsgewicht<\/td>\n<td width=\"142\">195 kg<\/td>\n<\/tr>\n<tr>\n<td width=\"142\">Lokomotive<\/td>\n<td width=\"142\">Loncin224cc Motor\/Kohler200 Motor<\/td>\n<td width=\"142\"><\/td>\n<td width=\"142\"><\/td>\n<\/tr>\n<\/tbody>\n<\/table>\n<\/div>","protected":false},"excerpt":{"rendered":"<p>Der intelligente Rasenm\u00e4her kann die Arbeit des M\u00e4hens des Rasens unabh\u00e4ngig voneinander ohne direkte menschliche Kontrolle und Bedienung abschlie\u00dfen und hat geringe Leistung, geringe Ger\u00e4uschentwicklung, exquisites und sch\u00f6nes Aussehen und GRE.<\/p>","protected":false},"featured_media":172,"comment_status":"open","ping_status":"closed","template":"","meta":[],"product_brand":[],"product_cat":[19],"product_tag":[],"class_list":{"0":"post-171","1":"product","2":"type-product","3":"status-publish","4":"has-post-thumbnail","6":"product_cat-remote-control-lawn-mower","8":"first","9":"instock","10":"shipping-taxable","11":"product-type-simple"},"_links":{"self":[{"href":"https:\/\/luyuemachinery.com\/de\/wp-json\/wp\/v2\/product\/171","targetHints":{"allow":["GET"]}}],"collection":[{"href":"https:\/\/luyuemachinery.com\/de\/wp-json\/wp\/v2\/product"}],"about":[{"href":"https:\/\/luyuemachinery.com\/de\/wp-json\/wp\/v2\/types\/product"}],"replies":[{"embeddable":true,"href":"https:\/\/luyuemachinery.com\/de\/wp-json\/wp\/v2\/comments?post=171"}],"wp:featuredmedia":[{"embeddable":true,"href":"https:\/\/luyuemachinery.com\/de\/wp-json\/wp\/v2\/media\/172"}],"wp:attachment":[{"href":"https:\/\/luyuemachinery.com\/de\/wp-json\/wp\/v2\/media?parent=171"}],"wp:term":[{"taxonomy":"product_brand","embeddable":true,"href":"https:\/\/luyuemachinery.com\/de\/wp-json\/wp\/v2\/product_brand?post=171"},{"taxonomy":"product_cat","embeddable":true,"href":"https:\/\/luyuemachinery.com\/de\/wp-json\/wp\/v2\/product_cat?post=171"},{"taxonomy":"product_tag","embeddable":true,"href":"https:\/\/luyuemachinery.com\/de\/wp-json\/wp\/v2\/product_tag?post=171"}],"curies":[{"name":"wp","href":"https:\/\/api.w.org\/{rel}","templated":true}]}}