{"id":168,"date":"2026-02-10T02:45:04","date_gmt":"2026-02-10T02:45:04","guid":{"rendered":"https:\/\/luyuemachinery.com\/?post_type=product&#038;p=168"},"modified":"2026-03-05T03:36:48","modified_gmt":"2026-03-05T03:36:48","slug":"crawler-lawn-mower","status":"publish","type":"product","link":"https:\/\/luyuemachinery.com\/de\/product\/crawler-lawn-mower\/","title":{"rendered":"Rasenm\u00e4her LY-800T"},"content":{"rendered":"<h4>LY-800T Rasenm\u00e4her-Fernbedienung Rasenm\u00e4her<\/h4>\n<div style=\"overflow-x: auto; width: 100%;\">\n<table style=\"width: 100%; border-collapse: collapse;\">\n<tbody>\n<tr>\n<td colspan=\"4\" width=\"568\">Modell: LY-800T<\/td>\n<\/tr>\n<tr>\n<td width=\"142\">Schnittbreite<\/td>\n<td width=\"142\">800mm<\/td>\n<td width=\"142\">Startmodus<\/td>\n<td width=\"142\">Knopfanfang<\/td>\n<\/tr>\n<tr>\n<td width=\"142\">H\u00f6heneinstellungsmethode<\/td>\n<td width=\"142\">Fernbedienungsbetrieb<\/td>\n<td width=\"142\">Lademodus<\/td>\n<td width=\"142\">Selbstladesystem des Motors<\/td>\n<\/tr>\n<tr>\n<td width=\"142\">Stoppelh\u00f6he<\/td>\n<td width=\"142\">30-200mm<\/td>\n<td width=\"142\">Betriebsart<\/td>\n<td width=\"142\">Fernbedienungsbetrieb<\/td>\n<\/tr>\n<tr>\n<td width=\"142\">Schritttempo<\/td>\n<td width=\"142\">0-3,5km\/h<\/td>\n<td width=\"142\">Fernsteuerungsentfernung<\/td>\n<td width=\"142\">0-680m<\/td>\n<\/tr>\n<tr>\n<td width=\"142\">Arbeitsneigung<\/td>\n<td width=\"142\">0-45 \u00b0<\/td>\n<td width=\"142\">M\u00e4heffizienz<\/td>\n<td width=\"142\">0-2800 \u33a1 \/ h<\/td>\n<\/tr>\n<tr>\n<td width=\"142\">Produktgr\u00f6\u00dfe<\/td>\n<td width=\"142\">1420mm*1320mm*760mm<\/td>\n<td width=\"142\">Nettogewicht<\/td>\n<td width=\"142\">287 kg<\/td>\n<\/tr>\n<tr>\n<td width=\"142\">Verpackungsgr\u00f6\u00dfe<\/td>\n<td width=\"142\">1470mm*1320mm*900mm<\/td>\n<td width=\"142\">Verpackungsgewicht<\/td>\n<td width=\"142\">356kg<\/td>\n<\/tr>\n<tr>\n<td width=\"142\">Kapazit\u00e4t des Benzintanks<\/td>\n<td width=\"142\">15L<\/td>\n<td width=\"142\">\u00d6ltankkapazit\u00e4t<\/td>\n<td width=\"142\">1.2L<\/td>\n<\/tr>\n<tr>\n<td width=\"142\">Lokomotive<\/td>\n<td colspan=\"3\" width=\"426\">Locin608cc Motor \/ Locin764cc Motor \/ RATO740CC Motor<\/td>\n<\/tr>\n<\/tbody>\n<\/table>\n<h2><\/h2>\n<\/div>","protected":false},"excerpt":{"rendered":"<p>Der ferngesteuerte Rasenm\u00e4her LY-800T hat eine Schnittbreite von 800 mm, eine Reichweite von bis zu 680 Metern, eine maximale Arbeitsneigung von 45 Grad und kann 2800 Quadratmeter Rasen pro Stunde effizient m\u00e4hen.<\/p>","protected":false},"featured_media":169,"comment_status":"open","ping_status":"closed","template":"","meta":[],"product_brand":[],"product_cat":[19],"product_tag":[],"class_list":{"0":"post-168","1":"product","2":"type-product","3":"status-publish","4":"has-post-thumbnail","6":"product_cat-remote-control-lawn-mower","8":"first","9":"instock","10":"shipping-taxable","11":"product-type-simple"},"_links":{"self":[{"href":"https:\/\/luyuemachinery.com\/de\/wp-json\/wp\/v2\/product\/168","targetHints":{"allow":["GET"]}}],"collection":[{"href":"https:\/\/luyuemachinery.com\/de\/wp-json\/wp\/v2\/product"}],"about":[{"href":"https:\/\/luyuemachinery.com\/de\/wp-json\/wp\/v2\/types\/product"}],"replies":[{"embeddable":true,"href":"https:\/\/luyuemachinery.com\/de\/wp-json\/wp\/v2\/comments?post=168"}],"wp:featuredmedia":[{"embeddable":true,"href":"https:\/\/luyuemachinery.com\/de\/wp-json\/wp\/v2\/media\/169"}],"wp:attachment":[{"href":"https:\/\/luyuemachinery.com\/de\/wp-json\/wp\/v2\/media?parent=168"}],"wp:term":[{"taxonomy":"product_brand","embeddable":true,"href":"https:\/\/luyuemachinery.com\/de\/wp-json\/wp\/v2\/product_brand?post=168"},{"taxonomy":"product_cat","embeddable":true,"href":"https:\/\/luyuemachinery.com\/de\/wp-json\/wp\/v2\/product_cat?post=168"},{"taxonomy":"product_tag","embeddable":true,"href":"https:\/\/luyuemachinery.com\/de\/wp-json\/wp\/v2\/product_tag?post=168"}],"curies":[{"name":"wp","href":"https:\/\/api.w.org\/{rel}","templated":true}]}}