{"id":158,"date":"2026-02-10T02:28:02","date_gmt":"2026-02-10T02:28:02","guid":{"rendered":"https:\/\/luyuemachinery.com\/?post_type=product&#038;p=158"},"modified":"2026-03-05T06:02:22","modified_gmt":"2026-03-05T06:02:22","slug":"crawler-skid-steer-loader","status":"publish","type":"product","link":"https:\/\/luyuemachinery.com\/de\/product\/crawler-skid-steer-loader\/","title":{"rendered":"Crawler Skid Steer Loader LY-380S"},"content":{"rendered":"<h4>Beschreibung von LY380S Crawler Skid Steer Loader<\/h4>\n<p style=\"font-weight: 400;\">Die Kompaktlader, multifunktionale Maschinenbaufahrzeuge und Mehrzweckmaschinen. Erreicht eine spezielle Fahrgestell-Lenkradausr\u00fcstung, Radfahrwerk, Allradantrieb, Unterfahrschutz, zuf\u00e4llige Baustelle k\u00f6nnen schnell ausgetauscht oder Ger\u00e4te mit einer Vielzahl von Arbeiten auf beiden Seiten der Raddrehzahldifferenz ausgetauscht werden, um sich an unterschiedliche Arbeitsumgebungen und Arbeitsinhalte anzupassen.<\/p>\n<ul>\n<li style=\"font-weight: 400;\">Ergonomisch gestaltete Betriebssicherheit<\/li>\n<li style=\"font-weight: 400;\">Schnellkupplungssystem<\/li>\n<li style=\"font-weight: 400;\">Gewichtsplattform auswuchten optional<\/li>\n<li style=\"font-weight: 400;\">H\u00f6here Hubh\u00f6he als \u00e4hnliche Produkte<\/li>\n<li style=\"font-weight: 400;\">aufstehen oder dahin gehen<\/li>\n<li style=\"font-weight: 400;\">Doppelhandgriff<\/li>\n<\/ul>\n<p style=\"font-weight: 400;\">Feature:<\/p>\n<ol>\n<li style=\"font-weight: 400;\">Das Klapppedal ist so konzipiert, dass der Fahrer das Pedal aufstehen oder zur\u00fcckgehen kann, um die Maschine zu bedienen.<\/li>\n<li style=\"font-weight: 400;\">Klares Instrumententafelschild, bequem zu bedienen.<\/li>\n<li style=\"font-weight: 400;\">Der Joystick-Griff ist optional und macht ihn bequemer.<\/li>\n<li style=\"font-weight: 400;\">Internationale Garantiemotor, genie\u00dfen Sie die lokale 3-Jahres-Motorwartung.<\/li>\n<li style=\"font-weight: 400;\">Es ist eine einfachere Wartungsmaschine: Obere Abdeckung und R\u00fcckwandplatte lassen sich leicht \u00f6ffnen und abmontieren, Sie k\u00f6nnen auch das verw\u00fcstete Motor\u00f6l leicht aus der Karosserie ablassen, Ersatzteile leicht ersetzen, wie Filter, Motor\u00f6l, \u00d6lfilter, Z\u00fcndkerze und so weiter.<\/li>\n<\/ol>\n<h4>Hauptleistungsparameter des LY380S Crawler Skid Steer Loader:<\/h4>\n<div style=\"overflow-x: auto; width: 100%;\">\n<table style=\"width: 100%; border-collapse: collapse;\">\n<tbody>\n<tr>\n<td colspan=\"2\" width=\"109\"><strong>Modell: ly380er<\/strong><\/td>\n<\/tr>\n<tr>\n<td width=\"93\">Maximale Arbeitsh\u00f6he<\/td>\n<td width=\"15\">2115 mm<\/td>\n<\/tr>\n<tr>\n<td width=\"93\">Max. Stifth\u00f6he<\/td>\n<td width=\"15\">1856 mm<\/td>\n<\/tr>\n<tr>\n<td width=\"93\">Maximale Kipph\u00f6he<\/td>\n<td width=\"15\">1460 mm<\/td>\n<\/tr>\n<tr>\n<td width=\"93\">die h\u00f6chste Punktentladungsentfernung<\/td>\n<td width=\"15\">388 mm<\/td>\n<\/tr>\n<tr>\n<td width=\"93\">Schaufelschaukelwinkel<\/td>\n<td width=\"15\">55\u00b0<\/td>\n<\/tr>\n<tr>\n<td width=\"93\">Eimer-Entladewinkel<\/td>\n<td width=\"15\">30\u00b0<\/td>\n<\/tr>\n<tr>\n<td width=\"93\">\u00d6ffnungs-Schlie\u00dfwinkel<\/td>\n<td width=\"15\">25\u00b0<\/td>\n<\/tr>\n<tr>\n<td width=\"93\">Abfahrtswinkel<\/td>\n<td width=\"15\">8 \u00b0<\/td>\n<\/tr>\n<tr>\n<td width=\"93\">Gesamth\u00f6he<\/td>\n<td width=\"15\">1205 mm<\/td>\n<\/tr>\n<tr>\n<td width=\"93\">Die H\u00f6he vom Boden<\/td>\n<td width=\"15\">90 mm<\/td>\n<\/tr>\n<tr>\n<td width=\"93\">Radstand<\/td>\n<td width=\"15\">636 mm<\/td>\n<\/tr>\n<tr>\n<td width=\"93\">Keine Eimerl\u00e4nge<\/td>\n<td width=\"15\">1752 mm<\/td>\n<\/tr>\n<tr>\n<td width=\"93\">Gesamtbreite<\/td>\n<td width=\"15\">1033 mm<\/td>\n<\/tr>\n<tr>\n<td width=\"93\">Eimerbreite<\/td>\n<td width=\"15\">980 mm<\/td>\n<\/tr>\n<tr>\n<td width=\"93\">Gesamtl\u00e4nge (mit Eimer)<\/td>\n<td width=\"15\">2206 mm<\/td>\n<\/tr>\n<tr>\n<td width=\"93\">Wenderadius<\/td>\n<td width=\"15\">1307 mm<\/td>\n<\/tr>\n<\/tbody>\n<\/table>\n<h4>Hauptleistungsparameter:<\/h4>\n<div style=\"overflow-x: auto; width: 100%;\">\n<table style=\"width: 100%; border-collapse: collapse;\">\n<tbody>\n<tr>\n<td colspan=\"6\" width=\"559\">Modell: ly380er<\/td>\n<\/tr>\n<tr>\n<td colspan=\"2\" rowspan=\"2\" width=\"305\">Lokomotive<\/td>\n<td width=\"132\">Nennleistung<\/td>\n<td colspan=\"3\" width=\"120\">21 PS \/ 23 PS<\/td>\n<\/tr>\n<tr>\n<td width=\"132\">Drehgeschwindigkeit (rpm)<\/td>\n<td colspan=\"3\" width=\"120\">3600<\/td>\n<\/tr>\n<tr>\n<td colspan=\"3\" width=\"438\">L\u00e4rm (db)<\/td>\n<td colspan=\"3\" width=\"120\">\u226495<\/td>\n<\/tr>\n<tr>\n<td colspan=\"2\" rowspan=\"3\" width=\"305\">Hydrauliksystem<\/td>\n<td width=\"132\">Hydraulikdruck (MPA)<\/td>\n<td colspan=\"3\" width=\"120\">17<\/td>\n<\/tr>\n<tr>\n<td rowspan=\"2\" width=\"132\">Zykluszeit (s)<\/td>\n<td width=\"30\">\u00a0aufbringen<\/td>\n<td width=\"44\">M\u00fcllhalde<\/td>\n<td width=\"45\">schw\u00e4chen<\/td>\n<\/tr>\n<tr>\n<td width=\"30\">4.27<\/td>\n<td width=\"44\">1.34<\/td>\n<td width=\"45\">3.31<\/td>\n<\/tr>\n<tr>\n<td rowspan=\"7\" width=\"170\">Leistungsparameter<\/td>\n<td width=\"135\"><\/td>\n<td width=\"132\">metrisch<\/td>\n<td colspan=\"3\" width=\"120\">Zoll<\/td>\n<\/tr>\n<tr>\n<td width=\"135\">Ladegewicht (kg)<\/td>\n<td width=\"132\">200 kg<\/td>\n<td colspan=\"3\" width=\"120\">441 lb<\/td>\n<\/tr>\n<tr>\n<td width=\"135\">Eimerkapazit\u00e4t<\/td>\n<td width=\"132\">0,15 m3<\/td>\n<td colspan=\"3\" width=\"120\">5,33 ft3<\/td>\n<\/tr>\n<tr>\n<td width=\"135\">Maximale Hubkraft<\/td>\n<td width=\"132\">375 kg<\/td>\n<td colspan=\"3\" width=\"120\">827 lb<\/td>\n<\/tr>\n<tr>\n<td width=\"135\">rasen<\/td>\n<td width=\"132\">0-5,5 km\/h<\/td>\n<td colspan=\"3\" width=\"120\">0-3,4 mlie \/ h<\/td>\n<\/tr>\n<tr>\n<td width=\"135\">Betriebsgewicht<\/td>\n<td width=\"132\">890kg<\/td>\n<td colspan=\"3\" width=\"120\">1958lb<\/td>\n<\/tr>\n<tr>\n<td width=\"135\">Reifentyp<\/td>\n<td width=\"132\">fahrwerk reifen<\/td>\n<td colspan=\"3\" width=\"120\">18*6.5-8<\/td>\n<\/tr>\n<\/tbody>\n<\/table>\n<\/div>\n<\/div>","protected":false},"excerpt":{"rendered":"<p>Die Kompaktlader, multifunktionale Ingenieurfahrzeuge, Mehrzweck-Engineering-Maschine. Erreicht eine spezielle Fahrgestell-Lenkradausr\u00fcstung, Radfahrwerk, Allradantrieb.<\/p>","protected":false},"featured_media":159,"comment_status":"open","ping_status":"closed","template":"","meta":[],"product_brand":[],"product_cat":[18],"product_tag":[],"class_list":{"0":"post-158","1":"product","2":"type-product","3":"status-publish","4":"has-post-thumbnail","6":"product_cat-skid-steer-loader","8":"first","9":"instock","10":"shipping-taxable","11":"product-type-simple"},"_links":{"self":[{"href":"https:\/\/luyuemachinery.com\/de\/wp-json\/wp\/v2\/product\/158","targetHints":{"allow":["GET"]}}],"collection":[{"href":"https:\/\/luyuemachinery.com\/de\/wp-json\/wp\/v2\/product"}],"about":[{"href":"https:\/\/luyuemachinery.com\/de\/wp-json\/wp\/v2\/types\/product"}],"replies":[{"embeddable":true,"href":"https:\/\/luyuemachinery.com\/de\/wp-json\/wp\/v2\/comments?post=158"}],"wp:featuredmedia":[{"embeddable":true,"href":"https:\/\/luyuemachinery.com\/de\/wp-json\/wp\/v2\/media\/159"}],"wp:attachment":[{"href":"https:\/\/luyuemachinery.com\/de\/wp-json\/wp\/v2\/media?parent=158"}],"wp:term":[{"taxonomy":"product_brand","embeddable":true,"href":"https:\/\/luyuemachinery.com\/de\/wp-json\/wp\/v2\/product_brand?post=158"},{"taxonomy":"product_cat","embeddable":true,"href":"https:\/\/luyuemachinery.com\/de\/wp-json\/wp\/v2\/product_cat?post=158"},{"taxonomy":"product_tag","embeddable":true,"href":"https:\/\/luyuemachinery.com\/de\/wp-json\/wp\/v2\/product_tag?post=158"}],"curies":[{"name":"wp","href":"https:\/\/api.w.org\/{rel}","templated":true}]}}