{"id":661,"date":"2026-02-12T07:19:16","date_gmt":"2026-02-12T07:19:16","guid":{"rendered":"https:\/\/luyuemachinery.com\/?page_id=661"},"modified":"2026-02-12T07:20:51","modified_gmt":"2026-02-12T07:20:51","slug":"refund-policy","status":"publish","type":"page","link":"https:\/\/luyuemachinery.com\/de\/refund-policy\/","title":{"rendered":"R\u00fcckerstattungsrichtlinie"},"content":{"rendered":"<div data-elementor-type=\"wp-page\" data-elementor-id=\"661\" class=\"elementor elementor-661\" data-elementor-post-type=\"page\">\n\t\t\t\t\t\t<section class=\"elementor-section elementor-top-section elementor-element elementor-element-fc09c6b elementor-section-boxed elementor-section-height-default elementor-section-height-default\" data-id=\"fc09c6b\" data-element_type=\"section\" data-e-type=\"section\" data-settings=\"{&quot;background_background&quot;:&quot;classic&quot;}\">\n\t\t\t\t\t\t\t<div class=\"elementor-background-overlay\"><\/div>\n\t\t\t\t\t\t\t<div class=\"elementor-container elementor-column-gap-no\">\n\t\t\t\t\t<div class=\"elementor-column elementor-col-100 elementor-top-column elementor-element elementor-element-a333467\" data-id=\"a333467\" data-element_type=\"column\" data-e-type=\"column\">\n\t\t\t<div class=\"elementor-widget-wrap elementor-element-populated\">\n\t\t\t\t\t\t<div class=\"elementor-element elementor-element-bc124b6 elementor-icon-list--layout-inline elementor-list-item-link-full_width elementor-widget elementor-widget-icon-list\" data-id=\"bc124b6\" data-element_type=\"widget\" data-e-type=\"widget\" data-widget_type=\"icon-list.default\">\n\t\t\t\t\t\t\t<ul class=\"elementor-icon-list-items elementor-inline-items\">\n\t\t\t\t\t\t\t<li class=\"elementor-icon-list-item elementor-inline-item\">\n\t\t\t\t\t\t\t\t\t\t\t<a href=\"https:\/\/luyuemachinery.com\/de\/\">\n\n\t\t\t\t\t\t\t\t\t\t\t<span class=\"elementor-icon-list-text\">Heim-<\/span>\n\t\t\t\t\t\t\t\t\t\t\t<\/a>\n\t\t\t\t\t\t\t\t\t<\/li>\n\t\t\t\t\t\t\t\t<li class=\"elementor-icon-list-item elementor-inline-item\">\n\t\t\t\t\t\t\t\t\t\t\t<a href=\"#\">\n\n\t\t\t\t\t\t\t\t\t\t\t\t<span class=\"elementor-icon-list-icon\">\n\t\t\t\t\t\t\t<svg aria-hidden=\"true\" class=\"e-font-icon-svg e-fas-angle-right\" viewbox=\"0 0 256 512\" xmlns=\"http:\/\/www.w3.org\/2000\/svg\"><path d=\"M224.3 273l-136 136c-9.4 9.4-24.6 9.4-33.9 0l-22.6-22.6c-9.4-9.4-9.4-24.6 0-33.9l96.4-96.4-96.4-96.4c-9.4-9.4-9.4-24.6 0-33.9L54.3 103c9.4-9.4 24.6-9.4 33.9 0l136 136c9.5 9.4 9.5 24.6.1 34z\"><\/path><\/svg>\t\t\t\t\t\t<\/span>\n\t\t\t\t\t\t\t\t\t\t<span class=\"elementor-icon-list-text\">Datenschutzerkl\u00e4rung<\/span>\n\t\t\t\t\t\t\t\t\t\t\t<\/a>\n\t\t\t\t\t\t\t\t\t<\/li>\n\t\t\t\t\t\t<\/ul>\n\t\t\t\t\t\t<\/div>\n\t\t\t\t<div class=\"elementor-element elementor-element-1d22620 elementor-widget elementor-widget-heading\" data-id=\"1d22620\" data-element_type=\"widget\" data-e-type=\"widget\" data-widget_type=\"heading.default\">\n\t\t\t\t\t<h1 class=\"elementor-heading-title elementor-size-default\">Datenschutzerkl\u00e4rung<\/h1>\t\t\t\t<\/div>\n\t\t\t\t\t<\/div>\n\t\t<\/div>\n\t\t\t\t\t<\/div>\n\t\t<\/section>\n\t\t<div class=\"elementor-element elementor-element-27baa6f e-flex e-con-boxed e-con e-parent\" data-id=\"27baa6f\" data-element_type=\"container\" data-e-type=\"container\">\n\t\t\t\t\t<div class=\"e-con-inner\">\n\t\t\t\t<div class=\"elementor-element elementor-element-31522ed elementor-widget elementor-widget-text-editor\" data-id=\"31522ed\" data-element_type=\"widget\" data-e-type=\"widget\" data-widget_type=\"text-editor.default\">\n\t\t\t\t\t\t\t\t\t<p>auf <strong><b>Jining Luyue International Trade Co., Ltd.<\/b><\/strong>, Wir bem\u00fchen uns, qualitativ hochwertige Produkte und exzellenten Kundenservice zu bieten. Wir verstehen, dass ein Produkt manchmal nicht Ihren Erwartungen entspricht. In einem solchen Fall bieten wir eine R\u00fcckerstattungsrichtlinie an, die es Ihnen erm\u00f6glicht, das Produkt innerhalb eines bestimmten Zeitraums ab dem Kaufdatum zur\u00fcckzugeben.<\/p><p>Bitte beachten Sie, dass wir keine Versprechen oder Garantien \u00fcber das Ergebnis eines von uns angebotenen Produkts abgeben k\u00f6nnen. Wir bem\u00fchen uns, qualitativ hochwertige Produkte anzubieten, aber der Erfolg eines jeden Produkts h\u00e4ngt von verschiedenen Faktoren ab, die au\u00dferhalb unserer Kontrolle liegen. Daher k\u00f6nnen wir keine R\u00fcckerstattungen basierend auf dem Ergebnis eines Produkts anbieten.<\/p><p>Unsere R\u00fcckerstattungsrichtlinie lautet wie folgt:<\/p><p>Wenn Sie mit dem Produkt nicht zufrieden sind, k\u00f6nnen Sie m\u00f6glicherweise eine R\u00fccksendung erhalten.<\/p><p>Um eine R\u00fccksendung zu initiieren, kontaktieren Sie uns bitte unter <span style=\"color: #800000;\"><a style=\"color: #800000;\" href=\"mailto:xingweiwang29@gmail.com\"><strong><u><b>xingweiwang29@gmail.com<\/b><\/u><\/strong><\/a><\/span><\/p><p>Das Produkt muss in der Originalverpackung und in einem neuen Zustand sein, um f\u00fcr eine R\u00fccksendung berechtigt zu sein.<\/p><p>Versand- und Bearbeitungsgeb\u00fchren sind nicht erstattungsf\u00e4hig.<\/p><p>Sobald wir das Produkt erhalten haben, werden wir es bewerten und feststellen, ob eine R\u00fcckgabe angemessen ist.<\/p><p>Bitte beachten Sie, dass wir uns das Recht vorbehalten, eine R\u00fccksendung abzulehnen, wenn das Produkt unsere R\u00fcckgabebedingungen nicht erf\u00fcllt.<\/p><p>Wenn Sie Fragen oder Bedenken zu unserer R\u00fcckerstattungsrichtlinie haben, z\u00f6gern Sie bitte nicht, uns unter zu kontaktieren <span style=\"color: #800000;\"><a style=\"color: #800000;\" href=\"mailto:xingweiwang29@gmail.com\"><strong><u><b>xingweiwang29@gmail.com<\/b><\/u><\/strong><\/a><\/span><\/p><p>\u00a0<\/p>\t\t\t\t\t\t\t\t<\/div>\n\t\t\t\t\t<\/div>\n\t\t\t\t<\/div>\n\t\t\t\t<\/div>","protected":false},"excerpt":{"rendered":"<p>Home Privacy Policy Privacy Policy At Jining Luyue International Trade Co., Ltd., we strive to provide high-quality products and excellent customer service. We understand that sometimes a product may not meet your expectations. In such an event, we offer a refund policy that allows you to return the product within a certain period of time [&hellip;]<\/p>\n","protected":false},"author":1,"featured_media":0,"parent":0,"menu_order":0,"comment_status":"closed","ping_status":"closed","template":"","meta":{"footnotes":""},"class_list":["post-661","page","type-page","status-publish","hentry"],"_links":{"self":[{"href":"https:\/\/luyuemachinery.com\/de\/wp-json\/wp\/v2\/pages\/661","targetHints":{"allow":["GET"]}}],"collection":[{"href":"https:\/\/luyuemachinery.com\/de\/wp-json\/wp\/v2\/pages"}],"about":[{"href":"https:\/\/luyuemachinery.com\/de\/wp-json\/wp\/v2\/types\/page"}],"author":[{"embeddable":true,"href":"https:\/\/luyuemachinery.com\/de\/wp-json\/wp\/v2\/users\/1"}],"replies":[{"embeddable":true,"href":"https:\/\/luyuemachinery.com\/de\/wp-json\/wp\/v2\/comments?post=661"}],"version-history":[{"count":0,"href":"https:\/\/luyuemachinery.com\/de\/wp-json\/wp\/v2\/pages\/661\/revisions"}],"wp:attachment":[{"href":"https:\/\/luyuemachinery.com\/de\/wp-json\/wp\/v2\/media?parent=661"}],"curies":[{"name":"wp","href":"https:\/\/api.w.org\/{rel}","templated":true}]}}