{"id":655,"date":"2026-02-12T07:16:54","date_gmt":"2026-02-12T07:16:54","guid":{"rendered":"https:\/\/luyuemachinery.com\/?page_id=655"},"modified":"2026-02-12T07:18:28","modified_gmt":"2026-02-12T07:18:28","slug":"shipping-policy","status":"publish","type":"page","link":"https:\/\/luyuemachinery.com\/de\/shipping-policy\/","title":{"rendered":"Versandpolitik"},"content":{"rendered":"<div data-elementor-type=\"wp-page\" data-elementor-id=\"655\" class=\"elementor elementor-655\" data-elementor-post-type=\"page\">\n\t\t\t\t\t\t<section class=\"elementor-section elementor-top-section elementor-element elementor-element-c6e2ca9 elementor-section-boxed elementor-section-height-default elementor-section-height-default\" data-id=\"c6e2ca9\" data-element_type=\"section\" data-e-type=\"section\" data-settings=\"{&quot;background_background&quot;:&quot;classic&quot;}\">\n\t\t\t\t\t\t\t<div class=\"elementor-background-overlay\"><\/div>\n\t\t\t\t\t\t\t<div class=\"elementor-container elementor-column-gap-no\">\n\t\t\t\t\t<div class=\"elementor-column elementor-col-100 elementor-top-column elementor-element elementor-element-3aa87f0\" data-id=\"3aa87f0\" data-element_type=\"column\" data-e-type=\"column\">\n\t\t\t<div class=\"elementor-widget-wrap elementor-element-populated\">\n\t\t\t\t\t\t<div class=\"elementor-element elementor-element-55d60f3 elementor-icon-list--layout-inline elementor-list-item-link-full_width elementor-widget elementor-widget-icon-list\" data-id=\"55d60f3\" data-element_type=\"widget\" data-e-type=\"widget\" data-widget_type=\"icon-list.default\">\n\t\t\t\t\t\t\t<ul class=\"elementor-icon-list-items elementor-inline-items\">\n\t\t\t\t\t\t\t<li class=\"elementor-icon-list-item elementor-inline-item\">\n\t\t\t\t\t\t\t\t\t\t\t<a href=\"https:\/\/luyuemachinery.com\/de\/\">\n\n\t\t\t\t\t\t\t\t\t\t\t<span class=\"elementor-icon-list-text\">Heim-<\/span>\n\t\t\t\t\t\t\t\t\t\t\t<\/a>\n\t\t\t\t\t\t\t\t\t<\/li>\n\t\t\t\t\t\t\t\t<li class=\"elementor-icon-list-item elementor-inline-item\">\n\t\t\t\t\t\t\t\t\t\t\t<a href=\"#\">\n\n\t\t\t\t\t\t\t\t\t\t\t\t<span class=\"elementor-icon-list-icon\">\n\t\t\t\t\t\t\t<svg aria-hidden=\"true\" class=\"e-font-icon-svg e-fas-angle-right\" viewbox=\"0 0 256 512\" xmlns=\"http:\/\/www.w3.org\/2000\/svg\"><path d=\"M224.3 273l-136 136c-9.4 9.4-24.6 9.4-33.9 0l-22.6-22.6c-9.4-9.4-9.4-24.6 0-33.9l96.4-96.4-96.4-96.4c-9.4-9.4-9.4-24.6 0-33.9L54.3 103c9.4-9.4 24.6-9.4 33.9 0l136 136c9.5 9.4 9.5 24.6.1 34z\"><\/path><\/svg>\t\t\t\t\t\t<\/span>\n\t\t\t\t\t\t\t\t\t\t<span class=\"elementor-icon-list-text\">Versandpolitik<\/span>\n\t\t\t\t\t\t\t\t\t\t\t<\/a>\n\t\t\t\t\t\t\t\t\t<\/li>\n\t\t\t\t\t\t<\/ul>\n\t\t\t\t\t\t<\/div>\n\t\t\t\t<div class=\"elementor-element elementor-element-76694ab elementor-widget elementor-widget-heading\" data-id=\"76694ab\" data-element_type=\"widget\" data-e-type=\"widget\" data-widget_type=\"heading.default\">\n\t\t\t\t\t<h1 class=\"elementor-heading-title elementor-size-default\">Versandpolitik<\/h1>\t\t\t\t<\/div>\n\t\t\t\t\t<\/div>\n\t\t<\/div>\n\t\t\t\t\t<\/div>\n\t\t<\/section>\n\t\t<div class=\"elementor-element elementor-element-d915883 e-flex e-con-boxed e-con e-parent\" data-id=\"d915883\" data-element_type=\"container\" data-e-type=\"container\">\n\t\t\t\t\t<div class=\"e-con-inner\">\n\t\t\t\t<div class=\"elementor-element elementor-element-c90c680 elementor-widget elementor-widget-text-editor\" data-id=\"c90c680\" data-element_type=\"widget\" data-e-type=\"widget\" data-widget_type=\"text-editor.default\">\n\t\t\t\t\t\t\t\t\t<div class=\"elementor-element elementor-element-c97a697 elementor-widget elementor-widget-heading\" data-id=\"c97a697\" data-element_type=\"widget\" data-widget_type=\"heading.default\"><p class=\"elementor-heading-title elementor-size-default\">auf <strong><b>Jining Luyue International Trade Co., Ltd.<\/b><\/strong>Wir bem\u00fchen uns, unsere Produkte zeitnah und effizient an unsere Kunden zu liefern.<\/p><p>Wir versenden unsere Produkte sowohl im In- als auch im Ausland.<\/p><\/div><div class=\"elementor-element elementor-element-331976b elementor-widget elementor-widget-text-editor\" data-id=\"331976b\" data-element_type=\"widget\" data-widget_type=\"text-editor.default\"><h5>Inlandsversand:<\/h5><p>Wir versenden unsere Produkte auf dem chinesischen Festland \u00fcber verschiedene Versandunternehmen, je nach Produkt und Standort des Kunden.<\/p><p>Die Versandkosten f\u00fcr das Inland k\u00f6nnen je nach Gewicht und Gr\u00f6\u00dfe des Produkts sowie des Versandziels variieren.<\/p><p>Die gesch\u00e4tzte Lieferzeit f\u00fcr Inlandssendungen betr\u00e4gt in der Regel innerhalb von 3-7 Werktagen, abh\u00e4ngig vom Versandunternehmen und dem Versandziel.<\/p><h5>Internationaler Versand:<\/h5><p>Wir versenden unsere Produkte \u00fcber verschiedene Versandunternehmen, je nach Produkt und Standort des Kunden, an internationale Kunden.<\/p><p>Die internationalen Versandkosten k\u00f6nnen je nach Gewicht und Gr\u00f6\u00dfe des Produkts sowie des Versandziels variieren.<\/p><p>Die gesch\u00e4tzte Lieferzeit f\u00fcr internationale Sendungen variiert je nach Versandunternehmen und Versandziel. Die Lieferzeiten k\u00f6nnen durch den Zoll und andere Faktoren beeinflusst werden, die au\u00dferhalb unserer Kontrolle liegen.<\/p><p>Bitte beachten Sie, dass wir nicht f\u00fcr Z\u00f6lle, Steuern oder Geb\u00fchren verantwortlich sind, die vom Zielland erhoben werden. Der Kunde ist f\u00fcr solche Geb\u00fchren verantwortlich.<\/p><p>Wenn Sie Fragen oder Bedenken bez\u00fcglich des Versands haben, z\u00f6gern Sie bitte nicht, uns unter zu kontaktieren <span style=\"color: #800000;\"><a style=\"color: #800000;\" href=\"mailto:xingweiwang29@gmail.com\"><strong><u><b>xingweiwang29@gmail.com<\/b><\/u><\/strong><\/a><\/span><\/p><\/div><p>\u00a0<\/p>\t\t\t\t\t\t\t\t<\/div>\n\t\t\t\t\t<\/div>\n\t\t\t\t<\/div>\n\t\t\t\t<\/div>","protected":false},"excerpt":{"rendered":"<p>Home Shipping Policy Shipping Policy At Jining Luyue International Trade Co., Ltd.we strive to provide timely and efficient delivery of our products to our customers. We ship our products to customers both domestically and internationally. Domestic Shipping: We ship our products within mainland China via various shipping carriers, depending on the product and the location [&hellip;]<\/p>\n","protected":false},"author":1,"featured_media":0,"parent":0,"menu_order":0,"comment_status":"closed","ping_status":"closed","template":"","meta":{"footnotes":""},"class_list":["post-655","page","type-page","status-publish","hentry"],"_links":{"self":[{"href":"https:\/\/luyuemachinery.com\/de\/wp-json\/wp\/v2\/pages\/655","targetHints":{"allow":["GET"]}}],"collection":[{"href":"https:\/\/luyuemachinery.com\/de\/wp-json\/wp\/v2\/pages"}],"about":[{"href":"https:\/\/luyuemachinery.com\/de\/wp-json\/wp\/v2\/types\/page"}],"author":[{"embeddable":true,"href":"https:\/\/luyuemachinery.com\/de\/wp-json\/wp\/v2\/users\/1"}],"replies":[{"embeddable":true,"href":"https:\/\/luyuemachinery.com\/de\/wp-json\/wp\/v2\/comments?post=655"}],"version-history":[{"count":0,"href":"https:\/\/luyuemachinery.com\/de\/wp-json\/wp\/v2\/pages\/655\/revisions"}],"wp:attachment":[{"href":"https:\/\/luyuemachinery.com\/de\/wp-json\/wp\/v2\/media?parent=655"}],"curies":[{"name":"wp","href":"https:\/\/api.w.org\/{rel}","templated":true}]}}