{"id":646,"date":"2026-02-12T07:08:44","date_gmt":"2026-02-12T07:08:44","guid":{"rendered":"https:\/\/luyuemachinery.com\/?page_id=646"},"modified":"2026-02-12T07:15:51","modified_gmt":"2026-02-12T07:15:51","slug":"privacy-policy","status":"publish","type":"page","link":"https:\/\/luyuemachinery.com\/de\/privacy-policy\/","title":{"rendered":"Datenschutzerkl\u00e4rung"},"content":{"rendered":"<div data-elementor-type=\"wp-page\" data-elementor-id=\"646\" class=\"elementor elementor-646\" data-elementor-post-type=\"page\">\n\t\t\t\t\t\t<section class=\"elementor-section elementor-top-section elementor-element elementor-element-0934fef elementor-section-boxed elementor-section-height-default elementor-section-height-default\" data-id=\"0934fef\" data-element_type=\"section\" data-e-type=\"section\" data-settings=\"{&quot;background_background&quot;:&quot;classic&quot;}\">\n\t\t\t\t\t\t\t<div class=\"elementor-background-overlay\"><\/div>\n\t\t\t\t\t\t\t<div class=\"elementor-container elementor-column-gap-no\">\n\t\t\t\t\t<div class=\"elementor-column elementor-col-100 elementor-top-column elementor-element elementor-element-2294f5b\" data-id=\"2294f5b\" data-element_type=\"column\" data-e-type=\"column\">\n\t\t\t<div class=\"elementor-widget-wrap elementor-element-populated\">\n\t\t\t\t\t\t<div class=\"elementor-element elementor-element-deb1b2e elementor-icon-list--layout-inline elementor-list-item-link-full_width elementor-widget elementor-widget-icon-list\" data-id=\"deb1b2e\" data-element_type=\"widget\" data-e-type=\"widget\" data-widget_type=\"icon-list.default\">\n\t\t\t\t\t\t\t<ul class=\"elementor-icon-list-items elementor-inline-items\">\n\t\t\t\t\t\t\t<li class=\"elementor-icon-list-item elementor-inline-item\">\n\t\t\t\t\t\t\t\t\t\t\t<a href=\"https:\/\/luyuemachinery.com\/de\/\">\n\n\t\t\t\t\t\t\t\t\t\t\t<span class=\"elementor-icon-list-text\">Heim-<\/span>\n\t\t\t\t\t\t\t\t\t\t\t<\/a>\n\t\t\t\t\t\t\t\t\t<\/li>\n\t\t\t\t\t\t\t\t<li class=\"elementor-icon-list-item elementor-inline-item\">\n\t\t\t\t\t\t\t\t\t\t\t<a href=\"#\">\n\n\t\t\t\t\t\t\t\t\t\t\t\t<span class=\"elementor-icon-list-icon\">\n\t\t\t\t\t\t\t<svg aria-hidden=\"true\" class=\"e-font-icon-svg e-fas-angle-right\" viewbox=\"0 0 256 512\" xmlns=\"http:\/\/www.w3.org\/2000\/svg\"><path d=\"M224.3 273l-136 136c-9.4 9.4-24.6 9.4-33.9 0l-22.6-22.6c-9.4-9.4-9.4-24.6 0-33.9l96.4-96.4-96.4-96.4c-9.4-9.4-9.4-24.6 0-33.9L54.3 103c9.4-9.4 24.6-9.4 33.9 0l136 136c9.5 9.4 9.5 24.6.1 34z\"><\/path><\/svg>\t\t\t\t\t\t<\/span>\n\t\t\t\t\t\t\t\t\t\t<span class=\"elementor-icon-list-text\">Datenschutzerkl\u00e4rung<\/span>\n\t\t\t\t\t\t\t\t\t\t\t<\/a>\n\t\t\t\t\t\t\t\t\t<\/li>\n\t\t\t\t\t\t<\/ul>\n\t\t\t\t\t\t<\/div>\n\t\t\t\t<div class=\"elementor-element elementor-element-afa9361 elementor-widget elementor-widget-heading\" data-id=\"afa9361\" data-element_type=\"widget\" data-e-type=\"widget\" data-widget_type=\"heading.default\">\n\t\t\t\t\t<h1 class=\"elementor-heading-title elementor-size-default\">Datenschutzerkl\u00e4rung<\/h1>\t\t\t\t<\/div>\n\t\t\t\t\t<\/div>\n\t\t<\/div>\n\t\t\t\t\t<\/div>\n\t\t<\/section>\n\t\t<div class=\"elementor-element elementor-element-4d25706 e-flex e-con-boxed e-con e-parent\" data-id=\"4d25706\" data-element_type=\"container\" data-e-type=\"container\">\n\t\t\t\t\t<div class=\"e-con-inner\">\n\t\t\t\t<div class=\"elementor-element elementor-element-945125c elementor-widget elementor-widget-text-editor\" data-id=\"945125c\" data-element_type=\"widget\" data-e-type=\"widget\" data-widget_type=\"text-editor.default\">\n\t\t\t\t\t\t\t\t\t<p><strong><b>Jining Luyue International Trade Co., Ltd.<\/b><\/strong>\u00a0verpflichtet sich, Ihre Privatsph\u00e4re zu sch\u00fctzen und Ihr Vertrauen zu verdienen. \u201cJining Luyue verkauft, handelt oder vermietet Ihre pers\u00f6nlichen Daten nicht an andere. Diese Richtlinie enth\u00e4lt die Datenschutzpraktiken f\u00fcr die Website \u201cJining Luyue. Wir verwenden die Informationen, die wir \u00fcber Sie auf der \u201cJining Luyue-Website\u201c sammeln, um Bestellungen zu bearbeiten und w\u00e4hrend der Nutzung unserer Produkte und Dienstleistungen eine Beziehung zu Ihnen aufrechtzuerhalten. Diese Richtlinie erkl\u00e4rt, wie Ihre pers\u00f6nlichen Daten gesch\u00fctzt sind. Es ist unsere Absicht, Ihnen so viel Kontrolle wie m\u00f6glich \u00fcber Ihre Privatsph\u00e4re und Ihre pers\u00f6nlichen Informationen und die Verwendung, die wir in unserem Unternehmen machen, zu geben.<\/p><h4><strong><b>Wie macht <\/b><\/strong><strong><b>Jining Luyue<\/b><\/strong><strong><b>\u00a0Meine Informationen verwenden?<\/b><\/strong><\/h4><p>Wir sammeln personenbezogene Daten, um uns ein qualitativ hochwertiges Benutzererlebnis zu bieten und Jining Luyue zu helfen, unsere Kunden besser zu verstehen. Jining Luyue verkauft, handelt oder vermietet Ihre pers\u00f6nlichen Daten nicht an andere. Die pers\u00f6nlichen Daten, die Sie uns zur Verf\u00fcgung stellen, erm\u00f6glichen Jining Luyue die Bearbeitung und Erf\u00fcllung Ihrer Anfrage f\u00fcr eine kostenlose Testversion des Jining Luyue-Schulungszentrums. Wir verwenden diese Informationen auch, wenn Sie unsere Produkte und Dienstleistungen bestellen, um Ihre Bestellung zu bearbeiten und abzuschlie\u00dfen und Sie \u00fcber Ihren Bestellstatus zu informieren.<br \/>1. Wir verwenden die pers\u00f6nlichen Daten, die Sie uns zur Verf\u00fcgung stellen, um Ihnen aktuelle Informationen zu Jining Luyue-Produkten und -Dienstleistungen zur Verf\u00fcgung zu stellen.<br \/>2. Wir k\u00f6nnen die gesammelten Informationen verwenden, um Sie von Zeit zu Zeit \u00fcber wichtige \u00c4nderungen der Funktionalit\u00e4t der Website, neue Jining Luyue-Dienste und -Produkte sowie Sonderangebote zu informieren, von denen wir glauben, dass Sie sie wertvoll finden werden.<br \/>3. Wenn Sie uns personenbezogene Daten zur Teilnahme an einem von Jining Luyue oder seinen Partnern gesponserten Wettbewerb oder einer Aktion zur Verf\u00fcgung stellen, verwenden wir diese Informationen, um den Wettbewerb zu verwalten und die Gewinner zu benachrichtigen. Wir speichern alle Informationen \u00fcber solche Wettbewerbe und Aktionen.<br \/>4. Wir liefern gezielte Werbung oder Werbeaktionen an unsere Kunden, indem wir die von Ihnen uns \u00fcbermittelten pers\u00f6nlichen Daten verwenden. Wir erlauben keine Werbekunden, Zugriff auf individuelle Kontoinformationen zu haben. Diese Anzeigen sind in der Regel Bannerwerbung und Werbe-E-Mails.<br \/>5. Wir untersuchen auch die demografischen Daten, Interessen und Verhaltensweisen unserer Nutzer anhand der Informationen, die Sie uns in unserem Online-Umfrage-Tool geben. Wir stellen diese Informationen zusammen oder anonym zusammen.<br \/>6. Wir verwenden die von uns gesammelten IP-Adressen, um unseren Werbetreibenden aggregierte oder anonyme Informationen zu melden.\u00a0<\/p><h4><strong><b>Wer sammelt Informationen?<\/b><\/strong><\/h4><p>Wenn Sie pers\u00f6nliche Informationen auf einer Jining Luyue-Website angeben, geben Sie diese Informationen nur mit Jining Luyue weiter, es sei denn, Ihnen wird ausdr\u00fccklich etwas anderes gesagt. Wenn ein anderes Unternehmen als Jining Luyue Ihre pers\u00f6nlichen Daten von unserer Website erfasst oder pflegt, wird Ihnen mitgeteilt, dass diese gesammelt oder \u00fcbertragen werden. Sie k\u00f6nnen sich immer daf\u00fcr entscheiden, die Informationen nicht zu teilen. Wenn andere Unternehmen als Jining Luyue-Sponsor-Aktionen auf der Jining Luyue-Website im Zusammenhang mit diesen Aktionen gesammelt werden, k\u00f6nnen sie dem Sponsor weitergegeben werden. In diesem Fall werden Sie erneut vor der Datenerhebung oder -\u00fcbermittlung benachrichtigt und k\u00f6nnen sich entscheiden, nicht teilzunehmen. Die meisten dieser Werbeaktionen sind auf Einwohner der USA oder Nordamerikas beschr\u00e4nkt. Wenn Sie unsere Website \u00fcber Links verlassen, um auf andere Websites von Drittanbietern zu gelangen, k\u00f6nnen diese Dritten Informationen \u00fcber Sie sammeln. Diese Datenschutzrichtlinie deckt nicht die Praktiken dieser Unternehmen ab.<\/p><h4><strong><b>tut <\/b><\/strong><strong><b>Jining Luyue<\/b><\/strong><strong><b>\u00a0Meine Informationen teilen?<\/b><\/strong><\/h4><p>Abgesehen von der in dieser Richtlinie angegebenen Richtlinie gibt Jining Luyue ohne Ihre Zustimmung keine Ihrer pers\u00f6nlichen Daten an Dritte weiter. Lesen Sie die folgenden Abschnitte, um mehr zu erfahren.<\/p><h4><strong><b>Andere Situationen<\/b><\/strong><\/h4><p>Jining Luyue kann Ihre Informationen auch offenlegen, wenn eine Offenlegung erforderlich ist, um jemanden zu identifizieren, zu kontaktieren oder rechtliche Schritte gegen jemanden einzuleiten, der unsere Rechte oder Eigentumsrechte, die Benutzerrechte oder andere Rechte verletzt oder beeintr\u00e4chtigt. Auf die gleiche Weise wird Jining Luyue Informationen offenlegen, wenn wir der Ansicht sind, dass die Offenlegung gesetzlich vorgeschrieben ist oder um ein rechtliches Verfahren einzuhalten, das auf Jining Luyue oder seiner Website bereitgestellt wird. Wir k\u00f6nnen Ihre pers\u00f6nlichen Daten in gutem Glauben offenlegen, dass wir unter zwingenden Umst\u00e4nden handeln m\u00fcssen, um die pers\u00f6nliche Sicherheit der Benutzer von Jining Luyue, seiner Website oder der \u00d6ffentlichkeit zu sch\u00fctzen.<\/p><h4><strong><b>Wie macht<\/b><\/strong><strong><b>Jining Luyue<\/b><\/strong><strong><b>\u00a0Sch\u00fctzen Sie Ihre Kreditkarten- und Finanzinformationen?<\/b><\/strong><\/h4><p>Wir verpflichten uns, den Datenschutz Ihrer Kreditkarten- und Finanzkontoinformationen zu sch\u00fctzen. Wir verkaufen, handeln oder vermieten Ihre Finanz- oder Kreditkarteninformationen nicht. Wir stellen diese Informationen ohne Ihre Erlaubnis niemandem zur Verf\u00fcgung. Wir k\u00f6nnen Werbetreibenden, Partnern, Lieferanten und anderen seri\u00f6sen Dritten statistische Daten \u00fcber unsere Kunden zur Verf\u00fcgung stellen. Diese Daten bestehen aus nur aggregierten oder anonymen Daten, die keine personenbezogenen Daten enthalten. Wir geben beispielsweise nicht bekannt, dass Sie ein bestimmtes Produkt gekauft haben, aber wir k\u00f6nnen Statistiken dar\u00fcber offenlegen, wie viele Kunden ein bestimmtes Produkt gekauft haben. Wenn Sie Kreditkarteninformationen auf unserer Website eingeben, \u00fcbertragen wir die Informationen in verschl\u00fcsselter Form mithilfe der SSL-Verschl\u00fcsselung (Secure Socket Layer) in Industriestandard.<\/p><h4><strong><b>Ihre Rechte in Bezug auf Ihre personenbezogenen Daten<\/b><\/strong><\/h4><p>Sie haben das Recht nach dieser Datenschutz- und Cookie-Richtlinie und sind gesetzlich, wenn Sie innerhalb der EU sind,:<\/p><p>-Anfrage des Zugriffs auf Ihre pers\u00f6nlichen Daten.\u00a0 Wenn Sie innerhalb der EU sind, k\u00f6nnen Sie eine Kopie der von uns gespeicherten personenbezogenen Daten erhalten und \u00fcberpr\u00fcfen, ob wir diese rechtm\u00e4\u00dfig verarbeiten.<br \/>-Antragskorrektur der personenbezogenen Daten, die wir \u00fcber Sie speichern.\u00a0 Dadurch k\u00f6nnen Sie unvollst\u00e4ndige oder ungenaue Informationen \u00fcber Sie korrigieren.<br \/>-L\u00f6schen Sie Ihre pers\u00f6nlichen Daten.\u00a0 Dies erm\u00f6glicht es Ihnen, personenbezogene Daten zu l\u00f6schen oder zu entfernen, wenn es keinen guten Grund gibt, dass wir sie weiterverarbeiten. Sie haben auch das Recht, wenn Sie innerhalb der EU sind, uns zu bitten, Ihre personenbezogenen Daten zu l\u00f6schen oder zu entfernen, wenn Sie Ihr Widerspruchsrecht ausge\u00fcbt haben (siehe unten).<br \/>-Objekt gegen die Verarbeitung Ihrer personenbezogenen Daten.\u00a0 Dieses Recht besteht dort, wo wir uns auf ein berechtigtes Interesse als Rechtsgrundlage f\u00fcr unsere Verarbeitung verlassen und es etwas mit Ihrer besonderen Situation zu tun hat, was Sie dazu bringt, der Verarbeitung Ihrer personenbezogenen Daten aus diesem Grund zu widersprechen. Sie haben auch das Recht, zu widersprechen, wo wir Ihre personenbezogenen Daten f\u00fcr Direktmarketingzwecke verarbeiten.<br \/>-Veranlassen Sie die Einschr\u00e4nkung der Verarbeitung Ihrer personenbezogenen Daten. Dies erm\u00f6glicht uns, die Verarbeitung personenbezogener Daten \u00fcber Sie auszusetzen, z. B. wenn Sie m\u00f6chten, dass wir deren Richtigkeit oder den Grund f\u00fcr die Verarbeitung feststellen.<br \/>-Anfrage der \u00dcbertragung Ihrer pers\u00f6nlichen Daten.\u00a0 Wenn Sie innerhalb der EU sind, werden wir Ihnen oder einem von Ihnen ausgew\u00e4hlten Dritten Ihre personenbezogenen Daten in einem strukturierten, allgemein verwendeten, maschinenlesbaren Format zur Verf\u00fcgung stellen. Beachten Sie, dass dieses Recht nur f\u00fcr automatisierte Informationen gilt, die Sie uns zun\u00e4chst zugestimmt haben, oder f\u00fcr die wir die Informationen zur Durchf\u00fchrung eines Vertrags mit Ihnen verwendet haben.<br \/>-Zustimmung ausziehen. Dieses Recht besteht nur dann, wenn wir auf die Zustimmung zur Verarbeitung Ihrer personenbezogenen Daten st\u00fctzen (\u201cEinwilligungsentzug\u201d). Wenn Sie Ihre Einwilligung widerrufen, k\u00f6nnen wir Ihnen m\u00f6glicherweise keinen Zugriff auf die bestimmten Funktionen unserer Website gew\u00e4hren. Wir werden Sie beraten, wenn dies zum Zeitpunkt der Widerrufsbewilligung der Fall ist<\/p><h4><strong><b>Beschwerden<\/b><\/strong><\/h4><p>Wenn Sie eine Beschwerde zu dieser Datenschutzrichtlinie oder unseren Praktiken in Bezug auf Ihre personenbezogenen Daten einreichen m\u00f6chten, wenden Sie sich bitte an:<span style=\"color: #800000;\"><a style=\"color: #800000;\" href=\"mailto:xingweiwang29@gmail.com\"><strong><b>xingweiwang29@gmail.com<\/b><\/strong><\/a><\/span><\/p><p>Wir werden Ihre Beschwerde so schnell wie m\u00f6glich beantworten.<\/p><p>Wenn Sie der Meinung sind, dass Ihre Beschwerde nicht angemessen gel\u00f6st wurde, beachten Sie bitte, dass Sie in der EU die DSGVO das Recht haben, sich an Ihre \u00f6rtliche Datenschutzaufsichtsbeh\u00f6rde zu wenden.<\/p><p>Logfiles: Die Protokolldatei wird von Ihrem Browser automatisch gemeldet, wenn Sie eine Webseite aufrufen. Wenn Sie die Dienste nutzen, zeichnen unsere Server automatisch bestimmte Informationen auf, die Ihr Webbrowser bei jedem Besuch einer Website sendet. Diese Server-Protokolle k\u00f6nnen Informationen wie Ihre Webanfrage, Internetprotokolladresse, Browsertyp, verweisende \/ beenden Seiten und URLs, Anzahl der Klicks, Domainnamen, Landingpages, Seiten angesehene Seiten und andere solche Informationen enthalten.<\/p><h4><strong><b>Wie lange speichern wir Ihre pers\u00f6nlichen Daten<\/b><\/strong><\/h4><p>Wir behalten Ihre Daten so lange auf, wie Ihr Konto aktiv ist oder die in der Verwendung Ihrer personenbezogenen Daten dargelegten Zwecke angemessen erforderlich sind und warum, es sei denn, Sie verlangen, dass wir Ihre personenbezogenen Daten gem\u00e4\u00df Ihren Rechten in Bezug auf Ihre personenbezogenen Daten entfernen. Wir speichern Ihre personenbezogenen Daten nur so lange, wie wir sie f\u00fcr diese Zwecke angemessen verwenden m\u00fcssen, es sei denn, eine l\u00e4ngere Aufbewahrungsfrist ist gesetzlich vorgeschrieben (z. B. f\u00fcr regulatorische Zwecke). Dies kann die Aufbewahrung Ihrer personenbezogenen Daten umfassen, nachdem Sie Ihr Konto f\u00fcr die Zeit, die wir ben\u00f6tigen, um legitime Gesch\u00e4ftsinteressen zu verfolgen, zu verfolgen, Audits durchzuf\u00fchren, gesetzliche Verpflichtungen einzuhalten (und demonstrieren), Streitigkeiten beizulegen und unsere Vereinbarungen durchzusetzen.<\/p><h3><strong><b>Was sind Cookies und wie?\u00a0<\/b><\/strong><strong><b>Jining Luyue<\/b><\/strong><strong><b>\u00a0Benutze sie?<\/b><\/strong><\/h3><p>Teile unseres Lernmanagementsystems verwenden \u201cCookies\u201d, damit ein Benutzer sofort erkannt und dann verschiedene Berechtigungen im System zugeordnet werden k\u00f6nnen. Ein \u201cCookie\u201d ist ein Datensatz, der von einem Webserver an Ihren Browser gesendet und von Ihrem Browser auf der Festplatte Ihres Computers gespeichert wird. Ihre Browsereinstellungen m\u00fcssen so eingestellt sein, dass sie Cookies akzeptieren, bevor Sie sich anmelden oder anpassen k\u00f6nnen. Die meisten Browser sind so eingerichtet, dass sie Cookies akzeptieren. In der Regel k\u00f6nnen Sie jedoch Ihre Browsereinstellungen \u00e4ndern, um sie abzulehnen. Jining Luyue verwendet keine Cookies, um pers\u00f6nliche Informationen \u00fcber Sie von Ihrem Computer abzurufen. Diese Richtlinie deckt nicht die Verwendung von Cookies durch Werbetreibende auf unserer Website.Jining Luyue verwendet Cookies, um:<\/p><ul><li>Suchen Sie Ihren Namen und Ihre Kontoinformationen, wenn Sie sich in Ihrem Jining LuyueTraining Center anmelden, damit Sie auf Ihre Kontoinformationen zugreifen k\u00f6nnen. Wenn Sie sich anmelden, wird das Cookie gesetzt und bei der Abmeldung wird das Cookie ge\u00e4ndert.<\/li><li>Sch\u00e4tzen Sie die Gr\u00f6\u00dfe unseres Publikums ein. Jeder Browser, der unsere Website besucht, erh\u00e4lt ein eindeutiges Cookie, das dann verwendet wird, um das Ausma\u00df der wiederholten Besuche und die Anzahl der eindeutigen Besucher zu bestimmen.<\/li><\/ul><h3><strong><b>Ihre Zustimmung<\/b><\/strong><\/h3><p>Durch die Nutzung unserer Website stimmen Sie der Erfassung und Verwendung dieser Informationen durch Jining Luyue zu. Wenn wir uns entscheiden, unsere Datenschutzrichtlinie zu \u00e4ndern, werden wir diese \u00c4nderungen auf dieser Seite ver\u00f6ffentlichen, damit Sie immer dar\u00fcber informiert sind, welche Informationen wir sammeln, wie wir sie verwenden und unter welchen Umst\u00e4nden wir sie offenlegen.<\/p><h4><strong><b>Opt-in \/ Opt-Out-Richtlinie<\/b><\/strong><\/h4><p>Nach der Registrierung oder Einreichung personenbezogener Daten bietet Jining Luyue Ihnen die Wahl, weitere Mitteilungen von Jining Luyue zu erhalten. Wenn Sie diese Mitteilungen erhalten, sendet Jining Luyue Ihnen gelegentlich E-Mails oder Post zu Produkten und Dienstleistungen, die Ihnen nach Ansicht \u00fcber Produkte und Dienstleistungen von Interesse sein k\u00f6nnten. Um diese Angebote nicht zu erhalten, folgen Sie einfach den Anweisungen der \u201cAbmeldung\u201d in jeder E-Mail.<\/p><p>Wenn Sie den Erhalt von Informationen von Jining Luyue lieber per E-Mail beenden m\u00f6chten, k\u00f6nnen Sie den Erhalt dieser Mitteilungen ablehnen, indem Sie die in jeder E-Mail enthaltenen Anweisungen befolgen. Wenn Sie den Empfang von Informationen von Jining Luyue Mail lieber nicht mehr erhalten m\u00f6chten, kontaktieren Sie uns unter\u00a0<strong><span style=\"color: #800000;\"><a style=\"color: #800000;\" href=\"mailto:xingweiwang29@gmail.com\">xingweiwang29@gmail.com.<\/a><\/span><\/strong> Jining Luyue verkauft, handelt oder vermietet Ihre pers\u00f6nlichen Daten nicht an andere.<\/p><h4><strong><b>Kontaktieren Sie die Website<\/b><\/strong><\/h4><p>Wenn Sie Fragen zu dieser Datenschutzrichtlinie, den Praktiken dieser Website oder zu Ihrem Umgang mit dieser Website haben, wenden Sie sich bitte an:<span style=\"color: #800000;\"><a style=\"color: #800000;\" href=\"mailto:xingweiwang29@gmail.com\"><strong><u><b>xingweiwang29@gmail.com<\/b><\/u><\/strong><\/a><\/span><\/p>\t\t\t\t\t\t\t\t<\/div>\n\t\t\t\t\t<\/div>\n\t\t\t\t<\/div>\n\t\t\t\t<\/div>","protected":false},"excerpt":{"rendered":"<p>Home Privacy Policy Privacy Policy Jining Luyue International Trade Co., Ltd\u00a0is committed to protecting your privacy and earning your trust. \u201cJining Luyue\u00a0does not sell, trade, or rent your personal information to others. This policy discloses the privacy practices for the \u201cJining Luyue\u00a0Web site. We use the information we collect about you from the \u201cJining Luyue\u00a0Web [&hellip;]<\/p>\n","protected":false},"author":1,"featured_media":0,"parent":0,"menu_order":0,"comment_status":"closed","ping_status":"closed","template":"","meta":{"footnotes":""},"class_list":["post-646","page","type-page","status-publish","hentry"],"_links":{"self":[{"href":"https:\/\/luyuemachinery.com\/de\/wp-json\/wp\/v2\/pages\/646","targetHints":{"allow":["GET"]}}],"collection":[{"href":"https:\/\/luyuemachinery.com\/de\/wp-json\/wp\/v2\/pages"}],"about":[{"href":"https:\/\/luyuemachinery.com\/de\/wp-json\/wp\/v2\/types\/page"}],"author":[{"embeddable":true,"href":"https:\/\/luyuemachinery.com\/de\/wp-json\/wp\/v2\/users\/1"}],"replies":[{"embeddable":true,"href":"https:\/\/luyuemachinery.com\/de\/wp-json\/wp\/v2\/comments?post=646"}],"version-history":[{"count":0,"href":"https:\/\/luyuemachinery.com\/de\/wp-json\/wp\/v2\/pages\/646\/revisions"}],"wp:attachment":[{"href":"https:\/\/luyuemachinery.com\/de\/wp-json\/wp\/v2\/media?parent=646"}],"curies":[{"name":"wp","href":"https:\/\/api.w.org\/{rel}","templated":true}]}}